{"id":416,"date":"2020-06-24T16:24:28","date_gmt":"2020-06-24T14:24:28","guid":{"rendered":"https:\/\/www.goehmann.de\/standorte\/"},"modified":"2020-09-23T11:35:49","modified_gmt":"2020-09-23T09:35:49","slug":"emplazamientos","status":"publish","type":"page","link":"https:\/\/www.goehmann.de\/es\/emplazamientos\/","title":{"rendered":"Emplazamientos"},"content":{"rendered":"<p>[et_pb_section fb_built=\u00bb1&#8243; fullwidth=\u00bbon\u00bb _builder_version=\u00bb4.6.1&#8243; _module_preset=\u00bbdefault\u00bb][et_pb_fullwidth_slider module_class=\u00bbstandorteUebersichtseiteSilder\u00bb _builder_version=\u00bb4.6.1&#8243; _module_preset=\u00bbdefault\u00bb background_enable_image=\u00bboff\u00bb hover_enabled=\u00bb0&#8243; sticky_enabled=\u00bb0&#8243;][et_pb_slide heading=\u00bbF\u00e1ciles de encontrar.\u00bb admin_title=\u00bbBerlin\u00bb _builder_version=\u00bb4.6.1&#8243; _module_preset=\u00bbdefault\u00bb background_image=\u00bbhttps:\/\/www.goehmann.de\/wp-content\/uploads\/2020\/08\/goehmann-berlin.jpg\u00bb background_enable_image=\u00bbon\u00bb hover_enabled=\u00bb0&#8243; sticky_transition=\u00bbon\u00bb background_enable_color=\u00bboff\u00bb sticky_enabled=\u00bb0&#8243;][\/et_pb_slide][et_pb_slide heading=\u00bbF\u00e1ciles de encontrar.\u00bb admin_title=\u00bbBraunschweig\u00bb _builder_version=\u00bb4.6.1&#8243; _module_preset=\u00bbdefault\u00bb background_enable_color=\u00bboff\u00bb background_image=\u00bbhttps:\/\/www.goehmann.de\/wp-content\/uploads\/2020\/08\/goehmann-braunschweig.jpg\u00bb background_enable_image=\u00bbon\u00bb sticky_transition=\u00bbon\u00bb][\/et_pb_slide][et_pb_slide heading=\u00bbF\u00e1ciles de encontrar.\u00bb _builder_version=\u00bb4.6.1&#8243; _module_preset=\u00bbdefault\u00bb hover_enabled=\u00bb0&#8243; sticky_transition=\u00bbon\u00bb background_enable_color=\u00bboff\u00bb title_text=\u00bbgoehmann-bremen-1&#8243; background_image=\u00bbhttps:\/\/www.goehmann.de\/wp-content\/uploads\/2020\/08\/goehmann-bremen-1.jpg\u00bb background_enable_image=\u00bbon\u00bb admin_title=\u00bbBremen\u00bb sticky_enabled=\u00bb0&#8243;][\/et_pb_slide][et_pb_slide heading=\u00bbF\u00e1ciles de encontrar.\u00bb _builder_version=\u00bb4.6.1&#8243; _module_preset=\u00bbdefault\u00bb hover_enabled=\u00bb0&#8243; sticky_transition=\u00bbon\u00bb admin_title=\u00bbFrankfurt am Main\u00bb background_enable_color=\u00bboff\u00bb title_text=\u00bbgoehmann-frankfurt\u00bb background_image=\u00bbhttps:\/\/www.goehmann.de\/wp-content\/uploads\/2020\/08\/goehmann-frankfurt.jpg\u00bb background_enable_image=\u00bbon\u00bb sticky_enabled=\u00bb0&#8243;][\/et_pb_slide][et_pb_slide heading=\u00bbF\u00e1ciles de encontrar.\u00bb _builder_version=\u00bb4.6.1&#8243; _module_preset=\u00bbdefault\u00bb hover_enabled=\u00bb0&#8243; sticky_transition=\u00bbon\u00bb admin_title=\u00bbHannover\u00bb background_enable_color=\u00bboff\u00bb title_text=\u00bbgoehmann-hannover\u00bb background_image=\u00bbhttps:\/\/www.goehmann.de\/wp-content\/uploads\/2020\/08\/goehmann-hannover.jpg\u00bb background_enable_image=\u00bbon\u00bb sticky_enabled=\u00bb0&#8243;][\/et_pb_slide][et_pb_slide heading=\u00bbF\u00e1ciles de encontrar.\u00bb _builder_version=\u00bb4.6.1&#8243; _module_preset=\u00bbdefault\u00bb hover_enabled=\u00bb0&#8243; sticky_transition=\u00bbon\u00bb background_enable_color=\u00bboff\u00bb title_text=\u00bbgoehmann-magdeburg\u00bb background_image=\u00bbhttps:\/\/www.goehmann.de\/wp-content\/uploads\/2020\/08\/goehmann-magdeburg.jpg\u00bb background_enable_image=\u00bbon\u00bb admin_title=\u00bbMagdeburg\u00bb sticky_enabled=\u00bb0&#8243;][\/et_pb_slide][et_pb_slide heading=\u00bbF\u00e1ciles de encontrar.\u00bb _builder_version=\u00bb4.6.1&#8243; _module_preset=\u00bbdefault\u00bb hover_enabled=\u00bb0&#8243; sticky_transition=\u00bbon\u00bb admin_title=\u00bbBarcelona\u00bb background_enable_color=\u00bboff\u00bb title_text=\u00bbgoehmann-barcelona\u00bb background_image=\u00bbhttps:\/\/www.goehmann.de\/wp-content\/uploads\/2020\/08\/goehmann-barcelona.jpg\u00bb background_enable_image=\u00bbon\u00bb sticky_enabled=\u00bb0&#8243;][\/et_pb_slide][\/et_pb_fullwidth_slider][\/et_pb_section][et_pb_section fb_built=\u00bb1&#8243; disabled_on=\u00bbon|on|on\u00bb module_class=\u00bbheaderbild\u00bb _builder_version=\u00bb4.6.1&#8243; _module_preset=\u00bbdefault\u00bb background_image=\u00bbhttps:\/\/www.goehmann.de\/wp-content\/uploads\/2020\/08\/goehmann-header06.jpg\u00bb disabled=\u00bbon\u00bb][et_pb_row _builder_version=\u00bb4.5.2&#8243; _module_preset=\u00bbdefault\u00bb][et_pb_column type=\u00bb4_4&#8243; _builder_version=\u00bb4.5.2&#8243; _module_preset=\u00bbdefault\u00bb][et_pb_divider show_divider=\u00bboff\u00bb _builder_version=\u00bb4.5.2&#8243; _module_preset=\u00bbdefault\u00bb height=\u00bb150px\u00bb][\/et_pb_divider][et_pb_text _builder_version=\u00bb4.5.2&#8243; _module_preset=\u00bbdefault\u00bb]F\u00e1ciles de encontrar.[\/et_pb_text][et_pb_divider show_divider=\u00bboff\u00bb _builder_version=\u00bb4.5.2&#8243; _module_preset=\u00bbdefault\u00bb height=\u00bb50px\u00bb][\/et_pb_divider][\/et_pb_column][\/et_pb_row][\/et_pb_section][et_pb_section fb_built=\u00bb1&#8243; _builder_version=\u00bb4.5.2&#8243; _module_preset=\u00bbdefault\u00bb][et_pb_row _builder_version=\u00bb4.5.2&#8243; _module_preset=\u00bbdefault\u00bb][et_pb_column type=\u00bb4_4&#8243; _builder_version=\u00bb4.5.2&#8243; _module_preset=\u00bbdefault\u00bb][et_pb_text _builder_version=\u00bb4.5.2&#8243; _module_preset=\u00bbdefault\u00bb]<\/p>\n<h1>Bienvenidos. Dondequiera que est\u00e9.<\/h1>\n<p>Para nosotros la proximidad con el cliente es m\u00e1s que una mera declaraci\u00f3n. En siete emplazamientos en Alemania y Espa\u00f1a estamos en medio de las sedes operativas de nuestros clientes. Integrados en una red que abarca los distintos emplazamientos, podemos garantizar tambi\u00e9n una fuerte presencia a nivel suprarregional. Con m\u00e1s de 80 abogados cualificados y con amables equipos in situ, su problema jur\u00eddico ya se hace de inmediato algo m\u00e1s llevadero.<\/p>\n<p><strong>F\u00e1ciles de encontrar. G\u00f6hmann.<\/strong>[\/et_pb_text][et_pb_code _builder_version=\u00bb4.5.2&#8243; _module_preset=\u00bbdefault\u00bb]<div class=\"standorteuebersicht\"><div class=\"standort-item\"><a href=\"https:\/\/www.goehmann.de\/es\/emplazamientos\/berlin\/\"><img decoding=\"async\" src=\"\/wp-content\/uploads\/2020\/08\/berlin-icon-1.svg\" alt=\"Icon Standort Berl\u00edn G\u00f6hmann\"><br><p>Berl\u00edn<\/p><\/a><\/div><div class=\"standort-item\"><a href=\"https:\/\/www.goehmann.de\/es\/emplazamientos\/braunschweig\/\"><img decoding=\"async\" src=\"\/wp-content\/uploads\/2020\/08\/braunschweig-icon-1.svg\" alt=\"Icon Standort Braunschweig G\u00f6hmann\"><br><p>Braunschweig<\/p><\/a><\/div><div class=\"standort-item\"><a href=\"https:\/\/www.goehmann.de\/es\/emplazamientos\/bremen\/\"><img decoding=\"async\" src=\"\/wp-content\/uploads\/2020\/08\/bremen-icon.svg\" alt=\"Icon Standort Bremen G\u00f6hmann\"><br><p>Bremen<\/p><\/a><\/div><div class=\"standort-item\"><a href=\"https:\/\/www.goehmann.de\/es\/emplazamientos\/francfort-del-meno\/\"><img decoding=\"async\" src=\"\/wp-content\/uploads\/2020\/08\/frankfurt-icon.svg\" alt=\"Icon Standort Fr\u00e1ncfort del Meno G\u00f6hmann\"><br><p>Fr\u00e1ncfort del Meno<\/p><\/a><\/div><div class=\"standort-item\"><a href=\"https:\/\/www.goehmann.de\/es\/emplazamientos\/hanover\/\"><img decoding=\"async\" src=\"\/wp-content\/uploads\/2020\/08\/hannover-icon.svg\" alt=\"Icon Standort Han\u00f3ver G\u00f6hmann\"><br><p>Han\u00f3ver<\/p><\/a><\/div><div class=\"standort-item\"><a href=\"https:\/\/www.goehmann.de\/es\/emplazamientos\/magdeburgo\/\"><img decoding=\"async\" src=\"\/wp-content\/uploads\/2020\/08\/magdeburg-icon.svg\" alt=\"Icon Standort Magdeburgo G\u00f6hmann\"><br><p>Magdeburgo<\/p><\/a><\/div><div class=\"standort-item\"><a href=\"https:\/\/www.goehmann.de\/es\/emplazamientos\/barcelona\/\"><img decoding=\"async\" src=\"\/wp-content\/uploads\/2020\/08\/barcelona-icon.svg\" alt=\"Icon Standort Barcelona G\u00f6hmann\"><br><p>Barcelona<\/p><\/a><\/div><div class=\"standort-item kontakt\"><a href=\"\/es\/contacto\/\"><img decoding=\"async\" src=\"\/wp-content\/uploads\/2020\/08\/kontakt-icon.svg\" alt=\"Icon Kontakt G\u00f6hmann\"><br><p>Contacto<\/p><\/a><\/div><\/div>[\/et_pb_code][\/et_pb_column][\/et_pb_row][\/et_pb_section]<\/p>\n","protected":false},"excerpt":{"rendered":"<p>F\u00e1ciles de encontrar.Bienvenidos. Dondequiera que est\u00e9. Para nosotros la proximidad con el cliente es m\u00e1s que una mera declaraci\u00f3n. En siete emplazamientos en Alemania y Espa\u00f1a estamos en medio de las sedes operativas de nuestros clientes. Integrados en una red que abarca los distintos emplazamientos, podemos garantizar tambi\u00e9n una fuerte presencia a nivel suprarregional. Con [&hellip;]<\/p>\n","protected":false},"author":1,"featured_media":0,"parent":0,"menu_order":0,"comment_status":"closed","ping_status":"closed","template":"","meta":{"_et_pb_use_builder":"on","_et_pb_old_content":"","_et_gb_content_width":"","inline_featured_image":false,"footnotes":""},"class_list":["post-416","page","type-page","status-publish","hentry"],"yoast_head":"<!-- This site is optimized with the Yoast SEO plugin v27.4 - https:\/\/yoast.com\/product\/yoast-seo-wordpress\/ -->\n<title>Ubicaciones de nuestro bufete de abogados para su protecci\u00f3n legal | Goehmann<\/title>\n<meta name=\"description\" content=\"Nuestro equipo para tu seguridad jur\u00eddica est\u00e1 a tu disposici\u00f3n en 6 ubicaciones en Alemania y otra en Barcelona. \u00a1Selecciona tu ubicaci\u00f3n!\" \/>\n<meta name=\"robots\" content=\"index, follow, max-snippet:-1, max-image-preview:large, max-video-preview:-1\" \/>\n<link rel=\"canonical\" href=\"https:\/\/www.goehmann.de\/es\/emplazamientos\/\" \/>\n<meta property=\"og:locale\" content=\"es_ES\" \/>\n<meta property=\"og:type\" content=\"article\" \/>\n<meta property=\"og:title\" content=\"Ubicaciones de nuestro bufete de abogados para su protecci\u00f3n legal | Goehmann\" \/>\n<meta property=\"og:description\" content=\"Nuestro equipo para tu seguridad jur\u00eddica est\u00e1 a tu disposici\u00f3n en 6 ubicaciones en Alemania y otra en Barcelona. \u00a1Selecciona tu ubicaci\u00f3n!\" \/>\n<meta property=\"og:url\" content=\"https:\/\/www.goehmann.de\/es\/emplazamientos\/\" \/>\n<meta property=\"og:site_name\" content=\"G\u00f6hmann\" \/>\n<meta property=\"article:modified_time\" content=\"2020-09-23T09:35:49+00:00\" \/>\n<meta name=\"twitter:card\" content=\"summary_large_image\" \/>\n<meta name=\"twitter:label1\" content=\"Tiempo de lectura\" \/>\n\t<meta name=\"twitter:data1\" content=\"3 minutos\" \/>\n<script type=\"application\/ld+json\" class=\"yoast-schema-graph\">{\"@context\":\"https:\\\/\\\/schema.org\",\"@graph\":[{\"@type\":\"WebPage\",\"@id\":\"https:\\\/\\\/www.goehmann.de\\\/es\\\/emplazamientos\\\/\",\"url\":\"https:\\\/\\\/www.goehmann.de\\\/es\\\/emplazamientos\\\/\",\"name\":\"Ubicaciones de nuestro bufete de abogados para su protecci\u00f3n legal | Goehmann\",\"isPartOf\":{\"@id\":\"https:\\\/\\\/www.goehmann.de\\\/es\\\/#website\"},\"datePublished\":\"2020-06-24T14:24:28+00:00\",\"dateModified\":\"2020-09-23T09:35:49+00:00\",\"description\":\"Nuestro equipo para tu seguridad jur\u00eddica est\u00e1 a tu disposici\u00f3n en 6 ubicaciones en Alemania y otra en Barcelona. \u00a1Selecciona tu ubicaci\u00f3n!\",\"breadcrumb\":{\"@id\":\"https:\\\/\\\/www.goehmann.de\\\/es\\\/emplazamientos\\\/#breadcrumb\"},\"inLanguage\":\"es\",\"potentialAction\":[{\"@type\":\"ReadAction\",\"target\":[\"https:\\\/\\\/www.goehmann.de\\\/es\\\/emplazamientos\\\/\"]}]},{\"@type\":\"BreadcrumbList\",\"@id\":\"https:\\\/\\\/www.goehmann.de\\\/es\\\/emplazamientos\\\/#breadcrumb\",\"itemListElement\":[{\"@type\":\"ListItem\",\"position\":1,\"name\":\"Startseite\",\"item\":\"https:\\\/\\\/www.goehmann.de\\\/es\\\/\"},{\"@type\":\"ListItem\",\"position\":2,\"name\":\"Emplazamientos\"}]},{\"@type\":\"WebSite\",\"@id\":\"https:\\\/\\\/www.goehmann.de\\\/es\\\/#website\",\"url\":\"https:\\\/\\\/www.goehmann.de\\\/es\\\/\",\"name\":\"G\u00f6hmann\",\"description\":\"Just another WordPress site\",\"potentialAction\":[{\"@type\":\"SearchAction\",\"target\":{\"@type\":\"EntryPoint\",\"urlTemplate\":\"https:\\\/\\\/www.goehmann.de\\\/es\\\/?s={search_term_string}\"},\"query-input\":{\"@type\":\"PropertyValueSpecification\",\"valueRequired\":true,\"valueName\":\"search_term_string\"}}],\"inLanguage\":\"es\"}]}<\/script>\n<!-- \/ Yoast SEO plugin. -->","yoast_head_json":{"title":"Ubicaciones de nuestro bufete de abogados para su protecci\u00f3n legal | Goehmann","description":"Nuestro equipo para tu seguridad jur\u00eddica est\u00e1 a tu disposici\u00f3n en 6 ubicaciones en Alemania y otra en Barcelona. \u00a1Selecciona tu ubicaci\u00f3n!","robots":{"index":"index","follow":"follow","max-snippet":"max-snippet:-1","max-image-preview":"max-image-preview:large","max-video-preview":"max-video-preview:-1"},"canonical":"https:\/\/www.goehmann.de\/es\/emplazamientos\/","og_locale":"es_ES","og_type":"article","og_title":"Ubicaciones de nuestro bufete de abogados para su protecci\u00f3n legal | Goehmann","og_description":"Nuestro equipo para tu seguridad jur\u00eddica est\u00e1 a tu disposici\u00f3n en 6 ubicaciones en Alemania y otra en Barcelona. \u00a1Selecciona tu ubicaci\u00f3n!","og_url":"https:\/\/www.goehmann.de\/es\/emplazamientos\/","og_site_name":"G\u00f6hmann","article_modified_time":"2020-09-23T09:35:49+00:00","twitter_card":"summary_large_image","twitter_misc":{"Tiempo de lectura":"3 minutos"},"schema":{"@context":"https:\/\/schema.org","@graph":[{"@type":"WebPage","@id":"https:\/\/www.goehmann.de\/es\/emplazamientos\/","url":"https:\/\/www.goehmann.de\/es\/emplazamientos\/","name":"Ubicaciones de nuestro bufete de abogados para su protecci\u00f3n legal | Goehmann","isPartOf":{"@id":"https:\/\/www.goehmann.de\/es\/#website"},"datePublished":"2020-06-24T14:24:28+00:00","dateModified":"2020-09-23T09:35:49+00:00","description":"Nuestro equipo para tu seguridad jur\u00eddica est\u00e1 a tu disposici\u00f3n en 6 ubicaciones en Alemania y otra en Barcelona. \u00a1Selecciona tu ubicaci\u00f3n!","breadcrumb":{"@id":"https:\/\/www.goehmann.de\/es\/emplazamientos\/#breadcrumb"},"inLanguage":"es","potentialAction":[{"@type":"ReadAction","target":["https:\/\/www.goehmann.de\/es\/emplazamientos\/"]}]},{"@type":"BreadcrumbList","@id":"https:\/\/www.goehmann.de\/es\/emplazamientos\/#breadcrumb","itemListElement":[{"@type":"ListItem","position":1,"name":"Startseite","item":"https:\/\/www.goehmann.de\/es\/"},{"@type":"ListItem","position":2,"name":"Emplazamientos"}]},{"@type":"WebSite","@id":"https:\/\/www.goehmann.de\/es\/#website","url":"https:\/\/www.goehmann.de\/es\/","name":"G\u00f6hmann","description":"Just another WordPress site","potentialAction":[{"@type":"SearchAction","target":{"@type":"EntryPoint","urlTemplate":"https:\/\/www.goehmann.de\/es\/?s={search_term_string}"},"query-input":{"@type":"PropertyValueSpecification","valueRequired":true,"valueName":"search_term_string"}}],"inLanguage":"es"}]}},"_links":{"self":[{"href":"https:\/\/www.goehmann.de\/es\/wp-json\/wp\/v2\/pages\/416","targetHints":{"allow":["GET"]}}],"collection":[{"href":"https:\/\/www.goehmann.de\/es\/wp-json\/wp\/v2\/pages"}],"about":[{"href":"https:\/\/www.goehmann.de\/es\/wp-json\/wp\/v2\/types\/page"}],"author":[{"embeddable":true,"href":"https:\/\/www.goehmann.de\/es\/wp-json\/wp\/v2\/users\/1"}],"replies":[{"embeddable":true,"href":"https:\/\/www.goehmann.de\/es\/wp-json\/wp\/v2\/comments?post=416"}],"version-history":[{"count":10,"href":"https:\/\/www.goehmann.de\/es\/wp-json\/wp\/v2\/pages\/416\/revisions"}],"predecessor-version":[{"id":2490,"href":"https:\/\/www.goehmann.de\/es\/wp-json\/wp\/v2\/pages\/416\/revisions\/2490"}],"wp:attachment":[{"href":"https:\/\/www.goehmann.de\/es\/wp-json\/wp\/v2\/media?parent=416"}],"curies":[{"name":"wp","href":"https:\/\/api.w.org\/{rel}","templated":true}]}}