{"id":330,"date":"2020-08-04T16:12:24","date_gmt":"2020-08-04T14:12:24","guid":{"rendered":"https:\/\/www.goehmann.de\/datenschutz\/"},"modified":"2025-01-09T09:30:07","modified_gmt":"2025-01-09T08:30:07","slug":"proteccion-adecuada","status":"publish","type":"page","link":"https:\/\/www.goehmann.de\/es\/proteccion-adecuada\/","title":{"rendered":"protecci\u00f3n adecuada"},"content":{"rendered":"<p>[et_pb_section fb_built=\u00bb1&#8243; module_class=\u00bbheaderbild\u00bb _builder_version=\u00bb4.16&#8243; _module_preset=\u00bbdefault\u00bb background_image=\u00bbhttps:\/\/www.goehmann.de\/wp-content\/uploads\/2020\/08\/goehmann-datenschutz.jpg\u00bb global_colors_info=\u00bb{}\u00bb][et_pb_row _builder_version=\u00bb4.16&#8243; _module_preset=\u00bbdefault\u00bb global_colors_info=\u00bb{}\u00bb][et_pb_column type=\u00bb4_4&#8243; _builder_version=\u00bb4.16&#8243; _module_preset=\u00bbdefault\u00bb global_colors_info=\u00bb{}\u00bb][et_pb_divider show_divider=\u00bboff\u00bb _builder_version=\u00bb4.16&#8243; _module_preset=\u00bbdefault\u00bb height=\u00bb150px\u00bb global_colors_info=\u00bb{}\u00bb][\/et_pb_divider][et_pb_text _builder_version=\u00bb4.16&#8243; _module_preset=\u00bbdefault\u00bb global_colors_info=\u00bb{}\u00bb]con la protecci\u00f3n adecuada.[\/et_pb_text][et_pb_divider show_divider=\u00bboff\u00bb _builder_version=\u00bb4.16&#8243; _module_preset=\u00bbdefault\u00bb height=\u00bb50px\u00bb global_colors_info=\u00bb{}\u00bb][\/et_pb_divider][\/et_pb_column][\/et_pb_row][\/et_pb_section][et_pb_section fb_built=\u00bb1&#8243; _builder_version=\u00bb4.16&#8243; _module_preset=\u00bbdefault\u00bb global_colors_info=\u00bb{}\u00bb][et_pb_row _builder_version=\u00bb4.16&#8243; _module_preset=\u00bbdefault\u00bb global_colors_info=\u00bb{}\u00bb][et_pb_column type=\u00bb4_4&#8243; _builder_version=\u00bb4.16&#8243; _module_preset=\u00bbdefault\u00bb global_colors_info=\u00bb{}\u00bb][et_pb_text _builder_version=\u00bb4.27.4&#8243; _module_preset=\u00bbdefault\u00bb hover_enabled=\u00bb0&#8243; global_colors_info=\u00bb{}\u00bb sticky_enabled=\u00bb0&#8243;]<\/p>\n<div class=\"section\">\n<div class=\"uk-container uk-container-center\">\n<div>\n<h1>Condiciones de uso<\/h1>\n<div id=\"node-209\" class=\"node node-page clearfix\">\n<div class=\"field field-name-body field-type-text-with-summary field-label-hidden\">\n<div class=\"field-items\">\n<div class=\"field-item even\">\n<p class=\"p1\"><strong>Responsabilidad sobre los contenidos<\/strong><\/p>\n<p>Toda la informaci\u00f3n en nuestro sitio web s\u00f3lo se realiza a t\u00edtulo informativo general y no representa un asesoramiento jur\u00eddico. Con su visita de nuestro sitio web no se constituye un mandato. Todos los contenidos de nuestra parte han sido elaborados con el mayor cuidado y probados antes de la publicaci\u00f3n, sin embargo, no es posible excluir completamente errores. Por lo tanto, no podemos asumir ning\u00fan tipo de garant\u00eda o seguridad por la veracidad, integridad y actualidad de la informaci\u00f3n proporcionada.<\/p>\n<p>Como prestador de servicios, seg\u00fan el art\u00edculo 7 inciso 1 TMG (Ley de medios alemana) somos responsables, con arreglo a las leyes generales, de los contenidos propios en estas p\u00e1ginas. Seg\u00fan los art\u00edculos 8 a 10 TMG no estamos obligados, sin embargos, a controlar informaci\u00f3n transmitida o almacenada por cuenta ajena o a investigar las circunstancias que indican una actividad ilegal. Quedan intactas las obligaciones de retirar o bloquear la utilizaci\u00f3n de la informaci\u00f3n, de conformidad con las leyes generales. Una responsabilidad al respecto es posible, sin embargo, s\u00f3lo a partir de la fecha concreta del conocimiento de una vulneraci\u00f3n. En caso de conocerse infracciones de la ley, naturalmente retiraremos inmediatamente dichos contenidos.<\/p>\n<p>Nos reservamos el derecho a cambiar, completar o borrar sin previo aviso partes individuales o toda la oferta en l\u00ednea o a detener temporal o definitivamente la publicaci\u00f3n. No existe un derecho a que se pongan a disposici\u00f3n determinados contenidos de la oferta en l\u00ednea.<\/p>\n<p><strong>Responsabilidades por enlaces<\/strong><\/p>\n<p>Nuestra oferta incluye enlaces a p\u00e1ginas web externas de terceros, que se encuentran fuera de nuestro \u00e1mbito de responsabilidad y sobre cuyo contenido y dise\u00f1o no tenemos influencia. Por ello, tampoco podemos asumir ninguna garant\u00eda sobre estos contenidos ajenos. Lo mismo vale para los contenidos y el dise\u00f1o de dichos sitios web externos que remiten a nuestro sitio web. Para los contenidos de las p\u00e1ginas enlazadas son responsables siempre los respectivos proveedores u operadores de esos sitios.<\/p>\n<p><strong>Derechos de autor<\/strong><\/p>\n<p>Los contenidos de nuestra p\u00e1gina web est\u00e1n protegidos. La reproducci\u00f3n, tratamiento, difusi\u00f3n y cualquier forma de uso fuera los l\u00edmites de la Ley de derechos de autor en medios electr\u00f3nicos y de publicaci\u00f3n de otro tipo estar\u00e1n sujetos a la autorizaci\u00f3n por escrito de cada autor o confeccionador. En la medida en que los contenidos de estas p\u00e1ginas no hayan sido elaborados por nosotros mismos, naturalmente ser\u00e1n respetados los Derechos de autor de terceros y, en particular, los contenidos de terceros ser\u00e1n identificados como tales. Sin embargo, si Vd. advirtiera una lesi\u00f3n de derechos, le rogamos que nos env\u00ede una indicaci\u00f3n al respecto. En caso de conocerse violaciones, retiraremos inmediatamente este tipo de contenidos.<\/p>\n<p><strong>Protecci\u00f3n de datos<\/strong><\/p>\n<p>El uso de nuestra p\u00e1gina web es, por principio, posible sin indicaci\u00f3n de datos personales. En la medida en que a trav\u00e9s de nuestro sitio web o de correo electr\u00f3nico nos env\u00ede datos personales (por ejemplo, nombre, direcci\u00f3n portal o de correo electr\u00f3nico), ello se llevar\u00e1 a cabo siempre sobre una base voluntaria y s\u00f3lo con el prop\u00f3sito vinculado a la introducci\u00f3n de sus datos. Estos datos son utilizados exclusivamente para la tramitaci\u00f3n de su pregunta o solicitud (como, por ejemplo, en lo que se refiere a ofertas de empleo o la suscripci\u00f3n del bolet\u00edn) y respetando siempre los reglamentos legales sobre protecci\u00f3n de datos. Tampoco se entregar\u00e1n a terceros estos datos sin su consentimiento expreso, salvo que la Ley nos obligue a ello. Tan pronto como desaparezca el fin de la recolecci\u00f3n y almacenamiento de sus datos personales, los borraremos en un plazo pr\u00f3ximo. Por lo dem\u00e1s, deseamos se\u00f1alar que la transmisi\u00f3n de datos en Internet (por ejemplo, en la comunicaci\u00f3n por correo electr\u00f3nico) se lleva a cabo de forma no asegurada y que, por lo tanto, puede presentar lagunas de seguridad, por lo que los datos pueden ser conocidos o distorsionados por personas no autorizadas.<\/p>\n<p>No est\u00e1 permitido utilizar los datos de contacto publicados en nuestro sitio web para enviar publicidad no expresamente solicitadas, materiales de informaci\u00f3n, cartas en cadena, correo basura y similares. Nos reservamos expresamente el derecho a emprender acciones legales en caso de env\u00edo de informaci\u00f3n no solicitada, por ejemplo, como spam mails.<\/p>\n<p><strong>Cookies<\/strong><\/p>\n<p>Para facilitarle una navegaci\u00f3n r\u00e1pida y, con ello, un uso c\u00f3modo de nuestro sitio web, utilizamos en nuestras p\u00e1ginas las llamadas \u201ccookies de sesi\u00f3n\u201d, peque\u00f1os archivos de texto que se colocan en el ordenador del usuario y que (en funci\u00f3n de la configuraci\u00f3n de su programa de navegaci\u00f3n) son anulados autom\u00e1ticamente cuando Vd. cierra la visita a nuestro sitio web y cierra el navegador. Por supuesto, puede denegar la aprobaci\u00f3n de \u201ccookies\u201d en la configuraci\u00f3n de su navegador (\u201cno aceptar cookies\u201d). T\u00e9ngase en cuenta que, en este caso, algunas funciones en l\u00ednea de nuestra oferta eventualmente ya no est\u00e1n a disposici\u00f3n o s\u00f3lo de lo est\u00e1n de forma limitada.<\/p>\n<p><strong>Declaraci\u00f3n de protecci\u00f3n de datos para la utilizaci\u00f3n de Piwik<\/strong><\/p>\n<p>Esta p\u00e1gina web usa la herramienta de an\u00e1lisis de p\u00e1ginas web Piwik, un software de libre acceso, para la evaluaci\u00f3n estad\u00edstica de los accesos de visitantes que nos permite un an\u00e1lisis del comportamiento de los visitantes y, sobre esta base, optimizar nuestro sitio web. Piwik utiliza los llamados \u201ccookies\u201d, es decir peque\u00f1os archivos de texto que son almacenados en su ordenador y que nos permiten un an\u00e1lisis de c\u00f3mo Vd. utilizaci\u00f3n la p\u00e1gina web. Con este fin, las informaciones de usos producidas por las cookies, en particular las p\u00e1ginas llamadas, el navegador utilizado, el sistema operativo de su ordenador, la \u201creferrer-URL\u201d (el sitio web llamado anteriormente), as\u00ed como una parte anonimizada (recortada) de su direcci\u00f3n IP, son transferidas a nuestros servidores y almacenadas para fines de uso. Su direcci\u00f3n IP es anonimizada sin tardanza en este proceso, es decir, despu\u00e9s del tratamiento y antes de su almacenamiento, de tal modo que usted permanece an\u00f3nimo para nosotros como usuario. Queda de esta manera excluida una asignaci\u00f3n de cada una de las llamadas de la p\u00e1gina a una persona identificable. Adem\u00e1s, la informaci\u00f3n producida por las cookies sobre el uso de que Vd. hace de nuestro sitio web no es transferida a otros servidores o entregada a terceros.<\/p>\n<p>Vd. puede impedir el almacenamiento de las cookies mediante la correspondiente configuraci\u00f3n del software de su navegador; le advertimos que, en este caso, eventualmente no podr\u00e1 utilizar en toda su amplitud todas las funciones de esa p\u00e1gina.<\/p>\n<p>Adem\u00e1s de ello, en cualquier momento es posible contradecir el almacenamiento y utilizaci\u00f3n de esos datos procedentes de su visita si usted no est\u00e1 de acuerdo con su almacenamiento y evaluaci\u00f3n por Piwik. En este caso, utilizando el rat\u00f3n, en la casilla debajo de este p\u00e1rrafo, puede usted impedir que se deposite una cookie de an\u00e1lisis de p\u00e1ginas en su navegador. A este respecto, en su navegador se deposita un llamado opt-out-cookie, que tiene como consecuencia que Piwik no recolecta datos de la sesi\u00f3n. Advertencia: si usted borra sus cookies, esto tiene como resultado que tambi\u00e9n el sistema opt-out-cookie es borrado y que eventualmente tiene que ser activado por Vd. si usted quiere evitar de nuevo una recopilaci\u00f3n de datos por Piwik.<\/p>\n<p class=\"p2\"><strong>Derecho a la informaci\u00f3n<\/strong><\/p>\n<p>Vd. tiene el derecho a recibir, en todo momento a petici\u00f3n y gratuitamente en forma escrita o por v\u00eda electr\u00f3nica, todas las informaciones sobre los datos personales almacenados sobre su persona. Por otra parte, tiene derecho a la correcci\u00f3n de datos inexactos y al bloqueo y borrado de sus datos personales. La solicitud de informaci\u00f3n, as\u00ed como la petici\u00f3n de rectificaci\u00f3n, bloqueo o supresi\u00f3n de los datos personales, se ha de dirigir a nosotros bien por escrito o por correo electr\u00f3nico utilizando los datos indicados en nuestra p\u00e1gina de contacto.<\/p>\n<p><strong>Eficacia legal de estas Condiciones de uso<\/strong><\/p>\n<p>Estas Condiciones de uso forman parte de nuestra oferta en l\u00ednea, desde la cual se remite a esta p\u00e1gina. Al usar nuestra p\u00e1gina web, Vd. se declara conforme con estas Condiciones de uso.<\/p>\n<p>Si alg\u00fan cap\u00edtulo individual de las disposiciones de estas Condiciones de uso se demuestra parcial o totalmente ineficaz, los restantes de este documento permanecen intactos en su contenido y eficacia. En lugar de las deposiciones ineficaces entran en vigor en esta caso las disposiciones legales.<\/p>\n<\/div>\n<\/div>\n<\/div>\n<\/div>\n<\/div>\n<div class=\"uk-grid\">\n<div class=\"uk-width-1-1\"><\/div>\n<\/div>\n<\/div>\n<\/div>\n<div id=\"footer\">\n<div class=\"uk-container uk-container-center uk-margin-large-top uk-margin-large-bottom\">\n<div class=\"uk-grid\" data-uk-grid-margin=\"\">\n<div class=\"uk-width-1-1 uk-row-first\"><\/div>\n<\/div>\n<\/div>\n<\/div>\n<p>[\/et_pb_text][\/et_pb_column][\/et_pb_row][\/et_pb_section]<\/p>\n","protected":false},"excerpt":{"rendered":"<p>con la protecci\u00f3n adecuada. Condiciones de uso Responsabilidad sobre los contenidos Toda la informaci\u00f3n en nuestro sitio web s\u00f3lo se realiza a t\u00edtulo informativo general y no representa un asesoramiento jur\u00eddico. Con su visita de nuestro sitio web no se constituye un mandato. Todos los contenidos de nuestra parte han sido elaborados con el mayor [&hellip;]<\/p>\n","protected":false},"author":1,"featured_media":0,"parent":0,"menu_order":0,"comment_status":"closed","ping_status":"closed","template":"","meta":{"_et_pb_use_builder":"on","_et_pb_old_content":"","_et_gb_content_width":"","inline_featured_image":false,"footnotes":""},"class_list":["post-330","page","type-page","status-publish","hentry"],"yoast_head":"<!-- This site is optimized with the Yoast SEO plugin v27.4 - https:\/\/yoast.com\/product\/yoast-seo-wordpress\/ -->\n<title>protecci\u00f3n adecuada - G\u00f6hmann<\/title>\n<meta name=\"robots\" content=\"index, follow, max-snippet:-1, max-image-preview:large, max-video-preview:-1\" \/>\n<link rel=\"canonical\" href=\"https:\/\/www.goehmann.de\/es\/proteccion-adecuada\/\" \/>\n<meta property=\"og:locale\" content=\"es_ES\" \/>\n<meta property=\"og:type\" content=\"article\" \/>\n<meta property=\"og:title\" content=\"protecci\u00f3n adecuada - G\u00f6hmann\" \/>\n<meta property=\"og:description\" content=\"con la protecci\u00f3n adecuada. Condiciones de uso Responsabilidad sobre los contenidos Toda la informaci\u00f3n en nuestro sitio web s\u00f3lo se realiza a t\u00edtulo informativo general y no representa un asesoramiento jur\u00eddico. Con su visita de nuestro sitio web no se constituye un mandato. Todos los contenidos de nuestra parte han sido elaborados con el mayor [&hellip;]\" \/>\n<meta property=\"og:url\" content=\"https:\/\/www.goehmann.de\/es\/proteccion-adecuada\/\" \/>\n<meta property=\"og:site_name\" content=\"G\u00f6hmann\" \/>\n<meta property=\"article:modified_time\" content=\"2025-01-09T08:30:07+00:00\" \/>\n<meta name=\"twitter:card\" content=\"summary_large_image\" \/>\n<meta name=\"twitter:label1\" content=\"Tiempo de lectura\" \/>\n\t<meta name=\"twitter:data1\" content=\"8 minutos\" \/>\n<script type=\"application\/ld+json\" class=\"yoast-schema-graph\">{\"@context\":\"https:\\\/\\\/schema.org\",\"@graph\":[{\"@type\":\"WebPage\",\"@id\":\"https:\\\/\\\/www.goehmann.de\\\/es\\\/proteccion-adecuada\\\/\",\"url\":\"https:\\\/\\\/www.goehmann.de\\\/es\\\/proteccion-adecuada\\\/\",\"name\":\"protecci\u00f3n adecuada - G\u00f6hmann\",\"isPartOf\":{\"@id\":\"https:\\\/\\\/www.goehmann.de\\\/es\\\/#website\"},\"datePublished\":\"2020-08-04T14:12:24+00:00\",\"dateModified\":\"2025-01-09T08:30:07+00:00\",\"breadcrumb\":{\"@id\":\"https:\\\/\\\/www.goehmann.de\\\/es\\\/proteccion-adecuada\\\/#breadcrumb\"},\"inLanguage\":\"es\",\"potentialAction\":[{\"@type\":\"ReadAction\",\"target\":[\"https:\\\/\\\/www.goehmann.de\\\/es\\\/proteccion-adecuada\\\/\"]}]},{\"@type\":\"BreadcrumbList\",\"@id\":\"https:\\\/\\\/www.goehmann.de\\\/es\\\/proteccion-adecuada\\\/#breadcrumb\",\"itemListElement\":[{\"@type\":\"ListItem\",\"position\":1,\"name\":\"Startseite\",\"item\":\"https:\\\/\\\/www.goehmann.de\\\/es\\\/\"},{\"@type\":\"ListItem\",\"position\":2,\"name\":\"protecci\u00f3n adecuada\"}]},{\"@type\":\"WebSite\",\"@id\":\"https:\\\/\\\/www.goehmann.de\\\/es\\\/#website\",\"url\":\"https:\\\/\\\/www.goehmann.de\\\/es\\\/\",\"name\":\"G\u00f6hmann\",\"description\":\"Just another WordPress site\",\"potentialAction\":[{\"@type\":\"SearchAction\",\"target\":{\"@type\":\"EntryPoint\",\"urlTemplate\":\"https:\\\/\\\/www.goehmann.de\\\/es\\\/?s={search_term_string}\"},\"query-input\":{\"@type\":\"PropertyValueSpecification\",\"valueRequired\":true,\"valueName\":\"search_term_string\"}}],\"inLanguage\":\"es\"}]}<\/script>\n<!-- \/ Yoast SEO plugin. -->","yoast_head_json":{"title":"protecci\u00f3n adecuada - G\u00f6hmann","robots":{"index":"index","follow":"follow","max-snippet":"max-snippet:-1","max-image-preview":"max-image-preview:large","max-video-preview":"max-video-preview:-1"},"canonical":"https:\/\/www.goehmann.de\/es\/proteccion-adecuada\/","og_locale":"es_ES","og_type":"article","og_title":"protecci\u00f3n adecuada - G\u00f6hmann","og_description":"con la protecci\u00f3n adecuada. Condiciones de uso Responsabilidad sobre los contenidos Toda la informaci\u00f3n en nuestro sitio web s\u00f3lo se realiza a t\u00edtulo informativo general y no representa un asesoramiento jur\u00eddico. Con su visita de nuestro sitio web no se constituye un mandato. Todos los contenidos de nuestra parte han sido elaborados con el mayor [&hellip;]","og_url":"https:\/\/www.goehmann.de\/es\/proteccion-adecuada\/","og_site_name":"G\u00f6hmann","article_modified_time":"2025-01-09T08:30:07+00:00","twitter_card":"summary_large_image","twitter_misc":{"Tiempo de lectura":"8 minutos"},"schema":{"@context":"https:\/\/schema.org","@graph":[{"@type":"WebPage","@id":"https:\/\/www.goehmann.de\/es\/proteccion-adecuada\/","url":"https:\/\/www.goehmann.de\/es\/proteccion-adecuada\/","name":"protecci\u00f3n adecuada - G\u00f6hmann","isPartOf":{"@id":"https:\/\/www.goehmann.de\/es\/#website"},"datePublished":"2020-08-04T14:12:24+00:00","dateModified":"2025-01-09T08:30:07+00:00","breadcrumb":{"@id":"https:\/\/www.goehmann.de\/es\/proteccion-adecuada\/#breadcrumb"},"inLanguage":"es","potentialAction":[{"@type":"ReadAction","target":["https:\/\/www.goehmann.de\/es\/proteccion-adecuada\/"]}]},{"@type":"BreadcrumbList","@id":"https:\/\/www.goehmann.de\/es\/proteccion-adecuada\/#breadcrumb","itemListElement":[{"@type":"ListItem","position":1,"name":"Startseite","item":"https:\/\/www.goehmann.de\/es\/"},{"@type":"ListItem","position":2,"name":"protecci\u00f3n adecuada"}]},{"@type":"WebSite","@id":"https:\/\/www.goehmann.de\/es\/#website","url":"https:\/\/www.goehmann.de\/es\/","name":"G\u00f6hmann","description":"Just another WordPress site","potentialAction":[{"@type":"SearchAction","target":{"@type":"EntryPoint","urlTemplate":"https:\/\/www.goehmann.de\/es\/?s={search_term_string}"},"query-input":{"@type":"PropertyValueSpecification","valueRequired":true,"valueName":"search_term_string"}}],"inLanguage":"es"}]}},"_links":{"self":[{"href":"https:\/\/www.goehmann.de\/es\/wp-json\/wp\/v2\/pages\/330","targetHints":{"allow":["GET"]}}],"collection":[{"href":"https:\/\/www.goehmann.de\/es\/wp-json\/wp\/v2\/pages"}],"about":[{"href":"https:\/\/www.goehmann.de\/es\/wp-json\/wp\/v2\/types\/page"}],"author":[{"embeddable":true,"href":"https:\/\/www.goehmann.de\/es\/wp-json\/wp\/v2\/users\/1"}],"replies":[{"embeddable":true,"href":"https:\/\/www.goehmann.de\/es\/wp-json\/wp\/v2\/comments?post=330"}],"version-history":[{"count":8,"href":"https:\/\/www.goehmann.de\/es\/wp-json\/wp\/v2\/pages\/330\/revisions"}],"predecessor-version":[{"id":5069,"href":"https:\/\/www.goehmann.de\/es\/wp-json\/wp\/v2\/pages\/330\/revisions\/5069"}],"wp:attachment":[{"href":"https:\/\/www.goehmann.de\/es\/wp-json\/wp\/v2\/media?parent=330"}],"curies":[{"name":"wp","href":"https:\/\/api.w.org\/{rel}","templated":true}]}}