{"id":262,"date":"2020-08-04T15:24:37","date_gmt":"2020-08-04T13:24:37","guid":{"rendered":"https:\/\/www.goehmann.de\/karriere\/"},"modified":"2025-03-11T11:13:51","modified_gmt":"2025-03-11T10:13:51","slug":"carrera","status":"publish","type":"page","link":"https:\/\/www.goehmann.de\/es\/carrera\/","title":{"rendered":"Carrera"},"content":{"rendered":"<p>[et_pb_section fb_built=\u00bb1&#8243; module_class=\u00bbheaderbild\u00bb _builder_version=\u00bb4.27.4&#8243; _module_preset=\u00bbdefault\u00bb background_image=\u00bbhttps:\/\/www.goehmann.de\/wp-content\/uploads\/2025\/01\/Goehmann_Berlin_HR-42_XL-scaled.jpg\u00bb custom_padding=\u00bb||200px||false|false\u00bb hover_enabled=\u00bb0&#8243; custom_css_main_element=\u00bbbackground-position-y: 70%;\u00bb global_colors_info=\u00bb{}\u00bb title_text=\u00bbGo\u0308hmann_Berlin_HR-42_XL\u00bb background_position=\u00bbtop_center\u00bb background_vertical_offset=\u00bb35%\u00bb sticky_enabled=\u00bb0&#8243;][et_pb_row _builder_version=\u00bb4.16&#8243; _module_preset=\u00bbdefault\u00bb global_colors_info=\u00bb{}\u00bb][et_pb_column type=\u00bb4_4&#8243; _builder_version=\u00bb4.16&#8243; _module_preset=\u00bbdefault\u00bb global_colors_info=\u00bb{}\u00bb][et_pb_divider show_divider=\u00bboff\u00bb _builder_version=\u00bb4.16&#8243; _module_preset=\u00bbdefault\u00bb height=\u00bb150px\u00bb global_colors_info=\u00bb{}\u00bb][\/et_pb_divider][et_pb_text _builder_version=\u00bb4.27.4&#8243; _module_preset=\u00bbdefault\u00bb hover_enabled=\u00bb0&#8243; global_colors_info=\u00bb{}\u00bb sticky_enabled=\u00bb0&#8243;][\/et_pb_text][et_pb_divider show_divider=\u00bboff\u00bb _builder_version=\u00bb4.16&#8243; _module_preset=\u00bbdefault\u00bb height=\u00bb50px\u00bb global_colors_info=\u00bb{}\u00bb][\/et_pb_divider][\/et_pb_column][\/et_pb_row][\/et_pb_section][et_pb_section fb_built=\u00bb1&#8243; _builder_version=\u00bb4.16&#8243; _module_preset=\u00bbdefault\u00bb background_color=\u00bb#ffffff\u00bb global_colors_info=\u00bb{}\u00bb][et_pb_row _builder_version=\u00bb4.16&#8243; _module_preset=\u00bbdefault\u00bb global_colors_info=\u00bb{}\u00bb][et_pb_column type=\u00bb4_4&#8243; _builder_version=\u00bb4.16&#8243; _module_preset=\u00bbdefault\u00bb global_colors_info=\u00bb{}\u00bb][et_pb_text _builder_version=\u00bb4.27.4&#8243; _module_preset=\u00bbdefault\u00bb custom_margin=\u00bb||50px||false|false\u00bb hover_enabled=\u00bb0&#8243; global_colors_info=\u00bb{}\u00bb sticky_enabled=\u00bb0&#8243;]<\/p>\n<h1 style=\"text-align: center;\">Inicie su carrera en G\u00d6HMANN:<br \/>\nForme parte de nuestro s\u00f3lido equipo.<\/h1>\n<p>[\/et_pb_text][et_pb_text _builder_version=\u00bb4.16&#8243; _module_preset=\u00bbdefault\u00bb global_colors_info=\u00bb{}\u00bb]<div id=\"lawyer-search\"><h2>B\u00fasqueda de Trabajo<\/h2><form class=\"search-lawyer\" method=\"post\" action=\"\/es\/oferta-de-empleo\/\"><input id=\"job\" type=\"text\" placeholder=\"T\u00edtulo profesional\" class=\"input name\" value=\"\" name=\"jobname\"><select id=\"standort\" class=\"input select\" name=\"standort\"><option value=\"\">Todos los emplazamientos<\/option><option value=\"476\">Barcelona<\/option><option value=\"470\">Berl\u00edn<\/option><option value=\"471\">Braunschweig<\/option><option value=\"472\">Bremen<\/option><option value=\"473\">Fr\u00e1ncfort del Meno<\/option><option value=\"474\">Han\u00f3ver<\/option><option value=\"475\">Magdeburgo<\/option><\/select><select id=\"kompetenz\" class=\"input select\" name=\"kompetenz\"><option value=\"\">Nuestras competencias<\/option><option value=\"439\">Derecho agrario<\/option><option value=\"453\">Derecho antimonopolios<\/option><option value=\"442\">Derecho bancario y de supervisi\u00f3n\/financiamiento<\/option><option value=\"441\">Derecho de arquitectos<\/option><option value=\"466\">Derecho de contrataci\u00f3n<\/option><option value=\"452\">Derecho de la propiedad intelectual y la competencia<\/option><option value=\"454\">Derecho de medios y de autor, tecnolog\u00eda y comunicaci\u00f3n<\/option><option value=\"445\">Derecho de protecci\u00f3n de datos<\/option><option value=\"467\">Derecho de seguros y derecho de responsabilidad civil<\/option><option value=\"447\">Derecho de sociedades<\/option><option value=\"448\">Derecho del arrendamiento comercial<\/option><option value=\"446\">Derecho energ\u00e9tico<\/option><option value=\"464\">Derecho espa\u00f1ol<\/option><option value=\"449\">Derecho inmobiliario y de la construcci\u00f3n<\/option><option value=\"440\">Derecho laboral<\/option><option value=\"455\">Derecho m\u00e9dico<\/option><option value=\"463\">Derecho sueco<\/option><option value=\"465\">Derecho tributario<\/option><option value=\"469\">Derecho tributario y econ\u00f3mico<\/option><option value=\"451\">Derechos econ\u00f3mico internacional<\/option><option value=\"468\">Distribuci\u00f3n \/ Comercio \/ Log\u00edstica<\/option><option value=\"462\">Gu\u00eda de procesos, jurisdici\u00f3n arbitral, soluci\u00f3n de conflictos<\/option><option value=\"450\">Insolvencia y reestructuraci\u00f3n<\/option><option value=\"444\">Investigaci\u00f3n de cumplimento<\/option><option value=\"459\">Ley de construcci\u00f3n y planificaci\u00f3n p\u00fablica<\/option><option value=\"460\">Ley de servicio p\u00fablico<\/option><option value=\"477\">Mergers & Acquisitions<\/option><option value=\"461\">Private Equity & Venture Capital<\/option><option value=\"458\">Sector p\u00fablico<\/option><option value=\"457\">Servicios notariales<\/option><option value=\"456\">Sucesi\u00f3n, fortuna, fundaciones, clientes privados<\/option><\/select><button type=\"submit\">B\u00fasqueda<\/button><\/form><\/div><br><br><div class=\"job-teaser\"><p class=\"notfound hinweis\">No se encontraron resultados<\/p><p class=\"notfound hinweiszusatz\">Alle Stellenangebote:<\/p><\/div>[\/et_pb_text][\/et_pb_column][\/et_pb_row][\/et_pb_section][et_pb_section fb_built=\u00bb1&#8243; _builder_version=\u00bb4.16&#8243; _module_preset=\u00bbdefault\u00bb background_color=\u00bb#e3e3e3&#8243; global_colors_info=\u00bb{}\u00bb][et_pb_row _builder_version=\u00bb4.16&#8243; _module_preset=\u00bbdefault\u00bb global_colors_info=\u00bb{}\u00bb][et_pb_column type=\u00bb4_4&#8243; _builder_version=\u00bb4.16&#8243; _module_preset=\u00bbdefault\u00bb global_colors_info=\u00bb{}\u00bb][et_pb_text module_class=\u00bbbluelink\u00bb _builder_version=\u00bb4.16&#8243; _module_preset=\u00bbdefault\u00bb global_colors_info=\u00bb{}\u00bb]<\/p>\n<h1>Su camino<\/h1>\n<p>\u00bfUd. desea cambiar algo, puede entusiasmar a personas y tiene pasi\u00f3n por la profesi\u00f3n de la abogac\u00eda? Le ofrecemos espacio para su creatividad, actividad flexible y trabajo internacional en una sociedad civil profesional con proyecci\u00f3n de futuro.<\/p>\n<p>El asesoramiento jur\u00eddico excelente y la satisfacci\u00f3n de nuestros clientes son de vital importancia para nosotros. Los servicios de primera categor\u00eda requieren un entorno en el que haya un desaf\u00edo intelectual y que, al mismo tiempo, ofrezca espacios libres y posibilidades de creaci\u00f3n. Por esta raz\u00f3n, en G\u00d6HMANN es de gran importancia fomentar individualmente a colaboradoras y colaboradores. Iniciativa propia, transparencia, igualdad, lealtad y confianza son los valores centrales de nuestro trabajo. Le ofrecemos un sugestivo campo de actividades, mandatos que suponen un desaf\u00edo para Ud. y un ambiente de trabajo agradable. Carreras profesionales flexibles compatibles con la vida social y familiar.. Con el \u00e9xito en la colaboraci\u00f3n personal y profesional, puede tener lugar, tras pocos a\u00f1os, el Ingreso en la Sociedad como socio.<\/p>\n<p>Apostamos por las relaciones de plena confianza a largo plazo con nuestras colaboradoras y colaboradores. Atenci\u00f3n individualizada, posibilidades intensivas de perfeccionamiento y formaci\u00f3n permanente son tan importantes para nosotros como los asesoramientos personales acerca de los pr\u00f3ximos pasos en su carrera.<\/p>\n<p>G\u00d6HMANN es tambi\u00e9n una empresa en la que se imparte formaci\u00f3n profesional. Ofrecemos regularmente plazas para pasant\u00edas en la estaci\u00f3n de abogados y en la estaci\u00f3n de libre elecci\u00f3n. Una pasant\u00eda ofrece una oportunidad \u00fanica para conocernos mutuamente. Con frecuencia, de ello resulta una larga cooperaci\u00f3n.<\/p>\n<p>Env\u00edenos una solicitud informativa por iniciativa libre, directamente a las personas de contacto de nuestros establecimientos:<\/p>\n<ul>\n<li style=\"list-style-type: none;\">\n<ul>\n<li>Barcelona, <a href=\"https:\/\/www.goehmann.de\/es\/abogados\/oliver-wiethaus\/\">Oliver Wiethaus<\/a><\/li>\n<li>Berl\u00edn, <a href=\"https:\/\/www.goehmann.de\/es\/abogados\/carsten-lorenz\">Carsten Lorenz<\/a><\/li>\n<li>Braunschweig, <a href=\"https:\/\/www.goehmann.de\/es\/abogados\/henning-rauls\">Dr. Henning Rauls<\/a><\/li>\n<li>Bremen, <a href=\"https:\/\/www.goehmann.de\/es\/abogados\/teemu-tietje\">Dr. Teemu Tietje<\/a><\/li>\n<li>Fr\u00e1ncfort del Meno, <a href=\"https:\/\/www.goehmann.de\/es\/abogados\/ilka-heigl\">Dr. Ilka Heigl<\/a><\/li>\n<li>Han\u00f3ver, <a href=\"https:\/\/www.goehmann.de\/es\/abogados\/ralf-stoetzel\">Ralf St\u00f6tzel<\/a><\/li>\n<li>Magdeburgo, <a href=\"https:\/\/www.goehmann.de\/es\/abogados\/peter-gross\">Peter Gro\u00df<\/a><\/li>\n<\/ul>\n<\/li>\n<\/ul>\n<p>[\/et_pb_text][\/et_pb_column][\/et_pb_row][\/et_pb_section]<\/p>\n","protected":false},"excerpt":{"rendered":"<p>Inicie su carrera en G\u00d6HMANN: Forme parte de nuestro s\u00f3lido equipo.<div id=\"lawyer-search\"><h2>B\u00fasqueda de Trabajo<\/h2><form class=\"search-lawyer\" method=\"post\" action=\"\/es\/oferta-de-empleo\/\"><input id=\"job\" type=\"text\" placeholder=\"T\u00edtulo profesional\" class=\"input name\" value=\"\" name=\"jobname\"><select id=\"standort\" class=\"input select\" name=\"standort\"><option value=\"\">Todos los emplazamientos<\/option><option value=\"476\">Barcelona<\/option><option value=\"470\">Berl\u00edn<\/option><option value=\"471\">Braunschweig<\/option><option value=\"472\">Bremen<\/option><option value=\"473\">Fr\u00e1ncfort del Meno<\/option><option value=\"474\">Han\u00f3ver<\/option><option value=\"475\">Magdeburgo<\/option><\/select><select id=\"kompetenz\" class=\"input select\" name=\"kompetenz\"><option value=\"\">Nuestras competencias<\/option><option value=\"439\">Derecho agrario<\/option><option value=\"453\">Derecho antimonopolios<\/option><option value=\"442\">Derecho bancario y de supervisi\u00f3n\/financiamiento<\/option><option value=\"441\">Derecho de arquitectos<\/option><option value=\"466\">Derecho de contrataci\u00f3n<\/option><option value=\"452\">Derecho de la propiedad intelectual y la competencia<\/option><option value=\"454\">Derecho de medios y de autor, tecnolog\u00eda y comunicaci\u00f3n<\/option><option value=\"445\">Derecho de protecci\u00f3n de datos<\/option><option value=\"467\">Derecho de seguros y derecho de responsabilidad civil<\/option><option value=\"447\">Derecho de sociedades<\/option><option value=\"448\">Derecho del arrendamiento comercial<\/option><option value=\"446\">Derecho energ\u00e9tico<\/option><option value=\"464\">Derecho espa\u00f1ol<\/option><option value=\"449\">Derecho inmobiliario y de la construcci\u00f3n<\/option><option value=\"440\">Derecho laboral<\/option><option value=\"455\">Derecho m\u00e9dico<\/option><option value=\"463\">Derecho sueco<\/option><option value=\"465\">Derecho tributario<\/option><option value=\"469\">Derecho tributario y econ\u00f3mico<\/option><option value=\"451\">Derechos econ\u00f3mico internacional<\/option><option value=\"468\">Distribuci\u00f3n \/ Comercio \/ Log\u00edstica<\/option><option value=\"462\">Gu\u00eda de procesos, jurisdici\u00f3n arbitral, soluci\u00f3n de conflictos<\/option><option value=\"450\">Insolvencia y reestructuraci\u00f3n<\/option><option value=\"444\">Investigaci\u00f3n de cumplimento<\/option><option value=\"459\">Ley de construcci\u00f3n y planificaci\u00f3n p\u00fablica<\/option><option value=\"460\">Ley de servicio p\u00fablico<\/option><option value=\"477\">Mergers & Acquisitions<\/option><option value=\"461\">Private Equity & Venture Capital<\/option><option value=\"458\">Sector p\u00fablico<\/option><option value=\"457\">Servicios notariales<\/option><option value=\"456\">Sucesi\u00f3n, fortuna, fundaciones, clientes privados<\/option><\/select><button type=\"submit\">B\u00fasqueda<\/button><\/form><\/div><br><br><div class=\"job-teaser\"><p class=\"notfound hinweis\">No se encontraron resultados<\/p><p class=\"notfound hinweiszusatz\">Alle Stellenangebote:<\/p><\/div>Su camino \u00bfUd. desea cambiar algo, puede entusiasmar a personas y tiene pasi\u00f3n por la profesi\u00f3n de la abogac\u00eda? Le ofrecemos espacio para su creatividad, actividad flexible y trabajo internacional en una sociedad civil profesional con proyecci\u00f3n de futuro. El asesoramiento jur\u00eddico excelente y [&hellip;]<\/p>\n","protected":false},"author":1,"featured_media":0,"parent":0,"menu_order":0,"comment_status":"closed","ping_status":"closed","template":"","meta":{"_et_pb_use_builder":"on","_et_pb_old_content":"","_et_gb_content_width":"","inline_featured_image":false,"footnotes":""},"class_list":["post-262","page","type-page","status-publish","hentry"],"yoast_head":"<!-- This site is optimized with the Yoast SEO plugin v27.4 - https:\/\/yoast.com\/product\/yoast-seo-wordpress\/ -->\n<title>Carrera como abogado | \u00a1Completa nuestro s\u00f3lido equipo!<\/title>\n<meta name=\"description\" content=\"\u00bfTiene pasi\u00f3n y entusiasmo por la abogac\u00eda? Entonces tienes raz\u00f3n con nosotros. Completa nuestro s\u00f3lido equipo y post\u00falate a nosotros.\" \/>\n<meta name=\"robots\" content=\"index, follow, max-snippet:-1, max-image-preview:large, max-video-preview:-1\" \/>\n<link rel=\"canonical\" href=\"https:\/\/www.goehmann.de\/es\/carrera\/\" \/>\n<meta property=\"og:locale\" content=\"es_ES\" \/>\n<meta property=\"og:type\" content=\"article\" \/>\n<meta property=\"og:title\" content=\"Carrera como abogado | \u00a1Completa nuestro s\u00f3lido equipo!\" \/>\n<meta property=\"og:description\" content=\"\u00bfTiene pasi\u00f3n y entusiasmo por la abogac\u00eda? Entonces tienes raz\u00f3n con nosotros. Completa nuestro s\u00f3lido equipo y post\u00falate a nosotros.\" \/>\n<meta property=\"og:url\" content=\"https:\/\/www.goehmann.de\/es\/carrera\/\" \/>\n<meta property=\"og:site_name\" content=\"G\u00f6hmann\" \/>\n<meta property=\"article:modified_time\" content=\"2025-03-11T10:13:51+00:00\" \/>\n<meta name=\"twitter:card\" content=\"summary_large_image\" \/>\n<meta name=\"twitter:label1\" content=\"Tiempo de lectura\" \/>\n\t<meta name=\"twitter:data1\" content=\"3 minutos\" \/>\n<script type=\"application\/ld+json\" class=\"yoast-schema-graph\">{\"@context\":\"https:\\\/\\\/schema.org\",\"@graph\":[{\"@type\":\"WebPage\",\"@id\":\"https:\\\/\\\/www.goehmann.de\\\/es\\\/carrera\\\/\",\"url\":\"https:\\\/\\\/www.goehmann.de\\\/es\\\/carrera\\\/\",\"name\":\"Carrera como abogado | \u00a1Completa nuestro s\u00f3lido equipo!\",\"isPartOf\":{\"@id\":\"https:\\\/\\\/www.goehmann.de\\\/es\\\/#website\"},\"datePublished\":\"2020-08-04T13:24:37+00:00\",\"dateModified\":\"2025-03-11T10:13:51+00:00\",\"description\":\"\u00bfTiene pasi\u00f3n y entusiasmo por la abogac\u00eda? Entonces tienes raz\u00f3n con nosotros. Completa nuestro s\u00f3lido equipo y post\u00falate a nosotros.\",\"breadcrumb\":{\"@id\":\"https:\\\/\\\/www.goehmann.de\\\/es\\\/carrera\\\/#breadcrumb\"},\"inLanguage\":\"es\",\"potentialAction\":[{\"@type\":\"ReadAction\",\"target\":[\"https:\\\/\\\/www.goehmann.de\\\/es\\\/carrera\\\/\"]}]},{\"@type\":\"BreadcrumbList\",\"@id\":\"https:\\\/\\\/www.goehmann.de\\\/es\\\/carrera\\\/#breadcrumb\",\"itemListElement\":[{\"@type\":\"ListItem\",\"position\":1,\"name\":\"Startseite\",\"item\":\"https:\\\/\\\/www.goehmann.de\\\/es\\\/\"},{\"@type\":\"ListItem\",\"position\":2,\"name\":\"Carrera\"}]},{\"@type\":\"WebSite\",\"@id\":\"https:\\\/\\\/www.goehmann.de\\\/es\\\/#website\",\"url\":\"https:\\\/\\\/www.goehmann.de\\\/es\\\/\",\"name\":\"G\u00f6hmann\",\"description\":\"Just another WordPress site\",\"potentialAction\":[{\"@type\":\"SearchAction\",\"target\":{\"@type\":\"EntryPoint\",\"urlTemplate\":\"https:\\\/\\\/www.goehmann.de\\\/es\\\/?s={search_term_string}\"},\"query-input\":{\"@type\":\"PropertyValueSpecification\",\"valueRequired\":true,\"valueName\":\"search_term_string\"}}],\"inLanguage\":\"es\"}]}<\/script>\n<!-- \/ Yoast SEO plugin. -->","yoast_head_json":{"title":"Carrera como abogado | \u00a1Completa nuestro s\u00f3lido equipo!","description":"\u00bfTiene pasi\u00f3n y entusiasmo por la abogac\u00eda? Entonces tienes raz\u00f3n con nosotros. Completa nuestro s\u00f3lido equipo y post\u00falate a nosotros.","robots":{"index":"index","follow":"follow","max-snippet":"max-snippet:-1","max-image-preview":"max-image-preview:large","max-video-preview":"max-video-preview:-1"},"canonical":"https:\/\/www.goehmann.de\/es\/carrera\/","og_locale":"es_ES","og_type":"article","og_title":"Carrera como abogado | \u00a1Completa nuestro s\u00f3lido equipo!","og_description":"\u00bfTiene pasi\u00f3n y entusiasmo por la abogac\u00eda? Entonces tienes raz\u00f3n con nosotros. Completa nuestro s\u00f3lido equipo y post\u00falate a nosotros.","og_url":"https:\/\/www.goehmann.de\/es\/carrera\/","og_site_name":"G\u00f6hmann","article_modified_time":"2025-03-11T10:13:51+00:00","twitter_card":"summary_large_image","twitter_misc":{"Tiempo de lectura":"3 minutos"},"schema":{"@context":"https:\/\/schema.org","@graph":[{"@type":"WebPage","@id":"https:\/\/www.goehmann.de\/es\/carrera\/","url":"https:\/\/www.goehmann.de\/es\/carrera\/","name":"Carrera como abogado | \u00a1Completa nuestro s\u00f3lido equipo!","isPartOf":{"@id":"https:\/\/www.goehmann.de\/es\/#website"},"datePublished":"2020-08-04T13:24:37+00:00","dateModified":"2025-03-11T10:13:51+00:00","description":"\u00bfTiene pasi\u00f3n y entusiasmo por la abogac\u00eda? Entonces tienes raz\u00f3n con nosotros. Completa nuestro s\u00f3lido equipo y post\u00falate a nosotros.","breadcrumb":{"@id":"https:\/\/www.goehmann.de\/es\/carrera\/#breadcrumb"},"inLanguage":"es","potentialAction":[{"@type":"ReadAction","target":["https:\/\/www.goehmann.de\/es\/carrera\/"]}]},{"@type":"BreadcrumbList","@id":"https:\/\/www.goehmann.de\/es\/carrera\/#breadcrumb","itemListElement":[{"@type":"ListItem","position":1,"name":"Startseite","item":"https:\/\/www.goehmann.de\/es\/"},{"@type":"ListItem","position":2,"name":"Carrera"}]},{"@type":"WebSite","@id":"https:\/\/www.goehmann.de\/es\/#website","url":"https:\/\/www.goehmann.de\/es\/","name":"G\u00f6hmann","description":"Just another WordPress site","potentialAction":[{"@type":"SearchAction","target":{"@type":"EntryPoint","urlTemplate":"https:\/\/www.goehmann.de\/es\/?s={search_term_string}"},"query-input":{"@type":"PropertyValueSpecification","valueRequired":true,"valueName":"search_term_string"}}],"inLanguage":"es"}]}},"_links":{"self":[{"href":"https:\/\/www.goehmann.de\/es\/wp-json\/wp\/v2\/pages\/262","targetHints":{"allow":["GET"]}}],"collection":[{"href":"https:\/\/www.goehmann.de\/es\/wp-json\/wp\/v2\/pages"}],"about":[{"href":"https:\/\/www.goehmann.de\/es\/wp-json\/wp\/v2\/types\/page"}],"author":[{"embeddable":true,"href":"https:\/\/www.goehmann.de\/es\/wp-json\/wp\/v2\/users\/1"}],"replies":[{"embeddable":true,"href":"https:\/\/www.goehmann.de\/es\/wp-json\/wp\/v2\/comments?post=262"}],"version-history":[{"count":9,"href":"https:\/\/www.goehmann.de\/es\/wp-json\/wp\/v2\/pages\/262\/revisions"}],"predecessor-version":[{"id":5633,"href":"https:\/\/www.goehmann.de\/es\/wp-json\/wp\/v2\/pages\/262\/revisions\/5633"}],"wp:attachment":[{"href":"https:\/\/www.goehmann.de\/es\/wp-json\/wp\/v2\/media?parent=262"}],"curies":[{"name":"wp","href":"https:\/\/api.w.org\/{rel}","templated":true}]}}