{"id":219,"date":"2020-08-04T14:48:56","date_gmt":"2020-08-04T12:48:56","guid":{"rendered":"https:\/\/www.goehmann.de\/notare\/"},"modified":"2025-03-11T11:00:28","modified_gmt":"2025-03-11T10:00:28","slug":"notarios","status":"publish","type":"page","link":"https:\/\/www.goehmann.de\/es\/notarios\/","title":{"rendered":"Notarios"},"content":{"rendered":"<p>[et_pb_section fb_built=\u00bb1&#8243; admin_label=\u00bbSektion\u00bb module_class=\u00bbheaderbild\u00bb _builder_version=\u00bb4.27.4&#8243; _module_preset=\u00bbdefault\u00bb background_image=\u00bbhttps:\/\/www.goehmann.de\/wp-content\/uploads\/2025\/01\/Goehmann-Rechtsanwaelte-Notare-Banner-web-scaled.jpg\u00bb hover_enabled=\u00bb0&#8243; global_colors_info=\u00bb{}\u00bb title_text=\u00bbGoehmann-Rechtsanwaelte-Notare-Banner-web\u00bb sticky_enabled=\u00bb0&#8243;][et_pb_row _builder_version=\u00bb4.16&#8243; _module_preset=\u00bbdefault\u00bb global_colors_info=\u00bb{}\u00bb][et_pb_column type=\u00bb4_4&#8243; _builder_version=\u00bb4.16&#8243; _module_preset=\u00bbdefault\u00bb global_colors_info=\u00bb{}\u00bb][et_pb_divider show_divider=\u00bboff\u00bb _builder_version=\u00bb4.16&#8243; _module_preset=\u00bbdefault\u00bb height=\u00bb150px\u00bb global_colors_info=\u00bb{}\u00bb][\/et_pb_divider][et_pb_text admin_label=\u00bbText\u00bb _builder_version=\u00bb4.27.4&#8243; _module_preset=\u00bbdefault\u00bb hover_enabled=\u00bb0&#8243; global_colors_info=\u00bb{}\u00bb sticky_enabled=\u00bb0&#8243;][\/et_pb_text][et_pb_divider show_divider=\u00bboff\u00bb _builder_version=\u00bb4.16&#8243; _module_preset=\u00bbdefault\u00bb height=\u00bb50px\u00bb global_colors_info=\u00bb{}\u00bb][\/et_pb_divider][\/et_pb_column][\/et_pb_row][\/et_pb_section][et_pb_section fb_built=\u00bb1&#8243; _builder_version=\u00bb4.16&#8243; _module_preset=\u00bbdefault\u00bb global_colors_info=\u00bb{}\u00bb][et_pb_row _builder_version=\u00bb4.16&#8243; _module_preset=\u00bbdefault\u00bb global_colors_info=\u00bb{}\u00bb][et_pb_column type=\u00bb4_4&#8243; _builder_version=\u00bb4.16&#8243; _module_preset=\u00bbdefault\u00bb global_colors_info=\u00bb{}\u00bb][et_pb_text _builder_version=\u00bb4.27.4&#8243; _module_preset=\u00bbdefault\u00bb hover_enabled=\u00bb0&#8243; global_colors_info=\u00bb{}\u00bb sticky_enabled=\u00bb0&#8243;]<\/p>\n<h1>Su asesoramiento notarial con confianza y previsi\u00f3n.<\/h1>\n<p>Con un total de 20 notarios en cuatro emplazamientos en la Rep\u00fablica Federal podemos hacernos cargo de los deseos de nuestros clientes de forma flexible y r\u00e1pida. Junto a la cl\u00e1sica certificaci\u00f3n de contratos de compraventa y de creaci\u00f3n de empresas, estamos preparados para asistir en complejos mandatos. As\u00ed, entre nuestros clientes se encuentra toda una serie de sociedades cotizadas en bolsa, a quienes asistimos en complicadas transacciones, reestructuraciones y asambleas generales.<\/p>\n<p><strong>Del borrador al documento final. G\u00f6hmann.<\/strong>[\/et_pb_text][\/et_pb_column][\/et_pb_row][et_pb_row _builder_version=\u00bb4.16&#8243; _module_preset=\u00bbdefault\u00bb global_colors_info=\u00bb{}\u00bb][et_pb_column type=\u00bb4_4&#8243; _builder_version=\u00bb4.16&#8243; _module_preset=\u00bbdefault\u00bb global_colors_info=\u00bb{}\u00bb][et_pb_text _builder_version=\u00bb4.16&#8243; _module_preset=\u00bbdefault\u00bb global_colors_info=\u00bb{}\u00bb]<div class=\"anwalt-list\"><div class=\"item\"><a href=\"https:\/\/www.goehmann.de\/es\/abogados\/stephan-boese\/\"><img decoding=\"async\" src=\"https:\/\/www.goehmann.de\/wp-content\/uploads\/2020\/08\/boese-s-023355-bs-thumb-1.jpg\" alt=\"G\u00f6hmann Anwalt Stephan Boese\" class=\"anwalt-full img\"><p class=\"name\">Dr. Stephan Boese LL.M. (Partner)<\/p><\/a><\/div><div class=\"item\"><a href=\"https:\/\/www.goehmann.de\/es\/abogados\/jan-heinrich-ehlers\/\"><img decoding=\"async\" src=\"https:\/\/www.goehmann.de\/wp-content\/uploads\/2020\/08\/Ehlers-Jan-Heinrich_650x600-72dpi.jpg\" alt=\"G\u00f6hmann Anwalt Jan-Heinrich  Ehlers\" class=\"anwalt-full img\"><p class=\"name\">Jan-Heinrich  Ehlers (Partner)<\/p><\/a><\/div><div class=\"item\"><a href=\"https:\/\/www.goehmann.de\/es\/abogados\/ralph-graef\/\"><img decoding=\"async\" src=\"https:\/\/www.goehmann.de\/wp-content\/uploads\/2020\/08\/graef-r-022918-bs-thumb-1.jpg\" alt=\"G\u00f6hmann Anwalt Ralph  Graef\" class=\"anwalt-full img\"><p class=\"name\">Ralph  Graef (Partner)<\/p><\/a><\/div><div class=\"item\"><a href=\"https:\/\/www.goehmann.de\/es\/abogados\/johannes-waitz\/\"><img decoding=\"async\" src=\"https:\/\/www.goehmann.de\/wp-content\/uploads\/2020\/08\/waitz-Jj-023008-bs-thumb-1.jpg\" alt=\"G\u00f6hmann Anwalt Johannes  Waitz\" class=\"anwalt-full img\"><p class=\"name\">Dr. Johannes  Waitz LL.M. (Partner)<\/p><\/a><\/div><div class=\"item\"><a href=\"https:\/\/www.goehmann.de\/es\/abogados\/hilke-voelker\/\"><img decoding=\"async\" src=\"https:\/\/www.goehmann.de\/wp-content\/uploads\/2020\/08\/voelker-h-1090-h-thumb-1.jpg\" alt=\"G\u00f6hmann Anwalt Hilke  V\u00f6lker\" class=\"anwalt-full img\"><p class=\"name\">Dr. Hilke  V\u00f6lker (Partnerin)<\/p><\/a><\/div><div class=\"item\"><a href=\"https:\/\/www.goehmann.de\/es\/abogados\/joachim-vogel\/\"><img decoding=\"async\" src=\"https:\/\/www.goehmann.de\/wp-content\/uploads\/2020\/08\/vogel-j-1204-h-thumb-1.jpg\" alt=\"G\u00f6hmann Anwalt  Joachim  Vogel\" class=\"anwalt-full img\"><p class=\"name\"> Joachim  Vogel (Partner)<\/p><\/a><\/div><div class=\"item\"><a href=\"https:\/\/www.goehmann.de\/es\/abogados\/reinhard-siesenop\/\"><img decoding=\"async\" src=\"https:\/\/www.goehmann.de\/wp-content\/uploads\/2020\/08\/siesenop-r-6507-hb-thumb-1.jpg\" alt=\"G\u00f6hmann Anwalt Reinhard  Siesenop\" class=\"anwalt-full img\"><p class=\"name\">Reinhard  Siesenop LL.M. (Partner)<\/p><\/a><\/div><div class=\"item\"><a href=\"https:\/\/www.goehmann.de\/es\/abogados\/gregor-segner\/\"><img decoding=\"async\" src=\"https:\/\/www.goehmann.de\/wp-content\/uploads\/2020\/08\/segner-g-8859-ffm-thumb-1.jpg\" alt=\"G\u00f6hmann Anwalt  Gregor  Segner\" class=\"anwalt-full img\"><p class=\"name\"> Gregor  Segner (Partner)<\/p><\/a><\/div><div class=\"item\"><a href=\"https:\/\/www.goehmann.de\/es\/abogados\/sebastian-scherrer\/\"><img decoding=\"async\" src=\"https:\/\/www.goehmann.de\/wp-content\/uploads\/2020\/08\/scherrer-s-1636-h-thumb-1.jpg\" alt=\"G\u00f6hmann Anwalt Sebastian  Scherrer\" class=\"anwalt-full img\"><p class=\"name\">Dr. Sebastian  Scherrer (Partner)<\/p><\/a><\/div><div class=\"item\"><a href=\"https:\/\/www.goehmann.de\/es\/abogados\/martin-notthoff\/\"><img decoding=\"async\" src=\"https:\/\/www.goehmann.de\/wp-content\/uploads\/2020\/08\/notthoff-m-prof-dr-0829-h-thumb-1-1.jpg\" alt=\"G\u00f6hmann Anwalt Martin Notthoff\" class=\"anwalt-full img\"><p class=\"name\">Prof. Dr. Martin Notthoff (Partner)<\/p><\/a><\/div><div class=\"item\"><a href=\"https:\/\/www.goehmann.de\/es\/abogados\/axel-mueller-eising\/\"><img decoding=\"async\" src=\"https:\/\/www.goehmann.de\/wp-content\/uploads\/2020\/08\/mueller-eising-0870-h-thumb-1.jpg\" alt=\"G\u00f6hmann Anwalt Axel M\u00fcller-Eising\" class=\"anwalt-full img\"><p class=\"name\">Axel M\u00fcller-Eising (Partner)<\/p><\/a><\/div><div class=\"item\"><a href=\"https:\/\/www.goehmann.de\/es\/abogados\/carsten-lorenz\/\"><img decoding=\"async\" src=\"https:\/\/www.goehmann.de\/wp-content\/uploads\/2020\/08\/lorenz-c-0563-h-thumb-1.jpg\" alt=\"G\u00f6hmann Anwalt Carsten  Lorenz\" class=\"anwalt-full img\"><p class=\"name\">Carsten  Lorenz (Partner)<\/p><\/a><\/div><div class=\"item\"><a href=\"https:\/\/www.goehmann.de\/es\/abogados\/ulrich-v-jeinsen\/\"><img decoding=\"async\" src=\"https:\/\/www.goehmann.de\/wp-content\/uploads\/2020\/08\/jeinsen-0380-h-thumb-1.jpg\" alt=\"G\u00f6hmann Anwalt Ulrich  Jeinsen\" class=\"anwalt-full img\"><p class=\"name\">Prof. Dr. Ulrich  Jeinsen (Partner)<\/p><\/a><\/div><div class=\"item\"><a href=\"https:\/\/www.goehmann.de\/es\/abogados\/peter-hoh-malewski\/\"><img decoding=\"async\" src=\"https:\/\/www.goehmann.de\/wp-content\/uploads\/2020\/08\/hoh-malewski-8027-ffm-thumb-1.jpg\" alt=\"G\u00f6hmann Anwalt Peter  Hoh-Malewski\" class=\"anwalt-full img\"><p class=\"name\">Dr. Peter  Hoh-Malewski (Partner)<\/p><\/a><\/div><div class=\"item\"><a href=\"https:\/\/www.goehmann.de\/es\/abogados\/ilka-heigl\/\"><img decoding=\"async\" src=\"https:\/\/www.goehmann.de\/wp-content\/uploads\/2026\/03\/Heigl-650x600-1.jpg\" alt=\"G\u00f6hmann Anwalt Ilka  Heigl\" class=\"anwalt-full img\"><p class=\"name\">Dr. Ilka  Heigl (Partnerin)<\/p><\/a><\/div><div class=\"item\"><a href=\"https:\/\/www.goehmann.de\/es\/abogados\/ulrich-haupt\/\"><img decoding=\"async\" src=\"https:\/\/www.goehmann.de\/wp-content\/uploads\/2020\/08\/haupt-ulrich-0638-h-thumb-1.jpg\" alt=\"G\u00f6hmann Anwalt Ulrich  Haupt\" class=\"anwalt-full img\"><p class=\"name\">Dr. Ulrich  Haupt (Partner)<\/p><\/a><\/div><div class=\"item\"><a href=\"https:\/\/www.goehmann.de\/es\/abogados\/florian-hartl\/\"><img decoding=\"async\" src=\"https:\/\/www.goehmann.de\/wp-content\/uploads\/2020\/08\/hartl-0216-h-thumb-1.jpg\" alt=\"G\u00f6hmann Anwalt Florian  Hartl\" class=\"anwalt-full img\"><p class=\"name\">Dr. Florian  Hartl LL.M. (Partner)<\/p><\/a><\/div><div class=\"item\"><a href=\"https:\/\/www.goehmann.de\/es\/abogados\/holger-haas\/\"><img decoding=\"async\" src=\"https:\/\/www.goehmann.de\/wp-content\/uploads\/2020\/08\/haas-h-8205-ffm-thumb-1.jpg\" alt=\"G\u00f6hmann Anwalt Holger  Haas\" class=\"anwalt-full img\"><p class=\"name\">Dr. Holger  Haas (Partner)<\/p><\/a><\/div><div class=\"item\"><a href=\"https:\/\/www.goehmann.de\/es\/abogados\/corinna-neumann\/\"><img decoding=\"async\" src=\"https:\/\/www.goehmann.de\/wp-content\/uploads\/2020\/08\/Neumann-Fr-650x600-72dpi-1.jpg\" alt=\"G\u00f6hmann Anwalt Corinna  Neumann\" class=\"anwalt-full img\"><p class=\"name\">Dr. Corinna  Neumann (Partnerin)<\/p><\/a><\/div><div class=\"item\"><a href=\"https:\/\/www.goehmann.de\/es\/abogados\/raimund-mehwald-hoffmann\/\"><img decoding=\"async\" src=\"https:\/\/www.goehmann.de\/wp-content\/uploads\/2020\/08\/mehwald-hb-thumb-1.jpg\" alt=\"G\u00f6hmann Anwalt Raimund Mehwald-Hoffmann\" class=\"anwalt-full img\"><p class=\"name\">Raimund Mehwald-Hoffmann (Partner)<\/p><\/a><\/div><\/div>[\/et_pb_text][\/et_pb_column][\/et_pb_row][\/et_pb_section]<\/p>\n","protected":false},"excerpt":{"rendered":"<p>Su asesoramiento notarial con confianza y previsi\u00f3n. Con un total de 20 notarios en cuatro emplazamientos en la Rep\u00fablica Federal podemos hacernos cargo de los deseos de nuestros clientes de forma flexible y r\u00e1pida. Junto a la cl\u00e1sica certificaci\u00f3n de contratos de compraventa y de creaci\u00f3n de empresas, estamos preparados para asistir en complejos mandatos. [&hellip;]<\/p>\n","protected":false},"author":1,"featured_media":0,"parent":0,"menu_order":0,"comment_status":"closed","ping_status":"closed","template":"","meta":{"_et_pb_use_builder":"on","_et_pb_old_content":"","_et_gb_content_width":"","inline_featured_image":false,"footnotes":""},"class_list":["post-219","page","type-page","status-publish","hentry"],"yoast_head":"<!-- This site is optimized with the Yoast SEO plugin v27.4 - https:\/\/yoast.com\/product\/yoast-seo-wordpress\/ -->\n<title>Notarios G\u00f6hmann | Soporte sensible para mandatos complejos<\/title>\n<meta name=\"description\" content=\"Nuestros notarios te apoyan y atienden con los m\u00e1s variados tipos de mandatos y servicios notariales. \u00a1P\u00f3ngase en contacto con nosotros hoy!\" \/>\n<meta name=\"robots\" content=\"index, follow, max-snippet:-1, max-image-preview:large, max-video-preview:-1\" \/>\n<link rel=\"canonical\" href=\"https:\/\/www.goehmann.de\/es\/notarios\/\" \/>\n<meta property=\"og:locale\" content=\"es_ES\" \/>\n<meta property=\"og:type\" content=\"article\" \/>\n<meta property=\"og:title\" content=\"Notarios G\u00f6hmann | Soporte sensible para mandatos complejos\" \/>\n<meta property=\"og:description\" content=\"Nuestros notarios te apoyan y atienden con los m\u00e1s variados tipos de mandatos y servicios notariales. \u00a1P\u00f3ngase en contacto con nosotros hoy!\" \/>\n<meta property=\"og:url\" content=\"https:\/\/www.goehmann.de\/es\/notarios\/\" \/>\n<meta property=\"og:site_name\" content=\"G\u00f6hmann\" \/>\n<meta property=\"article:modified_time\" content=\"2025-03-11T10:00:28+00:00\" \/>\n<meta name=\"twitter:card\" content=\"summary_large_image\" \/>\n<meta name=\"twitter:label1\" content=\"Tiempo de lectura\" \/>\n\t<meta name=\"twitter:data1\" content=\"2 minutos\" \/>\n<script type=\"application\/ld+json\" class=\"yoast-schema-graph\">{\"@context\":\"https:\\\/\\\/schema.org\",\"@graph\":[{\"@type\":\"WebPage\",\"@id\":\"https:\\\/\\\/www.goehmann.de\\\/es\\\/notarios\\\/\",\"url\":\"https:\\\/\\\/www.goehmann.de\\\/es\\\/notarios\\\/\",\"name\":\"Notarios G\u00f6hmann | Soporte sensible para mandatos complejos\",\"isPartOf\":{\"@id\":\"https:\\\/\\\/www.goehmann.de\\\/es\\\/#website\"},\"datePublished\":\"2020-08-04T12:48:56+00:00\",\"dateModified\":\"2025-03-11T10:00:28+00:00\",\"description\":\"Nuestros notarios te apoyan y atienden con los m\u00e1s variados tipos de mandatos y servicios notariales. \u00a1P\u00f3ngase en contacto con nosotros hoy!\",\"breadcrumb\":{\"@id\":\"https:\\\/\\\/www.goehmann.de\\\/es\\\/notarios\\\/#breadcrumb\"},\"inLanguage\":\"es\",\"potentialAction\":[{\"@type\":\"ReadAction\",\"target\":[\"https:\\\/\\\/www.goehmann.de\\\/es\\\/notarios\\\/\"]}]},{\"@type\":\"BreadcrumbList\",\"@id\":\"https:\\\/\\\/www.goehmann.de\\\/es\\\/notarios\\\/#breadcrumb\",\"itemListElement\":[{\"@type\":\"ListItem\",\"position\":1,\"name\":\"Startseite\",\"item\":\"https:\\\/\\\/www.goehmann.de\\\/es\\\/\"},{\"@type\":\"ListItem\",\"position\":2,\"name\":\"Notarios\"}]},{\"@type\":\"WebSite\",\"@id\":\"https:\\\/\\\/www.goehmann.de\\\/es\\\/#website\",\"url\":\"https:\\\/\\\/www.goehmann.de\\\/es\\\/\",\"name\":\"G\u00f6hmann\",\"description\":\"Just another WordPress site\",\"potentialAction\":[{\"@type\":\"SearchAction\",\"target\":{\"@type\":\"EntryPoint\",\"urlTemplate\":\"https:\\\/\\\/www.goehmann.de\\\/es\\\/?s={search_term_string}\"},\"query-input\":{\"@type\":\"PropertyValueSpecification\",\"valueRequired\":true,\"valueName\":\"search_term_string\"}}],\"inLanguage\":\"es\"}]}<\/script>\n<!-- \/ Yoast SEO plugin. -->","yoast_head_json":{"title":"Notarios G\u00f6hmann | Soporte sensible para mandatos complejos","description":"Nuestros notarios te apoyan y atienden con los m\u00e1s variados tipos de mandatos y servicios notariales. \u00a1P\u00f3ngase en contacto con nosotros hoy!","robots":{"index":"index","follow":"follow","max-snippet":"max-snippet:-1","max-image-preview":"max-image-preview:large","max-video-preview":"max-video-preview:-1"},"canonical":"https:\/\/www.goehmann.de\/es\/notarios\/","og_locale":"es_ES","og_type":"article","og_title":"Notarios G\u00f6hmann | Soporte sensible para mandatos complejos","og_description":"Nuestros notarios te apoyan y atienden con los m\u00e1s variados tipos de mandatos y servicios notariales. \u00a1P\u00f3ngase en contacto con nosotros hoy!","og_url":"https:\/\/www.goehmann.de\/es\/notarios\/","og_site_name":"G\u00f6hmann","article_modified_time":"2025-03-11T10:00:28+00:00","twitter_card":"summary_large_image","twitter_misc":{"Tiempo de lectura":"2 minutos"},"schema":{"@context":"https:\/\/schema.org","@graph":[{"@type":"WebPage","@id":"https:\/\/www.goehmann.de\/es\/notarios\/","url":"https:\/\/www.goehmann.de\/es\/notarios\/","name":"Notarios G\u00f6hmann | Soporte sensible para mandatos complejos","isPartOf":{"@id":"https:\/\/www.goehmann.de\/es\/#website"},"datePublished":"2020-08-04T12:48:56+00:00","dateModified":"2025-03-11T10:00:28+00:00","description":"Nuestros notarios te apoyan y atienden con los m\u00e1s variados tipos de mandatos y servicios notariales. \u00a1P\u00f3ngase en contacto con nosotros hoy!","breadcrumb":{"@id":"https:\/\/www.goehmann.de\/es\/notarios\/#breadcrumb"},"inLanguage":"es","potentialAction":[{"@type":"ReadAction","target":["https:\/\/www.goehmann.de\/es\/notarios\/"]}]},{"@type":"BreadcrumbList","@id":"https:\/\/www.goehmann.de\/es\/notarios\/#breadcrumb","itemListElement":[{"@type":"ListItem","position":1,"name":"Startseite","item":"https:\/\/www.goehmann.de\/es\/"},{"@type":"ListItem","position":2,"name":"Notarios"}]},{"@type":"WebSite","@id":"https:\/\/www.goehmann.de\/es\/#website","url":"https:\/\/www.goehmann.de\/es\/","name":"G\u00f6hmann","description":"Just another WordPress site","potentialAction":[{"@type":"SearchAction","target":{"@type":"EntryPoint","urlTemplate":"https:\/\/www.goehmann.de\/es\/?s={search_term_string}"},"query-input":{"@type":"PropertyValueSpecification","valueRequired":true,"valueName":"search_term_string"}}],"inLanguage":"es"}]}},"_links":{"self":[{"href":"https:\/\/www.goehmann.de\/es\/wp-json\/wp\/v2\/pages\/219","targetHints":{"allow":["GET"]}}],"collection":[{"href":"https:\/\/www.goehmann.de\/es\/wp-json\/wp\/v2\/pages"}],"about":[{"href":"https:\/\/www.goehmann.de\/es\/wp-json\/wp\/v2\/types\/page"}],"author":[{"embeddable":true,"href":"https:\/\/www.goehmann.de\/es\/wp-json\/wp\/v2\/users\/1"}],"replies":[{"embeddable":true,"href":"https:\/\/www.goehmann.de\/es\/wp-json\/wp\/v2\/comments?post=219"}],"version-history":[{"count":10,"href":"https:\/\/www.goehmann.de\/es\/wp-json\/wp\/v2\/pages\/219\/revisions"}],"predecessor-version":[{"id":5602,"href":"https:\/\/www.goehmann.de\/es\/wp-json\/wp\/v2\/pages\/219\/revisions\/5602"}],"wp:attachment":[{"href":"https:\/\/www.goehmann.de\/es\/wp-json\/wp\/v2\/media?parent=219"}],"curies":[{"name":"wp","href":"https:\/\/api.w.org\/{rel}","templated":true}]}}