{"id":1260,"date":"2020-08-24T15:24:03","date_gmt":"2020-08-24T13:24:03","guid":{"rendered":"https:\/\/www.goehmann.de\/administracion-gestion\/"},"modified":"2025-03-11T11:22:39","modified_gmt":"2025-03-11T10:22:39","slug":"administracion-gestion","status":"publish","type":"page","link":"https:\/\/www.goehmann.de\/es\/administracion-gestion\/","title":{"rendered":"Administraci\u00f3n \/ Gesti\u00f3n"},"content":{"rendered":"<p>[et_pb_section fb_built=\u00bb1&#8243; module_class=\u00bbheaderbild\u00bb _builder_version=\u00bb4.27.4&#8243; _module_preset=\u00bbdefault\u00bb background_image=\u00bbhttps:\/\/www.goehmann.de\/wp-content\/uploads\/2025\/01\/Goehmann_Berlin_HR-42_XL-scaled.jpg\u00bb custom_padding=\u00bb||200px||false|false\u00bb hover_enabled=\u00bb0&#8243; custom_css_main_element=\u00bbbackground-position-y: 70%;\u00bb global_colors_info=\u00bb{}\u00bb title_text=\u00bbGo\u0308hmann_Berlin_HR-42_XL\u00bb background_position=\u00bbtop_center\u00bb background_vertical_offset=\u00bb35%\u00bb sticky_enabled=\u00bb0&#8243;][et_pb_row _builder_version=\u00bb4.16&#8243; _module_preset=\u00bbdefault\u00bb global_colors_info=\u00bb{}\u00bb][et_pb_column type=\u00bb4_4&#8243; _builder_version=\u00bb4.16&#8243; _module_preset=\u00bbdefault\u00bb global_colors_info=\u00bb{}\u00bb][et_pb_divider show_divider=\u00bboff\u00bb _builder_version=\u00bb4.16&#8243; _module_preset=\u00bbdefault\u00bb height=\u00bb150px\u00bb global_colors_info=\u00bb{}\u00bb][\/et_pb_divider][et_pb_text _builder_version=\u00bb4.27.4&#8243; _module_preset=\u00bbdefault\u00bb hover_enabled=\u00bb0&#8243; global_colors_info=\u00bb{}\u00bb sticky_enabled=\u00bb0&#8243;][\/et_pb_text][et_pb_divider show_divider=\u00bboff\u00bb _builder_version=\u00bb4.16&#8243; _module_preset=\u00bbdefault\u00bb height=\u00bb50px\u00bb global_colors_info=\u00bb{}\u00bb][\/et_pb_divider][\/et_pb_column][\/et_pb_row][\/et_pb_section][et_pb_section fb_built=\u00bb1&#8243; specialty=\u00bbon\u00bb _builder_version=\u00bb4.16&#8243; _module_preset=\u00bbdefault\u00bb global_colors_info=\u00bb{}\u00bb][et_pb_column type=\u00bb3_4&#8243; specialty_columns=\u00bb3&#8243; _builder_version=\u00bb4.16&#8243; custom_padding=\u00bb|||\u00bb global_colors_info=\u00bb{}\u00bb custom_padding__hover=\u00bb|||\u00bb][et_pb_row_inner _builder_version=\u00bb4.16&#8243; _module_preset=\u00bbdefault\u00bb global_colors_info=\u00bb{}\u00bb][et_pb_column_inner saved_specialty_column_type=\u00bb3_4&#8243; _builder_version=\u00bb4.16&#8243; _module_preset=\u00bbdefault\u00bb global_colors_info=\u00bb{}\u00bb][et_pb_text _builder_version=\u00bb4.16&#8243; _module_preset=\u00bbdefault\u00bb global_colors_info=\u00bb{}\u00bb]<\/p>\n<h1>Nuestro coraz\u00f3n \u2013 la administraci\u00f3n.<\/h1>\n<p>La piedra angular de nuestra Sociedad es la administraci\u00f3n. \u00c9sta es la primera ventanilla para nuestros clientes. Aqu\u00ed se mueven todos los hilos, desde aqu\u00ed se coordina todo nuestro trabajo.<\/p>\n<p>Sabemos que un despacho s\u00f3lo puede ser tan bueno como el equipo que dirige la organizaci\u00f3n y la administraci\u00f3n. La capacidad de comprender asuntos complejos, un excelente manejo de los nuevos medios de comunicaci\u00f3n, absoluta fiabilidad, informaci\u00f3n detallada sobre nuevos desarrollos y, por supuesto, el contacto con las personas: esperamos de nuestras colaboradoras y colaboradores en la administraci\u00f3n, que tramiten los deseos de nuestros clientes siempre de forma r\u00e1pida, flexible y \u00e1gil. S\u00f3lo as\u00ed pueden hacerse cargo de la buena comunicaci\u00f3n entre ellos y los abogados. Somos conscientes de la importancia fundamental de estas tareas. Por eso invertimos mucho tiempo y celo en la selecci\u00f3n y formaci\u00f3n permanente de nuestras colaboradoras y colaboradores.<\/p>\n<p>Si usted desea reforzar nuestro equipo, con mucho gusto puede enviarnos su solicitud completa.<\/p>\n<p><strong>Contacto:<\/strong><\/p>\n<div id=\"node-22\" class=\"node node-page clearfix\">\n<div class=\"field field-name-body field-type-text-with-summary field-label-hidden\">\n<div class=\"field-items\">\n<div class=\"field-item even\">\n<p>Por favor, enviar solicitudes por correo electr\u00f3nico a <a href=\"mailto:bewerbung@goehmann.de\">bewerbung@goehmann.de<\/a> o dir\u00edjase directamente a nuestros <a href=\"https:\/\/www.goehmann.de\/es\/emplazamientos\/\">establecimientos<\/a>.<\/p>\n<\/div>\n<\/div>\n<\/div>\n<\/div>\n<div id=\"node-11\" class=\"node node-page clearfix\">\n<div class=\"field field-name-body field-type-text-with-summary field-label-hidden\">\n<div class=\"field-items\">\n<div class=\"field-item even\"><\/div>\n<\/div>\n<\/div>\n<\/div>\n<div id=\"node-14\" class=\"node node-page clearfix\">\n<div class=\"field field-name-body field-type-text-with-summary field-label-hidden\">\n<div class=\"field-items\">\n<div class=\"field-item even\"><\/div>\n<\/div>\n<\/div>\n<\/div>\n<p>[\/et_pb_text][\/et_pb_column_inner][\/et_pb_row_inner][\/et_pb_column][et_pb_column type=\u00bb1_4&#8243; _builder_version=\u00bb4.16&#8243; custom_padding=\u00bb|||\u00bb global_colors_info=\u00bb{}\u00bb custom_padding__hover=\u00bb|||\u00bb][et_pb_code _builder_version=\u00bb4.16&#8243; _module_preset=\u00bbdefault\u00bb global_colors_info=\u00bb{}\u00bb][\/et_pb_code][\/et_pb_column][\/et_pb_section][et_pb_section fb_built=\u00bb1&#8243; _builder_version=\u00bb4.16&#8243; _module_preset=\u00bbdefault\u00bb global_colors_info=\u00bb{}\u00bb][\/et_pb_section]<\/p>\n","protected":false},"excerpt":{"rendered":"<p>Nuestro coraz\u00f3n \u2013 la administraci\u00f3n. La piedra angular de nuestra Sociedad es la administraci\u00f3n. \u00c9sta es la primera ventanilla para nuestros clientes. Aqu\u00ed se mueven todos los hilos, desde aqu\u00ed se coordina todo nuestro trabajo. Sabemos que un despacho s\u00f3lo puede ser tan bueno como el equipo que dirige la organizaci\u00f3n y la administraci\u00f3n. La [&hellip;]<\/p>\n","protected":false},"author":1,"featured_media":0,"parent":0,"menu_order":0,"comment_status":"closed","ping_status":"closed","template":"","meta":{"_et_pb_use_builder":"on","_et_pb_old_content":"","_et_gb_content_width":"","inline_featured_image":false,"footnotes":""},"class_list":["post-1260","page","type-page","status-publish","hentry"],"yoast_head":"<!-- This site is optimized with the Yoast SEO plugin v27.4 - https:\/\/yoast.com\/product\/yoast-seo-wordpress\/ -->\n<title>Administraci\u00f3n | Coordinaci\u00f3n y administraci\u00f3n de nuestros clientes<\/title>\n<meta name=\"description\" content=\"El coraz\u00f3n de nuestra gesti\u00f3n de clientes es la administraci\u00f3n. Todos los proyectos y casos se coordinan desde aqu\u00ed. Env\u00edanos tu caso\" \/>\n<meta name=\"robots\" content=\"index, follow, max-snippet:-1, max-image-preview:large, max-video-preview:-1\" \/>\n<link rel=\"canonical\" href=\"https:\/\/www.goehmann.de\/es\/administracion-gestion\/\" \/>\n<meta property=\"og:locale\" content=\"es_ES\" \/>\n<meta property=\"og:type\" content=\"article\" \/>\n<meta property=\"og:title\" content=\"Administraci\u00f3n | Coordinaci\u00f3n y administraci\u00f3n de nuestros clientes\" \/>\n<meta property=\"og:description\" content=\"El coraz\u00f3n de nuestra gesti\u00f3n de clientes es la administraci\u00f3n. Todos los proyectos y casos se coordinan desde aqu\u00ed. Env\u00edanos tu caso\" \/>\n<meta property=\"og:url\" content=\"https:\/\/www.goehmann.de\/es\/administracion-gestion\/\" \/>\n<meta property=\"og:site_name\" content=\"G\u00f6hmann\" \/>\n<meta property=\"article:modified_time\" content=\"2025-03-11T10:22:39+00:00\" \/>\n<meta name=\"twitter:card\" content=\"summary_large_image\" \/>\n<meta name=\"twitter:label1\" content=\"Tiempo de lectura\" \/>\n\t<meta name=\"twitter:data1\" content=\"2 minutos\" \/>\n<script type=\"application\/ld+json\" class=\"yoast-schema-graph\">{\"@context\":\"https:\\\/\\\/schema.org\",\"@graph\":[{\"@type\":\"WebPage\",\"@id\":\"https:\\\/\\\/www.goehmann.de\\\/es\\\/administracion-gestion\\\/\",\"url\":\"https:\\\/\\\/www.goehmann.de\\\/es\\\/administracion-gestion\\\/\",\"name\":\"Administraci\u00f3n | Coordinaci\u00f3n y administraci\u00f3n de nuestros clientes\",\"isPartOf\":{\"@id\":\"https:\\\/\\\/www.goehmann.de\\\/es\\\/#website\"},\"datePublished\":\"2020-08-24T13:24:03+00:00\",\"dateModified\":\"2025-03-11T10:22:39+00:00\",\"description\":\"El coraz\u00f3n de nuestra gesti\u00f3n de clientes es la administraci\u00f3n. Todos los proyectos y casos se coordinan desde aqu\u00ed. Env\u00edanos tu caso\",\"breadcrumb\":{\"@id\":\"https:\\\/\\\/www.goehmann.de\\\/es\\\/administracion-gestion\\\/#breadcrumb\"},\"inLanguage\":\"es\",\"potentialAction\":[{\"@type\":\"ReadAction\",\"target\":[\"https:\\\/\\\/www.goehmann.de\\\/es\\\/administracion-gestion\\\/\"]}]},{\"@type\":\"BreadcrumbList\",\"@id\":\"https:\\\/\\\/www.goehmann.de\\\/es\\\/administracion-gestion\\\/#breadcrumb\",\"itemListElement\":[{\"@type\":\"ListItem\",\"position\":1,\"name\":\"Startseite\",\"item\":\"https:\\\/\\\/www.goehmann.de\\\/es\\\/\"},{\"@type\":\"ListItem\",\"position\":2,\"name\":\"Administraci\u00f3n \\\/ Gesti\u00f3n\"}]},{\"@type\":\"WebSite\",\"@id\":\"https:\\\/\\\/www.goehmann.de\\\/es\\\/#website\",\"url\":\"https:\\\/\\\/www.goehmann.de\\\/es\\\/\",\"name\":\"G\u00f6hmann\",\"description\":\"Just another WordPress site\",\"potentialAction\":[{\"@type\":\"SearchAction\",\"target\":{\"@type\":\"EntryPoint\",\"urlTemplate\":\"https:\\\/\\\/www.goehmann.de\\\/es\\\/?s={search_term_string}\"},\"query-input\":{\"@type\":\"PropertyValueSpecification\",\"valueRequired\":true,\"valueName\":\"search_term_string\"}}],\"inLanguage\":\"es\"}]}<\/script>\n<!-- \/ Yoast SEO plugin. -->","yoast_head_json":{"title":"Administraci\u00f3n | Coordinaci\u00f3n y administraci\u00f3n de nuestros clientes","description":"El coraz\u00f3n de nuestra gesti\u00f3n de clientes es la administraci\u00f3n. Todos los proyectos y casos se coordinan desde aqu\u00ed. Env\u00edanos tu caso","robots":{"index":"index","follow":"follow","max-snippet":"max-snippet:-1","max-image-preview":"max-image-preview:large","max-video-preview":"max-video-preview:-1"},"canonical":"https:\/\/www.goehmann.de\/es\/administracion-gestion\/","og_locale":"es_ES","og_type":"article","og_title":"Administraci\u00f3n | Coordinaci\u00f3n y administraci\u00f3n de nuestros clientes","og_description":"El coraz\u00f3n de nuestra gesti\u00f3n de clientes es la administraci\u00f3n. Todos los proyectos y casos se coordinan desde aqu\u00ed. Env\u00edanos tu caso","og_url":"https:\/\/www.goehmann.de\/es\/administracion-gestion\/","og_site_name":"G\u00f6hmann","article_modified_time":"2025-03-11T10:22:39+00:00","twitter_card":"summary_large_image","twitter_misc":{"Tiempo de lectura":"2 minutos"},"schema":{"@context":"https:\/\/schema.org","@graph":[{"@type":"WebPage","@id":"https:\/\/www.goehmann.de\/es\/administracion-gestion\/","url":"https:\/\/www.goehmann.de\/es\/administracion-gestion\/","name":"Administraci\u00f3n | Coordinaci\u00f3n y administraci\u00f3n de nuestros clientes","isPartOf":{"@id":"https:\/\/www.goehmann.de\/es\/#website"},"datePublished":"2020-08-24T13:24:03+00:00","dateModified":"2025-03-11T10:22:39+00:00","description":"El coraz\u00f3n de nuestra gesti\u00f3n de clientes es la administraci\u00f3n. Todos los proyectos y casos se coordinan desde aqu\u00ed. Env\u00edanos tu caso","breadcrumb":{"@id":"https:\/\/www.goehmann.de\/es\/administracion-gestion\/#breadcrumb"},"inLanguage":"es","potentialAction":[{"@type":"ReadAction","target":["https:\/\/www.goehmann.de\/es\/administracion-gestion\/"]}]},{"@type":"BreadcrumbList","@id":"https:\/\/www.goehmann.de\/es\/administracion-gestion\/#breadcrumb","itemListElement":[{"@type":"ListItem","position":1,"name":"Startseite","item":"https:\/\/www.goehmann.de\/es\/"},{"@type":"ListItem","position":2,"name":"Administraci\u00f3n \/ Gesti\u00f3n"}]},{"@type":"WebSite","@id":"https:\/\/www.goehmann.de\/es\/#website","url":"https:\/\/www.goehmann.de\/es\/","name":"G\u00f6hmann","description":"Just another WordPress site","potentialAction":[{"@type":"SearchAction","target":{"@type":"EntryPoint","urlTemplate":"https:\/\/www.goehmann.de\/es\/?s={search_term_string}"},"query-input":{"@type":"PropertyValueSpecification","valueRequired":true,"valueName":"search_term_string"}}],"inLanguage":"es"}]}},"_links":{"self":[{"href":"https:\/\/www.goehmann.de\/es\/wp-json\/wp\/v2\/pages\/1260","targetHints":{"allow":["GET"]}}],"collection":[{"href":"https:\/\/www.goehmann.de\/es\/wp-json\/wp\/v2\/pages"}],"about":[{"href":"https:\/\/www.goehmann.de\/es\/wp-json\/wp\/v2\/types\/page"}],"author":[{"embeddable":true,"href":"https:\/\/www.goehmann.de\/es\/wp-json\/wp\/v2\/users\/1"}],"replies":[{"embeddable":true,"href":"https:\/\/www.goehmann.de\/es\/wp-json\/wp\/v2\/comments?post=1260"}],"version-history":[{"count":10,"href":"https:\/\/www.goehmann.de\/es\/wp-json\/wp\/v2\/pages\/1260\/revisions"}],"predecessor-version":[{"id":5668,"href":"https:\/\/www.goehmann.de\/es\/wp-json\/wp\/v2\/pages\/1260\/revisions\/5668"}],"wp:attachment":[{"href":"https:\/\/www.goehmann.de\/es\/wp-json\/wp\/v2\/media?parent=1260"}],"curies":[{"name":"wp","href":"https:\/\/api.w.org\/{rel}","templated":true}]}}