{"id":1251,"date":"2020-08-24T15:09:51","date_gmt":"2020-08-24T13:09:51","guid":{"rendered":"https:\/\/www.goehmann.de\/pasantias-y-practicas\/"},"modified":"2025-03-11T11:22:57","modified_gmt":"2025-03-11T10:22:57","slug":"pasantias-y-practicas","status":"publish","type":"page","link":"https:\/\/www.goehmann.de\/es\/pasantias-y-practicas\/","title":{"rendered":"Pasant\u00edas y pr\u00e1cticas"},"content":{"rendered":"<p>[et_pb_section fb_built=\u00bb1&#8243; module_class=\u00bbheaderbild\u00bb _builder_version=\u00bb4.27.4&#8243; _module_preset=\u00bbdefault\u00bb background_image=\u00bbhttps:\/\/www.goehmann.de\/wp-content\/uploads\/2025\/01\/Goehmann_Berlin_HR-42_XL-scaled.jpg\u00bb custom_padding=\u00bb||200px||false|false\u00bb hover_enabled=\u00bb0&#8243; custom_css_main_element=\u00bbbackground-position-y: 70%;\u00bb global_colors_info=\u00bb{}\u00bb title_text=\u00bbGo\u0308hmann_Berlin_HR-42_XL\u00bb background_position=\u00bbtop_center\u00bb background_vertical_offset=\u00bb35%\u00bb sticky_enabled=\u00bb0&#8243;][et_pb_row _builder_version=\u00bb4.16&#8243; _module_preset=\u00bbdefault\u00bb global_colors_info=\u00bb{}\u00bb][et_pb_column type=\u00bb4_4&#8243; _builder_version=\u00bb4.16&#8243; _module_preset=\u00bbdefault\u00bb global_colors_info=\u00bb{}\u00bb][et_pb_divider show_divider=\u00bboff\u00bb _builder_version=\u00bb4.16&#8243; _module_preset=\u00bbdefault\u00bb height=\u00bb150px\u00bb global_colors_info=\u00bb{}\u00bb][\/et_pb_divider][et_pb_text _builder_version=\u00bb4.27.4&#8243; _module_preset=\u00bbdefault\u00bb hover_enabled=\u00bb0&#8243; global_colors_info=\u00bb{}\u00bb sticky_enabled=\u00bb0&#8243;][\/et_pb_text][et_pb_divider show_divider=\u00bboff\u00bb _builder_version=\u00bb4.16&#8243; _module_preset=\u00bbdefault\u00bb height=\u00bb50px\u00bb global_colors_info=\u00bb{}\u00bb][\/et_pb_divider][\/et_pb_column][\/et_pb_row][\/et_pb_section][et_pb_section fb_built=\u00bb1&#8243; specialty=\u00bbon\u00bb _builder_version=\u00bb4.16&#8243; _module_preset=\u00bbdefault\u00bb global_colors_info=\u00bb{}\u00bb][et_pb_column type=\u00bb3_4&#8243; specialty_columns=\u00bb3&#8243; _builder_version=\u00bb4.16&#8243; custom_padding=\u00bb|||\u00bb global_colors_info=\u00bb{}\u00bb custom_padding__hover=\u00bb|||\u00bb][et_pb_row_inner _builder_version=\u00bb4.16&#8243; _module_preset=\u00bbdefault\u00bb global_colors_info=\u00bb{}\u00bb][et_pb_column_inner saved_specialty_column_type=\u00bb3_4&#8243; _builder_version=\u00bb4.16&#8243; _module_preset=\u00bbdefault\u00bb global_colors_info=\u00bb{}\u00bb][et_pb_text module_class=\u00bbbluelink\u00bb _builder_version=\u00bb4.16&#8243; _module_preset=\u00bbdefault\u00bb global_colors_info=\u00bb{}\u00bb]<\/p>\n<h1>Buscamos talento jur\u00eddico.<\/h1>\n<p>A los j\u00f3venes les ofrecemos una perspectiva profesional en nuestro bufete. Ello incluye formaci\u00f3n profesional en el marco de una pasant\u00eda, as\u00ed como plazas de pr\u00e1cticas que les permiten obtener una visi\u00f3n b\u00e1sica del mundo laboral.<\/p>\n<p><strong>Pasant\u00eda<\/strong><\/p>\n<p>En todos los establecimientos de la Sociedad estamos siempre interesados en solicitudes de pasantes cualificados con un excelente examen final. Ganar \u2013y, naturalmente, sostener\u2013 a buenos colaboradores es algo decisivo para nuestro \u00e9xito. Con nuestra larga experiencia profesional ofrecemos a los j\u00f3venes con talento, en la plaza de abogac\u00eda o en la de libre elecci\u00f3n, una visi\u00f3n pr\u00e1ctica del asesoramiento jur\u00eddico, y los preparamos para la vida profesional de un buen abogado. Una intensa preparaci\u00f3n para su segundo examen de Estado forma tanto parte de nuestras obligaciones, como el ejercicio para las futuras actividades de abogado. Usted trabajar\u00e1 desde el principio junto con nuestros especialistas, llegando as\u00ed a conocer todas las facetas de acci\u00f3n del abogado. Por supuesto le daremos suficiente tiempo para preparar sus ex\u00e1menes.<\/p>\n<p>\u00bfHemos despertado su inter\u00e9s? Entonces nos alegrar\u00e1 recibir una solicitud informativa.<\/p>\n<p><strong>Per\u00edodo de pr\u00e1cticas<\/strong><\/p>\n<p>\u00bfSe encuentra Ud. en el per\u00edodo de formaci\u00f3n jur\u00eddica, es muy comprometido, puede soportar grandes cargas de trabajo, es organizado y est\u00e1 familiarizado con el ordenador? Ofrecemos plazas de pr\u00e1cticas para estudiantes de Derecho que desean adquirir sus primeras experiencias profesionales en un bufete de abogados y para abogados comerciales (BA), que han sido admitidos al programa de m\u00e1ster, para el que el plan de estudios exige un per\u00edodo de pr\u00e1cticas de varios meses.<\/p>\n<p>Si usted desea reforzar nuestro equipo, con mucho gusto puede enviarnos su solicitud completa.<\/p>\n<div id=\"node-11\" class=\"node node-page clearfix\">\n<div class=\"field field-name-body field-type-text-with-summary field-label-hidden\">\n<div class=\"field-items\">\n<div class=\"field-item even\">\n<p><span lang=\"ES-TRAD\"><strong>Contacto:<\/strong><br \/>\nPor favor, enviar solicitudes por correo electr\u00f3nico a <a href=\"mailto:bewerbung@goehmann.de\">bewerbung@goehmann.de<\/a> o dir\u00edjase directamente a nuestros <a href=\"https:\/\/www.goehmann.de\/es\/emplazamientos\/\">establecimientos<\/a>.<\/span><\/p>\n<\/div>\n<\/div>\n<\/div>\n<\/div>\n<div id=\"node-14\" class=\"node node-page clearfix\">\n<div class=\"field field-name-body field-type-text-with-summary field-label-hidden\">\n<div class=\"field-items\">\n<div class=\"field-item even\"><\/div>\n<\/div>\n<\/div>\n<\/div>\n<p>[\/et_pb_text][\/et_pb_column_inner][\/et_pb_row_inner][\/et_pb_column][et_pb_column type=\u00bb1_4&#8243; _builder_version=\u00bb4.16&#8243; custom_padding=\u00bb|||\u00bb global_colors_info=\u00bb{}\u00bb custom_padding__hover=\u00bb|||\u00bb][et_pb_code _builder_version=\u00bb4.16&#8243; _module_preset=\u00bbdefault\u00bb global_colors_info=\u00bb{}\u00bb][\/et_pb_code][\/et_pb_column][\/et_pb_section]<\/p>\n","protected":false},"excerpt":{"rendered":"<p>Buscamos talento jur\u00eddico. A los j\u00f3venes les ofrecemos una perspectiva profesional en nuestro bufete. Ello incluye formaci\u00f3n profesional en el marco de una pasant\u00eda, as\u00ed como plazas de pr\u00e1cticas que les permiten obtener una visi\u00f3n b\u00e1sica del mundo laboral. Pasant\u00eda En todos los establecimientos de la Sociedad estamos siempre interesados en solicitudes de pasantes cualificados [&hellip;]<\/p>\n","protected":false},"author":1,"featured_media":0,"parent":0,"menu_order":0,"comment_status":"closed","ping_status":"closed","template":"page-template-karriere.php","meta":{"_et_pb_use_builder":"on","_et_pb_old_content":"","_et_gb_content_width":"","inline_featured_image":false,"footnotes":""},"class_list":["post-1251","page","type-page","status-publish","hentry"],"yoast_head":"<!-- This site is optimized with the Yoast SEO plugin v27.4 - https:\/\/yoast.com\/product\/yoast-seo-wordpress\/ -->\n<title>Pr\u00e1cticas y pr\u00e1cticas legales | G\u00f6hmann | \u00a1Aplicar aqu\u00ed!<\/title>\n<meta name=\"description\" content=\"\u00bfQuieres conocer la perspectiva profesional de un abogado? Entonces has venido al lugar correcto. \u00a1Ofrecemos cursos de actualizaci\u00f3n con posibilidades de ser aceptado!\" \/>\n<meta name=\"robots\" content=\"index, follow, max-snippet:-1, max-image-preview:large, max-video-preview:-1\" \/>\n<link rel=\"canonical\" href=\"https:\/\/www.goehmann.de\/es\/pasantias-y-practicas\/\" \/>\n<meta property=\"og:locale\" content=\"es_ES\" \/>\n<meta property=\"og:type\" content=\"article\" \/>\n<meta property=\"og:title\" content=\"Pr\u00e1cticas y pr\u00e1cticas legales | G\u00f6hmann | \u00a1Aplicar aqu\u00ed!\" \/>\n<meta property=\"og:description\" content=\"\u00bfQuieres conocer la perspectiva profesional de un abogado? Entonces has venido al lugar correcto. \u00a1Ofrecemos cursos de actualizaci\u00f3n con posibilidades de ser aceptado!\" \/>\n<meta property=\"og:url\" content=\"https:\/\/www.goehmann.de\/es\/pasantias-y-practicas\/\" \/>\n<meta property=\"og:site_name\" content=\"G\u00f6hmann\" \/>\n<meta property=\"article:modified_time\" content=\"2025-03-11T10:22:57+00:00\" \/>\n<meta name=\"twitter:card\" content=\"summary_large_image\" \/>\n<meta name=\"twitter:label1\" content=\"Tiempo de lectura\" \/>\n\t<meta name=\"twitter:data1\" content=\"3 minutos\" \/>\n<script type=\"application\/ld+json\" class=\"yoast-schema-graph\">{\"@context\":\"https:\\\/\\\/schema.org\",\"@graph\":[{\"@type\":\"WebPage\",\"@id\":\"https:\\\/\\\/www.goehmann.de\\\/es\\\/pasantias-y-practicas\\\/\",\"url\":\"https:\\\/\\\/www.goehmann.de\\\/es\\\/pasantias-y-practicas\\\/\",\"name\":\"Pr\u00e1cticas y pr\u00e1cticas legales | G\u00f6hmann | \u00a1Aplicar aqu\u00ed!\",\"isPartOf\":{\"@id\":\"https:\\\/\\\/www.goehmann.de\\\/es\\\/#website\"},\"datePublished\":\"2020-08-24T13:09:51+00:00\",\"dateModified\":\"2025-03-11T10:22:57+00:00\",\"description\":\"\u00bfQuieres conocer la perspectiva profesional de un abogado? Entonces has venido al lugar correcto. \u00a1Ofrecemos cursos de actualizaci\u00f3n con posibilidades de ser aceptado!\",\"breadcrumb\":{\"@id\":\"https:\\\/\\\/www.goehmann.de\\\/es\\\/pasantias-y-practicas\\\/#breadcrumb\"},\"inLanguage\":\"es\",\"potentialAction\":[{\"@type\":\"ReadAction\",\"target\":[\"https:\\\/\\\/www.goehmann.de\\\/es\\\/pasantias-y-practicas\\\/\"]}]},{\"@type\":\"BreadcrumbList\",\"@id\":\"https:\\\/\\\/www.goehmann.de\\\/es\\\/pasantias-y-practicas\\\/#breadcrumb\",\"itemListElement\":[{\"@type\":\"ListItem\",\"position\":1,\"name\":\"Startseite\",\"item\":\"https:\\\/\\\/www.goehmann.de\\\/es\\\/\"},{\"@type\":\"ListItem\",\"position\":2,\"name\":\"Pasant\u00edas y pr\u00e1cticas\"}]},{\"@type\":\"WebSite\",\"@id\":\"https:\\\/\\\/www.goehmann.de\\\/es\\\/#website\",\"url\":\"https:\\\/\\\/www.goehmann.de\\\/es\\\/\",\"name\":\"G\u00f6hmann\",\"description\":\"Just another WordPress site\",\"potentialAction\":[{\"@type\":\"SearchAction\",\"target\":{\"@type\":\"EntryPoint\",\"urlTemplate\":\"https:\\\/\\\/www.goehmann.de\\\/es\\\/?s={search_term_string}\"},\"query-input\":{\"@type\":\"PropertyValueSpecification\",\"valueRequired\":true,\"valueName\":\"search_term_string\"}}],\"inLanguage\":\"es\"}]}<\/script>\n<!-- \/ Yoast SEO plugin. -->","yoast_head_json":{"title":"Pr\u00e1cticas y pr\u00e1cticas legales | G\u00f6hmann | \u00a1Aplicar aqu\u00ed!","description":"\u00bfQuieres conocer la perspectiva profesional de un abogado? Entonces has venido al lugar correcto. \u00a1Ofrecemos cursos de actualizaci\u00f3n con posibilidades de ser aceptado!","robots":{"index":"index","follow":"follow","max-snippet":"max-snippet:-1","max-image-preview":"max-image-preview:large","max-video-preview":"max-video-preview:-1"},"canonical":"https:\/\/www.goehmann.de\/es\/pasantias-y-practicas\/","og_locale":"es_ES","og_type":"article","og_title":"Pr\u00e1cticas y pr\u00e1cticas legales | G\u00f6hmann | \u00a1Aplicar aqu\u00ed!","og_description":"\u00bfQuieres conocer la perspectiva profesional de un abogado? Entonces has venido al lugar correcto. \u00a1Ofrecemos cursos de actualizaci\u00f3n con posibilidades de ser aceptado!","og_url":"https:\/\/www.goehmann.de\/es\/pasantias-y-practicas\/","og_site_name":"G\u00f6hmann","article_modified_time":"2025-03-11T10:22:57+00:00","twitter_card":"summary_large_image","twitter_misc":{"Tiempo de lectura":"3 minutos"},"schema":{"@context":"https:\/\/schema.org","@graph":[{"@type":"WebPage","@id":"https:\/\/www.goehmann.de\/es\/pasantias-y-practicas\/","url":"https:\/\/www.goehmann.de\/es\/pasantias-y-practicas\/","name":"Pr\u00e1cticas y pr\u00e1cticas legales | G\u00f6hmann | \u00a1Aplicar aqu\u00ed!","isPartOf":{"@id":"https:\/\/www.goehmann.de\/es\/#website"},"datePublished":"2020-08-24T13:09:51+00:00","dateModified":"2025-03-11T10:22:57+00:00","description":"\u00bfQuieres conocer la perspectiva profesional de un abogado? Entonces has venido al lugar correcto. \u00a1Ofrecemos cursos de actualizaci\u00f3n con posibilidades de ser aceptado!","breadcrumb":{"@id":"https:\/\/www.goehmann.de\/es\/pasantias-y-practicas\/#breadcrumb"},"inLanguage":"es","potentialAction":[{"@type":"ReadAction","target":["https:\/\/www.goehmann.de\/es\/pasantias-y-practicas\/"]}]},{"@type":"BreadcrumbList","@id":"https:\/\/www.goehmann.de\/es\/pasantias-y-practicas\/#breadcrumb","itemListElement":[{"@type":"ListItem","position":1,"name":"Startseite","item":"https:\/\/www.goehmann.de\/es\/"},{"@type":"ListItem","position":2,"name":"Pasant\u00edas y pr\u00e1cticas"}]},{"@type":"WebSite","@id":"https:\/\/www.goehmann.de\/es\/#website","url":"https:\/\/www.goehmann.de\/es\/","name":"G\u00f6hmann","description":"Just another WordPress site","potentialAction":[{"@type":"SearchAction","target":{"@type":"EntryPoint","urlTemplate":"https:\/\/www.goehmann.de\/es\/?s={search_term_string}"},"query-input":{"@type":"PropertyValueSpecification","valueRequired":true,"valueName":"search_term_string"}}],"inLanguage":"es"}]}},"_links":{"self":[{"href":"https:\/\/www.goehmann.de\/es\/wp-json\/wp\/v2\/pages\/1251","targetHints":{"allow":["GET"]}}],"collection":[{"href":"https:\/\/www.goehmann.de\/es\/wp-json\/wp\/v2\/pages"}],"about":[{"href":"https:\/\/www.goehmann.de\/es\/wp-json\/wp\/v2\/types\/page"}],"author":[{"embeddable":true,"href":"https:\/\/www.goehmann.de\/es\/wp-json\/wp\/v2\/users\/1"}],"replies":[{"embeddable":true,"href":"https:\/\/www.goehmann.de\/es\/wp-json\/wp\/v2\/comments?post=1251"}],"version-history":[{"count":9,"href":"https:\/\/www.goehmann.de\/es\/wp-json\/wp\/v2\/pages\/1251\/revisions"}],"predecessor-version":[{"id":5671,"href":"https:\/\/www.goehmann.de\/es\/wp-json\/wp\/v2\/pages\/1251\/revisions\/5671"}],"wp:attachment":[{"href":"https:\/\/www.goehmann.de\/es\/wp-json\/wp\/v2\/media?parent=1251"}],"curies":[{"name":"wp","href":"https:\/\/api.w.org\/{rel}","templated":true}]}}