{"id":1248,"date":"2020-08-24T15:05:17","date_gmt":"2020-08-24T13:05:17","guid":{"rendered":"https:\/\/www.goehmann.de\/abogados-2\/"},"modified":"2025-03-11T11:21:31","modified_gmt":"2025-03-11T10:21:31","slug":"abogados-2","status":"publish","type":"page","link":"https:\/\/www.goehmann.de\/es\/abogados-2\/","title":{"rendered":"Abogados"},"content":{"rendered":"<p>[et_pb_section fb_built=\u00bb1&#8243; module_class=\u00bbheaderbild\u00bb _builder_version=\u00bb4.27.4&#8243; _module_preset=\u00bbdefault\u00bb background_image=\u00bbhttps:\/\/www.goehmann.de\/wp-content\/uploads\/2025\/01\/Goehmann_Berlin_HR-42_XL-scaled.jpg\u00bb custom_padding=\u00bb||200px||false|false\u00bb hover_enabled=\u00bb0&#8243; custom_css_main_element=\u00bbbackground-position-y: 70%;\u00bb global_colors_info=\u00bb{}\u00bb title_text=\u00bbGo\u0308hmann_Berlin_HR-42_XL\u00bb background_position=\u00bbtop_center\u00bb background_vertical_offset=\u00bb35%\u00bb sticky_enabled=\u00bb0&#8243;][et_pb_row _builder_version=\u00bb4.16&#8243; _module_preset=\u00bbdefault\u00bb global_colors_info=\u00bb{}\u00bb][et_pb_column type=\u00bb4_4&#8243; _builder_version=\u00bb4.16&#8243; _module_preset=\u00bbdefault\u00bb global_colors_info=\u00bb{}\u00bb][et_pb_divider show_divider=\u00bboff\u00bb _builder_version=\u00bb4.16&#8243; _module_preset=\u00bbdefault\u00bb height=\u00bb150px\u00bb global_colors_info=\u00bb{}\u00bb][\/et_pb_divider][et_pb_text _builder_version=\u00bb4.27.4&#8243; _module_preset=\u00bbdefault\u00bb hover_enabled=\u00bb0&#8243; global_colors_info=\u00bb{}\u00bb sticky_enabled=\u00bb0&#8243;][\/et_pb_text][et_pb_divider show_divider=\u00bboff\u00bb _builder_version=\u00bb4.16&#8243; _module_preset=\u00bbdefault\u00bb height=\u00bb50px\u00bb global_colors_info=\u00bb{}\u00bb][\/et_pb_divider][\/et_pb_column][\/et_pb_row][\/et_pb_section][et_pb_section fb_built=\u00bb1&#8243; specialty=\u00bbon\u00bb _builder_version=\u00bb4.16&#8243; _module_preset=\u00bbdefault\u00bb global_colors_info=\u00bb{}\u00bb][et_pb_column type=\u00bb3_4&#8243; specialty_columns=\u00bb3&#8243; _builder_version=\u00bb4.16&#8243; custom_padding=\u00bb|||\u00bb global_colors_info=\u00bb{}\u00bb custom_padding__hover=\u00bb|||\u00bb][et_pb_row_inner _builder_version=\u00bb4.16&#8243; _module_preset=\u00bbdefault\u00bb global_colors_info=\u00bb{}\u00bb][et_pb_column_inner saved_specialty_column_type=\u00bb3_4&#8243; _builder_version=\u00bb4.16&#8243; _module_preset=\u00bbdefault\u00bb global_colors_info=\u00bb{}\u00bb][et_pb_text _builder_version=\u00bb4.16&#8243; _module_preset=\u00bbdefault\u00bb global_colors_info=\u00bb{}\u00bb]<\/p>\n<h1>Nuestros abogados con esp\u00edritu de equipos.<\/h1>\n<p>Nuestros abogados tratan con sensibilidad los deseos y las necesidades de nuestros exigentes clientes, haci\u00e9ndolo, realmente, como un team player, que es, precisamente lo que caracteriza a nuestro bufete. Somos socios jur\u00eddicos para todas las tareas legales, garantizando al mismo tiempo conocimientos especializados de alto rango.<\/p>\n<p>A nuestros j\u00f3venes abogados les ofrecemos desde el principio contacto con clientes, autoridades y tribunales. Por eso buscamos personas que cultiven una comunicaci\u00f3n atenta con los clientes y que tengan como uno de sus principios b\u00e1sicos la lealtad. \u00bfHemos despertado su inter\u00e9s? Entonces nos alegrar\u00eda recibir su solicitud.<\/p>\n<p><strong>Contacto:<\/strong><br \/>\nPor favor, enviar solicitudes por correo electr\u00f3nico a <a href=\"mailto:bewerbung@goehmann.de\">bewerbung@goehmann.de<\/a> o dir\u00edjase directamente a nuestros <a href=\"https:\/\/www.goehmann.de\/es\/emplazamientos\/\">establecimientos<\/a>.[\/et_pb_text][\/et_pb_column_inner][\/et_pb_row_inner][\/et_pb_column][et_pb_column type=\u00bb1_4&#8243; _builder_version=\u00bb4.16&#8243; custom_padding=\u00bb|||\u00bb global_colors_info=\u00bb{}\u00bb custom_padding__hover=\u00bb|||\u00bb][et_pb_code _builder_version=\u00bb4.16&#8243; _module_preset=\u00bbdefault\u00bb global_colors_info=\u00bb{}\u00bb][\/et_pb_code][\/et_pb_column][\/et_pb_section]<\/p>\n","protected":false},"excerpt":{"rendered":"<p>Nuestros abogados con esp\u00edritu de equipos. Nuestros abogados tratan con sensibilidad los deseos y las necesidades de nuestros exigentes clientes, haci\u00e9ndolo, realmente, como un team player, que es, precisamente lo que caracteriza a nuestro bufete. Somos socios jur\u00eddicos para todas las tareas legales, garantizando al mismo tiempo conocimientos especializados de alto rango. A nuestros j\u00f3venes [&hellip;]<\/p>\n","protected":false},"author":1,"featured_media":0,"parent":0,"menu_order":0,"comment_status":"closed","ping_status":"closed","template":"","meta":{"_et_pb_use_builder":"on","_et_pb_old_content":"","_et_gb_content_width":"","inline_featured_image":false,"footnotes":""},"class_list":["post-1248","page","type-page","status-publish","hentry"],"yoast_head":"<!-- This site is optimized with the Yoast SEO plugin v27.4 - https:\/\/yoast.com\/product\/yoast-seo-wordpress\/ -->\n<title>Abogados de G\u00f6hmann | \u00a1\u00danete a nuestro s\u00f3lido equipo!<\/title>\n<meta name=\"description\" content=\"Eres atento, comunicativo y quieres complementar un equipo joven y din\u00e1mico. \u00a1Entonces solicite convertirse en abogado hoy!\" \/>\n<meta name=\"robots\" content=\"index, follow, max-snippet:-1, max-image-preview:large, max-video-preview:-1\" \/>\n<link rel=\"canonical\" href=\"https:\/\/www.goehmann.de\/es\/abogados-2\/\" \/>\n<meta property=\"og:locale\" content=\"es_ES\" \/>\n<meta property=\"og:type\" content=\"article\" \/>\n<meta property=\"og:title\" content=\"Abogados de G\u00f6hmann | \u00a1\u00danete a nuestro s\u00f3lido equipo!\" \/>\n<meta property=\"og:description\" content=\"Eres atento, comunicativo y quieres complementar un equipo joven y din\u00e1mico. \u00a1Entonces solicite convertirse en abogado hoy!\" \/>\n<meta property=\"og:url\" content=\"https:\/\/www.goehmann.de\/es\/abogados-2\/\" \/>\n<meta property=\"og:site_name\" content=\"G\u00f6hmann\" \/>\n<meta property=\"article:modified_time\" content=\"2025-03-11T10:21:31+00:00\" \/>\n<meta name=\"twitter:card\" content=\"summary_large_image\" \/>\n<meta name=\"twitter:label1\" content=\"Tiempo de lectura\" \/>\n\t<meta name=\"twitter:data1\" content=\"2 minutos\" \/>\n<script type=\"application\/ld+json\" class=\"yoast-schema-graph\">{\"@context\":\"https:\\\/\\\/schema.org\",\"@graph\":[{\"@type\":\"WebPage\",\"@id\":\"https:\\\/\\\/www.goehmann.de\\\/es\\\/abogados-2\\\/\",\"url\":\"https:\\\/\\\/www.goehmann.de\\\/es\\\/abogados-2\\\/\",\"name\":\"Abogados de G\u00f6hmann | \u00a1\u00danete a nuestro s\u00f3lido equipo!\",\"isPartOf\":{\"@id\":\"https:\\\/\\\/www.goehmann.de\\\/es\\\/#website\"},\"datePublished\":\"2020-08-24T13:05:17+00:00\",\"dateModified\":\"2025-03-11T10:21:31+00:00\",\"description\":\"Eres atento, comunicativo y quieres complementar un equipo joven y din\u00e1mico. \u00a1Entonces solicite convertirse en abogado hoy!\",\"breadcrumb\":{\"@id\":\"https:\\\/\\\/www.goehmann.de\\\/es\\\/abogados-2\\\/#breadcrumb\"},\"inLanguage\":\"es\",\"potentialAction\":[{\"@type\":\"ReadAction\",\"target\":[\"https:\\\/\\\/www.goehmann.de\\\/es\\\/abogados-2\\\/\"]}]},{\"@type\":\"BreadcrumbList\",\"@id\":\"https:\\\/\\\/www.goehmann.de\\\/es\\\/abogados-2\\\/#breadcrumb\",\"itemListElement\":[{\"@type\":\"ListItem\",\"position\":1,\"name\":\"Startseite\",\"item\":\"https:\\\/\\\/www.goehmann.de\\\/es\\\/\"},{\"@type\":\"ListItem\",\"position\":2,\"name\":\"Abogados\"}]},{\"@type\":\"WebSite\",\"@id\":\"https:\\\/\\\/www.goehmann.de\\\/es\\\/#website\",\"url\":\"https:\\\/\\\/www.goehmann.de\\\/es\\\/\",\"name\":\"G\u00f6hmann\",\"description\":\"Just another WordPress site\",\"potentialAction\":[{\"@type\":\"SearchAction\",\"target\":{\"@type\":\"EntryPoint\",\"urlTemplate\":\"https:\\\/\\\/www.goehmann.de\\\/es\\\/?s={search_term_string}\"},\"query-input\":{\"@type\":\"PropertyValueSpecification\",\"valueRequired\":true,\"valueName\":\"search_term_string\"}}],\"inLanguage\":\"es\"}]}<\/script>\n<!-- \/ Yoast SEO plugin. -->","yoast_head_json":{"title":"Abogados de G\u00f6hmann | \u00a1\u00danete a nuestro s\u00f3lido equipo!","description":"Eres atento, comunicativo y quieres complementar un equipo joven y din\u00e1mico. \u00a1Entonces solicite convertirse en abogado hoy!","robots":{"index":"index","follow":"follow","max-snippet":"max-snippet:-1","max-image-preview":"max-image-preview:large","max-video-preview":"max-video-preview:-1"},"canonical":"https:\/\/www.goehmann.de\/es\/abogados-2\/","og_locale":"es_ES","og_type":"article","og_title":"Abogados de G\u00f6hmann | \u00a1\u00danete a nuestro s\u00f3lido equipo!","og_description":"Eres atento, comunicativo y quieres complementar un equipo joven y din\u00e1mico. \u00a1Entonces solicite convertirse en abogado hoy!","og_url":"https:\/\/www.goehmann.de\/es\/abogados-2\/","og_site_name":"G\u00f6hmann","article_modified_time":"2025-03-11T10:21:31+00:00","twitter_card":"summary_large_image","twitter_misc":{"Tiempo de lectura":"2 minutos"},"schema":{"@context":"https:\/\/schema.org","@graph":[{"@type":"WebPage","@id":"https:\/\/www.goehmann.de\/es\/abogados-2\/","url":"https:\/\/www.goehmann.de\/es\/abogados-2\/","name":"Abogados de G\u00f6hmann | \u00a1\u00danete a nuestro s\u00f3lido equipo!","isPartOf":{"@id":"https:\/\/www.goehmann.de\/es\/#website"},"datePublished":"2020-08-24T13:05:17+00:00","dateModified":"2025-03-11T10:21:31+00:00","description":"Eres atento, comunicativo y quieres complementar un equipo joven y din\u00e1mico. \u00a1Entonces solicite convertirse en abogado hoy!","breadcrumb":{"@id":"https:\/\/www.goehmann.de\/es\/abogados-2\/#breadcrumb"},"inLanguage":"es","potentialAction":[{"@type":"ReadAction","target":["https:\/\/www.goehmann.de\/es\/abogados-2\/"]}]},{"@type":"BreadcrumbList","@id":"https:\/\/www.goehmann.de\/es\/abogados-2\/#breadcrumb","itemListElement":[{"@type":"ListItem","position":1,"name":"Startseite","item":"https:\/\/www.goehmann.de\/es\/"},{"@type":"ListItem","position":2,"name":"Abogados"}]},{"@type":"WebSite","@id":"https:\/\/www.goehmann.de\/es\/#website","url":"https:\/\/www.goehmann.de\/es\/","name":"G\u00f6hmann","description":"Just another WordPress site","potentialAction":[{"@type":"SearchAction","target":{"@type":"EntryPoint","urlTemplate":"https:\/\/www.goehmann.de\/es\/?s={search_term_string}"},"query-input":{"@type":"PropertyValueSpecification","valueRequired":true,"valueName":"search_term_string"}}],"inLanguage":"es"}]}},"_links":{"self":[{"href":"https:\/\/www.goehmann.de\/es\/wp-json\/wp\/v2\/pages\/1248","targetHints":{"allow":["GET"]}}],"collection":[{"href":"https:\/\/www.goehmann.de\/es\/wp-json\/wp\/v2\/pages"}],"about":[{"href":"https:\/\/www.goehmann.de\/es\/wp-json\/wp\/v2\/types\/page"}],"author":[{"embeddable":true,"href":"https:\/\/www.goehmann.de\/es\/wp-json\/wp\/v2\/users\/1"}],"replies":[{"embeddable":true,"href":"https:\/\/www.goehmann.de\/es\/wp-json\/wp\/v2\/comments?post=1248"}],"version-history":[{"count":9,"href":"https:\/\/www.goehmann.de\/es\/wp-json\/wp\/v2\/pages\/1248\/revisions"}],"predecessor-version":[{"id":5660,"href":"https:\/\/www.goehmann.de\/es\/wp-json\/wp\/v2\/pages\/1248\/revisions\/5660"}],"wp:attachment":[{"href":"https:\/\/www.goehmann.de\/es\/wp-json\/wp\/v2\/media?parent=1248"}],"curies":[{"name":"wp","href":"https:\/\/api.w.org\/{rel}","templated":true}]}}