{"id":1236,"date":"2020-08-24T13:26:50","date_gmt":"2020-08-24T11:26:50","guid":{"rendered":"https:\/\/www.goehmann.de\/internacional\/"},"modified":"2025-03-13T11:13:20","modified_gmt":"2025-03-13T10:13:20","slug":"internacional","status":"publish","type":"page","link":"https:\/\/www.goehmann.de\/es\/internacional\/","title":{"rendered":"Internacional"},"content":{"rendered":"<p>[et_pb_section fb_built=\u00bb1&#8243; module_class=\u00bbheaderbild\u00bb _builder_version=\u00bb4.27.4&#8243; _module_preset=\u00bbdefault\u00bb background_image=\u00bbhttps:\/\/www.goehmann.de\/wp-content\/uploads\/2025\/01\/Goehmann_Hannover_HR-18_bear_XL_2-scaled.jpg\u00bb hover_enabled=\u00bb0&#8243; global_colors_info=\u00bb{}\u00bb title_text=\u00bbGo\u0308hmann_Hannover_HR-18_bear_XL_2&#8243; sticky_enabled=\u00bb0&#8243;][et_pb_row _builder_version=\u00bb4.16&#8243; _module_preset=\u00bbdefault\u00bb global_colors_info=\u00bb{}\u00bb][et_pb_column type=\u00bb4_4&#8243; _builder_version=\u00bb4.16&#8243; _module_preset=\u00bbdefault\u00bb global_colors_info=\u00bb{}\u00bb][et_pb_divider show_divider=\u00bboff\u00bb _builder_version=\u00bb4.16&#8243; _module_preset=\u00bbdefault\u00bb height=\u00bb150px\u00bb global_colors_info=\u00bb{}\u00bb][\/et_pb_divider][et_pb_text _builder_version=\u00bb4.27.4&#8243; _module_preset=\u00bbdefault\u00bb background_enable_image=\u00bboff\u00bb hover_enabled=\u00bb0&#8243; global_colors_info=\u00bb{}\u00bb sticky_enabled=\u00bb0&#8243;][\/et_pb_text][et_pb_divider show_divider=\u00bboff\u00bb _builder_version=\u00bb4.16&#8243; _module_preset=\u00bbdefault\u00bb height=\u00bb50px\u00bb global_colors_info=\u00bb{}\u00bb][\/et_pb_divider][\/et_pb_column][\/et_pb_row][\/et_pb_section][et_pb_section fb_built=\u00bb1&#8243; _builder_version=\u00bb4.16&#8243; _module_preset=\u00bbdefault\u00bb global_colors_info=\u00bb{}\u00bb][et_pb_row _builder_version=\u00bb4.16&#8243; _module_preset=\u00bbdefault\u00bb global_colors_info=\u00bb{}\u00bb][et_pb_column type=\u00bb4_4&#8243; _builder_version=\u00bb4.16&#8243; _module_preset=\u00bbdefault\u00bb global_colors_info=\u00bb{}\u00bb][et_pb_text _builder_version=\u00bb4.16&#8243; _module_preset=\u00bbdefault\u00bb global_colors_info=\u00bb{}\u00bb]<\/p>\n<h1>Presentes a nivel nacional. Con una red internacional.<\/h1>\n<p>Como bufete econ\u00f3mico actuamos tanto a nivel nacional como internacional. Para responder a las altas exigencias que ponemos en un asesoramiento internacional, estamos unidos en alianza con Globalaw, una de las redes de abogados m\u00e1s grandes del mundo.<\/p>\n<p>Globalaw abarca m\u00e1s de 100 bufetes independientes con aproximadamente 4.500 abogados que act\u00faan en m\u00e1s de 80 pa\u00edses en todo el mundo. A trav\u00e9s de esta alianza obtenemos para nosotros y para nuestros clientes un acceso directo a los respectivos conocimientos jur\u00eddicos locales, as\u00ed como a los excelentes conocimientos del mercado local que tienen los despachos miembros.<\/p>\n<p>El que una y otra vez socios individuales de nuestro despacho se comprometen activamente en comisiones y gremios de Globalaw, es una muestra de que esta red tambi\u00e9n est\u00e1 integrada activamente en el quehacer cotidiano de nuestro bufete.<\/p>\n<p><a href=\"https:\/\/www.globalaw.net\/\">www.globalaw.net<\/a>[\/et_pb_text][\/et_pb_column][\/et_pb_row][\/et_pb_section]<\/p>\n","protected":false},"excerpt":{"rendered":"<p>Presentes a nivel nacional. Con una red internacional. Como bufete econ\u00f3mico actuamos tanto a nivel nacional como internacional. Para responder a las altas exigencias que ponemos en un asesoramiento internacional, estamos unidos en alianza con Globalaw, una de las redes de abogados m\u00e1s grandes del mundo. Globalaw abarca m\u00e1s de 100 bufetes independientes con aproximadamente [&hellip;]<\/p>\n","protected":false},"author":1,"featured_media":0,"parent":0,"menu_order":0,"comment_status":"closed","ping_status":"closed","template":"","meta":{"_et_pb_use_builder":"on","_et_pb_old_content":"","_et_gb_content_width":"","inline_featured_image":false,"footnotes":""},"class_list":["post-1236","page","type-page","status-publish","hentry"],"yoast_head":"<!-- This site is optimized with the Yoast SEO plugin v27.4 - https:\/\/yoast.com\/product\/yoast-seo-wordpress\/ -->\n<title>Representaci\u00f3n legal internacional en 80 pa\u00edses | Goehmann<\/title>\n<meta name=\"description\" content=\"Para que podamos satisfacer las altas exigencias de la asesor\u00eda jur\u00eddica internacional, tenemos una alianza con la red internacional de abogados Globalaw.\" \/>\n<meta name=\"robots\" content=\"index, follow, max-snippet:-1, max-image-preview:large, max-video-preview:-1\" \/>\n<link rel=\"canonical\" href=\"https:\/\/www.goehmann.de\/es\/internacional\/\" \/>\n<meta property=\"og:locale\" content=\"es_ES\" \/>\n<meta property=\"og:type\" content=\"article\" \/>\n<meta property=\"og:title\" content=\"Representaci\u00f3n legal internacional en 80 pa\u00edses | Goehmann\" \/>\n<meta property=\"og:description\" content=\"Para que podamos satisfacer las altas exigencias de la asesor\u00eda jur\u00eddica internacional, tenemos una alianza con la red internacional de abogados Globalaw.\" \/>\n<meta property=\"og:url\" content=\"https:\/\/www.goehmann.de\/es\/internacional\/\" \/>\n<meta property=\"og:site_name\" content=\"G\u00f6hmann\" \/>\n<meta property=\"article:modified_time\" content=\"2025-03-13T10:13:20+00:00\" \/>\n<meta name=\"twitter:card\" content=\"summary_large_image\" \/>\n<meta name=\"twitter:label1\" content=\"Tiempo de lectura\" \/>\n\t<meta name=\"twitter:data1\" content=\"2 minutos\" \/>\n<script type=\"application\/ld+json\" class=\"yoast-schema-graph\">{\"@context\":\"https:\\\/\\\/schema.org\",\"@graph\":[{\"@type\":\"WebPage\",\"@id\":\"https:\\\/\\\/www.goehmann.de\\\/es\\\/internacional\\\/\",\"url\":\"https:\\\/\\\/www.goehmann.de\\\/es\\\/internacional\\\/\",\"name\":\"Representaci\u00f3n legal internacional en 80 pa\u00edses | Goehmann\",\"isPartOf\":{\"@id\":\"https:\\\/\\\/www.goehmann.de\\\/es\\\/#website\"},\"datePublished\":\"2020-08-24T11:26:50+00:00\",\"dateModified\":\"2025-03-13T10:13:20+00:00\",\"description\":\"Para que podamos satisfacer las altas exigencias de la asesor\u00eda jur\u00eddica internacional, tenemos una alianza con la red internacional de abogados Globalaw.\",\"breadcrumb\":{\"@id\":\"https:\\\/\\\/www.goehmann.de\\\/es\\\/internacional\\\/#breadcrumb\"},\"inLanguage\":\"es\",\"potentialAction\":[{\"@type\":\"ReadAction\",\"target\":[\"https:\\\/\\\/www.goehmann.de\\\/es\\\/internacional\\\/\"]}]},{\"@type\":\"BreadcrumbList\",\"@id\":\"https:\\\/\\\/www.goehmann.de\\\/es\\\/internacional\\\/#breadcrumb\",\"itemListElement\":[{\"@type\":\"ListItem\",\"position\":1,\"name\":\"Startseite\",\"item\":\"https:\\\/\\\/www.goehmann.de\\\/es\\\/\"},{\"@type\":\"ListItem\",\"position\":2,\"name\":\"Internacional\"}]},{\"@type\":\"WebSite\",\"@id\":\"https:\\\/\\\/www.goehmann.de\\\/es\\\/#website\",\"url\":\"https:\\\/\\\/www.goehmann.de\\\/es\\\/\",\"name\":\"G\u00f6hmann\",\"description\":\"Just another WordPress site\",\"potentialAction\":[{\"@type\":\"SearchAction\",\"target\":{\"@type\":\"EntryPoint\",\"urlTemplate\":\"https:\\\/\\\/www.goehmann.de\\\/es\\\/?s={search_term_string}\"},\"query-input\":{\"@type\":\"PropertyValueSpecification\",\"valueRequired\":true,\"valueName\":\"search_term_string\"}}],\"inLanguage\":\"es\"}]}<\/script>\n<!-- \/ Yoast SEO plugin. -->","yoast_head_json":{"title":"Representaci\u00f3n legal internacional en 80 pa\u00edses | Goehmann","description":"Para que podamos satisfacer las altas exigencias de la asesor\u00eda jur\u00eddica internacional, tenemos una alianza con la red internacional de abogados Globalaw.","robots":{"index":"index","follow":"follow","max-snippet":"max-snippet:-1","max-image-preview":"max-image-preview:large","max-video-preview":"max-video-preview:-1"},"canonical":"https:\/\/www.goehmann.de\/es\/internacional\/","og_locale":"es_ES","og_type":"article","og_title":"Representaci\u00f3n legal internacional en 80 pa\u00edses | Goehmann","og_description":"Para que podamos satisfacer las altas exigencias de la asesor\u00eda jur\u00eddica internacional, tenemos una alianza con la red internacional de abogados Globalaw.","og_url":"https:\/\/www.goehmann.de\/es\/internacional\/","og_site_name":"G\u00f6hmann","article_modified_time":"2025-03-13T10:13:20+00:00","twitter_card":"summary_large_image","twitter_misc":{"Tiempo de lectura":"2 minutos"},"schema":{"@context":"https:\/\/schema.org","@graph":[{"@type":"WebPage","@id":"https:\/\/www.goehmann.de\/es\/internacional\/","url":"https:\/\/www.goehmann.de\/es\/internacional\/","name":"Representaci\u00f3n legal internacional en 80 pa\u00edses | Goehmann","isPartOf":{"@id":"https:\/\/www.goehmann.de\/es\/#website"},"datePublished":"2020-08-24T11:26:50+00:00","dateModified":"2025-03-13T10:13:20+00:00","description":"Para que podamos satisfacer las altas exigencias de la asesor\u00eda jur\u00eddica internacional, tenemos una alianza con la red internacional de abogados Globalaw.","breadcrumb":{"@id":"https:\/\/www.goehmann.de\/es\/internacional\/#breadcrumb"},"inLanguage":"es","potentialAction":[{"@type":"ReadAction","target":["https:\/\/www.goehmann.de\/es\/internacional\/"]}]},{"@type":"BreadcrumbList","@id":"https:\/\/www.goehmann.de\/es\/internacional\/#breadcrumb","itemListElement":[{"@type":"ListItem","position":1,"name":"Startseite","item":"https:\/\/www.goehmann.de\/es\/"},{"@type":"ListItem","position":2,"name":"Internacional"}]},{"@type":"WebSite","@id":"https:\/\/www.goehmann.de\/es\/#website","url":"https:\/\/www.goehmann.de\/es\/","name":"G\u00f6hmann","description":"Just another WordPress site","potentialAction":[{"@type":"SearchAction","target":{"@type":"EntryPoint","urlTemplate":"https:\/\/www.goehmann.de\/es\/?s={search_term_string}"},"query-input":{"@type":"PropertyValueSpecification","valueRequired":true,"valueName":"search_term_string"}}],"inLanguage":"es"}]}},"_links":{"self":[{"href":"https:\/\/www.goehmann.de\/es\/wp-json\/wp\/v2\/pages\/1236","targetHints":{"allow":["GET"]}}],"collection":[{"href":"https:\/\/www.goehmann.de\/es\/wp-json\/wp\/v2\/pages"}],"about":[{"href":"https:\/\/www.goehmann.de\/es\/wp-json\/wp\/v2\/types\/page"}],"author":[{"embeddable":true,"href":"https:\/\/www.goehmann.de\/es\/wp-json\/wp\/v2\/users\/1"}],"replies":[{"embeddable":true,"href":"https:\/\/www.goehmann.de\/es\/wp-json\/wp\/v2\/comments?post=1236"}],"version-history":[{"count":6,"href":"https:\/\/www.goehmann.de\/es\/wp-json\/wp\/v2\/pages\/1236\/revisions"}],"predecessor-version":[{"id":5713,"href":"https:\/\/www.goehmann.de\/es\/wp-json\/wp\/v2\/pages\/1236\/revisions\/5713"}],"wp:attachment":[{"href":"https:\/\/www.goehmann.de\/es\/wp-json\/wp\/v2\/media?parent=1236"}],"curies":[{"name":"wp","href":"https:\/\/api.w.org\/{rel}","templated":true}]}}