{"id":1230,"date":"2020-08-24T13:24:22","date_gmt":"2020-08-24T11:24:22","guid":{"rendered":"https:\/\/www.goehmann.de\/historial\/"},"modified":"2025-03-13T11:14:22","modified_gmt":"2025-03-13T10:14:22","slug":"historial","status":"publish","type":"page","link":"https:\/\/www.goehmann.de\/es\/historial\/","title":{"rendered":"Historial"},"content":{"rendered":"<p>[et_pb_section fb_built=\u00bb1&#8243; module_class=\u00bbheaderbild\u00bb _builder_version=\u00bb4.27.4&#8243; _module_preset=\u00bbdefault\u00bb background_image=\u00bbhttps:\/\/www.goehmann.de\/wp-content\/uploads\/2025\/01\/Goehmann_Hannover_HR-18_bear_XL_2-scaled.jpg\u00bb hover_enabled=\u00bb0&#8243; global_colors_info=\u00bb{}\u00bb title_text=\u00bbGo\u0308hmann_Hannover_HR-18_bear_XL_2&#8243; sticky_enabled=\u00bb0&#8243;][et_pb_row _builder_version=\u00bb4.16&#8243; _module_preset=\u00bbdefault\u00bb global_colors_info=\u00bb{}\u00bb][et_pb_column type=\u00bb4_4&#8243; _builder_version=\u00bb4.16&#8243; _module_preset=\u00bbdefault\u00bb global_colors_info=\u00bb{}\u00bb][et_pb_divider show_divider=\u00bboff\u00bb _builder_version=\u00bb4.16&#8243; _module_preset=\u00bbdefault\u00bb height=\u00bb150px\u00bb global_colors_info=\u00bb{}\u00bb][\/et_pb_divider][et_pb_text _builder_version=\u00bb4.27.4&#8243; _module_preset=\u00bbdefault\u00bb background_enable_image=\u00bboff\u00bb hover_enabled=\u00bb0&#8243; global_colors_info=\u00bb{}\u00bb sticky_enabled=\u00bb0&#8243;][\/et_pb_text][et_pb_divider show_divider=\u00bboff\u00bb _builder_version=\u00bb4.16&#8243; _module_preset=\u00bbdefault\u00bb height=\u00bb50px\u00bb global_colors_info=\u00bb{}\u00bb][\/et_pb_divider][\/et_pb_column][\/et_pb_row][\/et_pb_section][et_pb_section fb_built=\u00bb1&#8243; _builder_version=\u00bb4.16&#8243; _module_preset=\u00bbdefault\u00bb global_colors_info=\u00bb{}\u00bb][et_pb_row _builder_version=\u00bb4.16&#8243; _module_preset=\u00bbdefault\u00bb global_colors_info=\u00bb{}\u00bb][et_pb_column type=\u00bb4_4&#8243; _builder_version=\u00bb4.16&#8243; _module_preset=\u00bbdefault\u00bb global_colors_info=\u00bb{}\u00bb][et_pb_text _builder_version=\u00bb4.16&#8243; _module_preset=\u00bbdefault\u00bb global_colors_info=\u00bb{}\u00bb]<\/p>\n<h1>Ra\u00edces regionales con presencia internacional.<\/h1>\n<p>G\u00d6HMANN naci\u00f3 de la fusi\u00f3n de dos sociedades civiles de abogados alemanes. Los comienzos se remontan al a\u00f1o 1879, cuando el abogado Dr. Albrecht Bulle fund\u00f3 un bufete en <a href=\"\/es\/emplazamientos\/bremen\/\"><strong>Bremen<\/strong><\/a>. Su buena reputaci\u00f3n la gan\u00f3 particularmente en el terreno del Derecho laboral, del Derecho de sociedades, del Derecho p\u00fablico y con una concentraci\u00f3n en el notariado. Hoy cubre completamente todos los campos del Derecho econ\u00f3mico. En la sede de Bremen act\u00faan hoy cuatro notarios. Otra prioridad es el Derecho espa\u00f1ol.<\/p>\n<p>El establecimiento de <a href=\"\/es\/emplazamientos\/hanover\/\"><strong>Han\u00f3ver<\/strong> <\/a>fue fundado originariamente en 1925 por el abogado y notario Dr. Paul Heesen. En 1949 ingres\u00f3 en el despacho el abogado y notario Dr. Rudolf G\u00f6hmann, quien le da hoy el nombre a nuestra Sociedad. El bufete de Hannover sent\u00f3 fama como bufete econ\u00f3mico reputado, con el notariado como centro de actividades, particularmente en los campos del Derecho de sociedades de capital, del Derecho inmobiliario y del Derecho de propiedad industrial. En el establecimiento de Hannover act\u00faan hoy 24 abogados y 7 notarios.<\/p>\n<p>Tambi\u00e9n el establecimiento de <a href=\"\/es\/emplazamientos\/braunschweig\/\"><strong>Braunschweig<\/strong> <\/a>tiene un historial de larga tradici\u00f3n. Ya antes de la Primera Guerra Mundial, partiendo del bufete del Dr. Arnold Roth, se fund\u00f3 all\u00ed la Soziet\u00e4t Dr. Elsmann Dr. Helms. Los abogados en Braunschweig son reconocidos por su competencia econ\u00f3mica, especialmente en el Derecho de sociedades an\u00f3nimas, en el Derecho de la construcci\u00f3n y de arquitectos y en el Derecho de la propiedad industrial. Con cinco notarios, las actividades notariales son tambi\u00e9n una actividad central.<\/p>\n<p>Desde<a href=\"\/es\/emplazamientos\/braunschweig\/\"><strong> Braunschweig<\/strong> <\/a>el bufete asesor\u00f3 a partir de 1990 numerosos asuntos jur\u00eddicos de la Reunificaci\u00f3n de Alemania, lo que a su vez condujo a la fundaci\u00f3n de la dependencia de <a href=\"\/es\/emplazamientos\/magdeburgo\/\"><strong>Magdeburgo<\/strong><\/a>. Nuestro establecimiento en esta ciudad ha adquirido hasta el d\u00eda de hoy una excelente reputaci\u00f3n, en particular en el \u00e1rea del Derecho mercantil y de sociedades, del Derecho laboral, del Derecho inmobiliario y de la construcci\u00f3n y del Derecho energ\u00e9tico.<\/p>\n<p>El establecimiento de <a href=\"\/es\/emplazamientos\/francfort-del-meno\/\"><strong>Fr\u00e1ncfort del Meno<\/strong><\/a> se remite a la reputada sociedad civil de los abogados Kappus &amp; Hartmann. Fue fundada, ya en el a\u00f1o 1957, por el Dr. Klaus-Dieter Hartmann, quien durante muchos a\u00f1os fue presidente del Colegio de Notarios de Fr\u00e1ncfort. El establecimiento de Fr\u00e1ncfort es conocido por la experiencia acumulada en decenas de a\u00f1os en materia de Derecho econ\u00f3mico, bancario e inmobiliario, as\u00ed como por el peso de su notariado. Hoy act\u00faan all\u00ed 26 abogados y cuatro notarios. Desde Fr\u00e1ncfort se abri\u00f3 en 1994 el establecimiento de Berl\u00edn.<\/p>\n<p>El establecimiento de <a href=\"\/es\/emplazamientos\/barcelona\/\"><strong>Barcelona<\/strong> <\/a>existe desde hace m\u00e1s de 20 a\u00f1os y representa a numerosas empresas alemanas, espa\u00f1olas y extranjeras en la Pen\u00ednsula Ib\u00e9rica. Estas son asistidas en este establecimiento por abogados espa\u00f1oles y alemanes \u2013por regla general biling\u00fces y con doble cualificaci\u00f3n. La oficina de Barcelona dispone de probada experiencia especialmente en Derecho econ\u00f3mico, bancario e inmobiliario.<\/p>\n<p><strong>Con representaci\u00f3n en toda la Rep\u00fablica Federal y con una red internacional<\/strong><\/p>\n<p>En los a\u00f1os 90 del siglo pasado fueron autorizadas en Alemania las sociedades civiles profesionales suprarregionales de abogados. Este fue tambi\u00e9n el punto de partida de la sociedad civil profesional en su forma actual. Paulatinamente se fusionaron los bufetes individuales, para de esta forma beneficiarse del intercambio mutuo y crecer, convirti\u00e9ndose en un bufete econ\u00f3mico que asesora en todas las cuestiones del Derecho econ\u00f3mico.<\/p>\n<p>En un primer paso, en el a\u00f1o 1998 se fusionaron los actuales establecimientos de Hannover y Braunschweig, que m\u00e1s tarde, en 1999, se fusionaron con el bufete de Bremen y finalmente, en 2001, con la sociedad civil profesional Kappus &amp; Hartmann, Fr\u00e1ncfort del Meno.<\/p>\n<p>En 2007 se fund\u00f3 G\u00d6HMANN Rechtsanw\u00e4lte Abogados Advokat Steuerberater Partnerschaftsgesellschaft, que abreviadamente firma con el nombre G\u00d6HMANN. En 2008 G\u00d6HMANN se incorpor\u00f3 a la red internacional de abogados Globalaw, para proporcionar a sus clientes acceso a la mayor red de bufetes econ\u00f3micos l\u00edderes.<\/p>\n<p>G\u00d6HMANN est\u00e1 presente hoy con equipos de abogados propios en siete emplazamientos: Berl\u00edn, Braunschweig, Bremen, Fr\u00e1ncfort del Meno, Hannover, Magdeburgo y Barcelona.<\/p>\n<p>[\/et_pb_text][\/et_pb_column][\/et_pb_row][\/et_pb_section]<\/p>\n","protected":false},"excerpt":{"rendered":"<p>Ra\u00edces regionales con presencia internacional. G\u00d6HMANN naci\u00f3 de la fusi\u00f3n de dos sociedades civiles de abogados alemanes. Los comienzos se remontan al a\u00f1o 1879, cuando el abogado Dr. Albrecht Bulle fund\u00f3 un bufete en Bremen. Su buena reputaci\u00f3n la gan\u00f3 particularmente en el terreno del Derecho laboral, del Derecho de sociedades, del Derecho p\u00fablico y [&hellip;]<\/p>\n","protected":false},"author":1,"featured_media":0,"parent":0,"menu_order":0,"comment_status":"closed","ping_status":"closed","template":"","meta":{"_et_pb_use_builder":"on","_et_pb_old_content":"","_et_gb_content_width":"","inline_featured_image":false,"footnotes":""},"class_list":["post-1230","page","type-page","status-publish","hentry"],"yoast_head":"<!-- This site is optimized with the Yoast SEO plugin v27.4 - https:\/\/yoast.com\/product\/yoast-seo-wordpress\/ -->\n<title>Historia de G\u00f6hmann | \u00a1All\u00ed para ti a nivel regional e internacional!<\/title>\n<meta name=\"description\" content=\"Hemos estado ah\u00ed para nuestros clientes durante mucho tiempo. Representamos a nuestros clientes tanto a nivel regional como internacional. \u00a1Concierte una cita hoy!\" \/>\n<meta name=\"robots\" content=\"index, follow, max-snippet:-1, max-image-preview:large, max-video-preview:-1\" \/>\n<link rel=\"canonical\" href=\"https:\/\/www.goehmann.de\/es\/historial\/\" \/>\n<meta property=\"og:locale\" content=\"es_ES\" \/>\n<meta property=\"og:type\" content=\"article\" \/>\n<meta property=\"og:title\" content=\"Historia de G\u00f6hmann | \u00a1All\u00ed para ti a nivel regional e internacional!\" \/>\n<meta property=\"og:description\" content=\"Hemos estado ah\u00ed para nuestros clientes durante mucho tiempo. Representamos a nuestros clientes tanto a nivel regional como internacional. \u00a1Concierte una cita hoy!\" \/>\n<meta property=\"og:url\" content=\"https:\/\/www.goehmann.de\/es\/historial\/\" \/>\n<meta property=\"og:site_name\" content=\"G\u00f6hmann\" \/>\n<meta property=\"article:modified_time\" content=\"2025-03-13T10:14:22+00:00\" \/>\n<meta name=\"twitter:card\" content=\"summary_large_image\" \/>\n<meta name=\"twitter:label1\" content=\"Tiempo de lectura\" \/>\n\t<meta name=\"twitter:data1\" content=\"5 minutos\" \/>\n<script type=\"application\/ld+json\" class=\"yoast-schema-graph\">{\"@context\":\"https:\\\/\\\/schema.org\",\"@graph\":[{\"@type\":\"WebPage\",\"@id\":\"https:\\\/\\\/www.goehmann.de\\\/es\\\/historial\\\/\",\"url\":\"https:\\\/\\\/www.goehmann.de\\\/es\\\/historial\\\/\",\"name\":\"Historia de G\u00f6hmann | \u00a1All\u00ed para ti a nivel regional e internacional!\",\"isPartOf\":{\"@id\":\"https:\\\/\\\/www.goehmann.de\\\/es\\\/#website\"},\"datePublished\":\"2020-08-24T11:24:22+00:00\",\"dateModified\":\"2025-03-13T10:14:22+00:00\",\"description\":\"Hemos estado ah\u00ed para nuestros clientes durante mucho tiempo. Representamos a nuestros clientes tanto a nivel regional como internacional. \u00a1Concierte una cita hoy!\",\"breadcrumb\":{\"@id\":\"https:\\\/\\\/www.goehmann.de\\\/es\\\/historial\\\/#breadcrumb\"},\"inLanguage\":\"es\",\"potentialAction\":[{\"@type\":\"ReadAction\",\"target\":[\"https:\\\/\\\/www.goehmann.de\\\/es\\\/historial\\\/\"]}]},{\"@type\":\"BreadcrumbList\",\"@id\":\"https:\\\/\\\/www.goehmann.de\\\/es\\\/historial\\\/#breadcrumb\",\"itemListElement\":[{\"@type\":\"ListItem\",\"position\":1,\"name\":\"Startseite\",\"item\":\"https:\\\/\\\/www.goehmann.de\\\/es\\\/\"},{\"@type\":\"ListItem\",\"position\":2,\"name\":\"Historial\"}]},{\"@type\":\"WebSite\",\"@id\":\"https:\\\/\\\/www.goehmann.de\\\/es\\\/#website\",\"url\":\"https:\\\/\\\/www.goehmann.de\\\/es\\\/\",\"name\":\"G\u00f6hmann\",\"description\":\"Just another WordPress site\",\"potentialAction\":[{\"@type\":\"SearchAction\",\"target\":{\"@type\":\"EntryPoint\",\"urlTemplate\":\"https:\\\/\\\/www.goehmann.de\\\/es\\\/?s={search_term_string}\"},\"query-input\":{\"@type\":\"PropertyValueSpecification\",\"valueRequired\":true,\"valueName\":\"search_term_string\"}}],\"inLanguage\":\"es\"}]}<\/script>\n<!-- \/ Yoast SEO plugin. -->","yoast_head_json":{"title":"Historia de G\u00f6hmann | \u00a1All\u00ed para ti a nivel regional e internacional!","description":"Hemos estado ah\u00ed para nuestros clientes durante mucho tiempo. Representamos a nuestros clientes tanto a nivel regional como internacional. \u00a1Concierte una cita hoy!","robots":{"index":"index","follow":"follow","max-snippet":"max-snippet:-1","max-image-preview":"max-image-preview:large","max-video-preview":"max-video-preview:-1"},"canonical":"https:\/\/www.goehmann.de\/es\/historial\/","og_locale":"es_ES","og_type":"article","og_title":"Historia de G\u00f6hmann | \u00a1All\u00ed para ti a nivel regional e internacional!","og_description":"Hemos estado ah\u00ed para nuestros clientes durante mucho tiempo. Representamos a nuestros clientes tanto a nivel regional como internacional. \u00a1Concierte una cita hoy!","og_url":"https:\/\/www.goehmann.de\/es\/historial\/","og_site_name":"G\u00f6hmann","article_modified_time":"2025-03-13T10:14:22+00:00","twitter_card":"summary_large_image","twitter_misc":{"Tiempo de lectura":"5 minutos"},"schema":{"@context":"https:\/\/schema.org","@graph":[{"@type":"WebPage","@id":"https:\/\/www.goehmann.de\/es\/historial\/","url":"https:\/\/www.goehmann.de\/es\/historial\/","name":"Historia de G\u00f6hmann | \u00a1All\u00ed para ti a nivel regional e internacional!","isPartOf":{"@id":"https:\/\/www.goehmann.de\/es\/#website"},"datePublished":"2020-08-24T11:24:22+00:00","dateModified":"2025-03-13T10:14:22+00:00","description":"Hemos estado ah\u00ed para nuestros clientes durante mucho tiempo. Representamos a nuestros clientes tanto a nivel regional como internacional. \u00a1Concierte una cita hoy!","breadcrumb":{"@id":"https:\/\/www.goehmann.de\/es\/historial\/#breadcrumb"},"inLanguage":"es","potentialAction":[{"@type":"ReadAction","target":["https:\/\/www.goehmann.de\/es\/historial\/"]}]},{"@type":"BreadcrumbList","@id":"https:\/\/www.goehmann.de\/es\/historial\/#breadcrumb","itemListElement":[{"@type":"ListItem","position":1,"name":"Startseite","item":"https:\/\/www.goehmann.de\/es\/"},{"@type":"ListItem","position":2,"name":"Historial"}]},{"@type":"WebSite","@id":"https:\/\/www.goehmann.de\/es\/#website","url":"https:\/\/www.goehmann.de\/es\/","name":"G\u00f6hmann","description":"Just another WordPress site","potentialAction":[{"@type":"SearchAction","target":{"@type":"EntryPoint","urlTemplate":"https:\/\/www.goehmann.de\/es\/?s={search_term_string}"},"query-input":{"@type":"PropertyValueSpecification","valueRequired":true,"valueName":"search_term_string"}}],"inLanguage":"es"}]}},"_links":{"self":[{"href":"https:\/\/www.goehmann.de\/es\/wp-json\/wp\/v2\/pages\/1230","targetHints":{"allow":["GET"]}}],"collection":[{"href":"https:\/\/www.goehmann.de\/es\/wp-json\/wp\/v2\/pages"}],"about":[{"href":"https:\/\/www.goehmann.de\/es\/wp-json\/wp\/v2\/types\/page"}],"author":[{"embeddable":true,"href":"https:\/\/www.goehmann.de\/es\/wp-json\/wp\/v2\/users\/1"}],"replies":[{"embeddable":true,"href":"https:\/\/www.goehmann.de\/es\/wp-json\/wp\/v2\/comments?post=1230"}],"version-history":[{"count":6,"href":"https:\/\/www.goehmann.de\/es\/wp-json\/wp\/v2\/pages\/1230\/revisions"}],"predecessor-version":[{"id":5716,"href":"https:\/\/www.goehmann.de\/es\/wp-json\/wp\/v2\/pages\/1230\/revisions\/5716"}],"wp:attachment":[{"href":"https:\/\/www.goehmann.de\/es\/wp-json\/wp\/v2\/media?parent=1230"}],"curies":[{"name":"wp","href":"https:\/\/api.w.org\/{rel}","templated":true}]}}