{"id":1227,"date":"2020-08-24T13:21:27","date_gmt":"2020-08-24T11:21:27","guid":{"rendered":"https:\/\/www.goehmann.de\/principios\/"},"modified":"2025-03-11T11:09:50","modified_gmt":"2025-03-11T10:09:50","slug":"principios","status":"publish","type":"page","link":"https:\/\/www.goehmann.de\/es\/principios\/","title":{"rendered":"Principios"},"content":{"rendered":"<p>[et_pb_section fb_built=\u00bb1&#8243; admin_label=\u00bbSektion\u00bb module_class=\u00bbheaderbild\u00bb _builder_version=\u00bb4.27.4&#8243; _module_preset=\u00bbdefault\u00bb background_image=\u00bbhttps:\/\/www.goehmann.de\/wp-content\/uploads\/2025\/01\/Goehmann_Hannover_HR-18_bear_XL_2-scaled.jpg\u00bb hover_enabled=\u00bb0&#8243; global_colors_info=\u00bb{}\u00bb title_text=\u00bbGo\u0308hmann_Hannover_HR-18_bear_XL_2&#8243; sticky_enabled=\u00bb0&#8243;][et_pb_row _builder_version=\u00bb4.16&#8243; _module_preset=\u00bbdefault\u00bb global_colors_info=\u00bb{}\u00bb][et_pb_column type=\u00bb4_4&#8243; _builder_version=\u00bb4.16&#8243; _module_preset=\u00bbdefault\u00bb global_colors_info=\u00bb{}\u00bb][et_pb_divider show_divider=\u00bboff\u00bb _builder_version=\u00bb4.16&#8243; _module_preset=\u00bbdefault\u00bb height=\u00bb150px\u00bb global_colors_info=\u00bb{}\u00bb][\/et_pb_divider][et_pb_text admin_label=\u00bbText\u00bb _builder_version=\u00bb4.27.4&#8243; _module_preset=\u00bbdefault\u00bb hover_enabled=\u00bb0&#8243; global_colors_info=\u00bb{}\u00bb sticky_enabled=\u00bb0&#8243;][\/et_pb_text][et_pb_divider show_divider=\u00bboff\u00bb _builder_version=\u00bb4.16&#8243; _module_preset=\u00bbdefault\u00bb height=\u00bb50px\u00bb global_colors_info=\u00bb{}\u00bb][\/et_pb_divider][\/et_pb_column][\/et_pb_row][\/et_pb_section][et_pb_section fb_built=\u00bb1&#8243; _builder_version=\u00bb4.16&#8243; _module_preset=\u00bbdefault\u00bb global_colors_info=\u00bb{}\u00bb][et_pb_row _builder_version=\u00bb4.16&#8243; _module_preset=\u00bbdefault\u00bb global_colors_info=\u00bb{}\u00bb][et_pb_column type=\u00bb4_4&#8243; _builder_version=\u00bb4.16&#8243; _module_preset=\u00bbdefault\u00bb global_colors_info=\u00bb{}\u00bb][et_pb_text _builder_version=\u00bb4.27.4&#8243; _module_preset=\u00bbdefault\u00bb hover_enabled=\u00bb0&#8243; global_colors_info=\u00bb{}\u00bb sticky_enabled=\u00bb0&#8243;]<\/p>\n<h1>En el centro de la relaci\u00f3n abogado-cliente: confianza y enfoque.<\/h1>\n<p>El cliente ocupa el centro de nuestra atenci\u00f3n. Sus intereses, sus objetivos y su \u00e9xito priman por encima de todo. Sabemos muy bien que la elecci\u00f3n del abogado y del notario correcto es cuesti\u00f3n de confianza.<\/p>\n<p>Nos tomamos tiempo para Ud. y le prestamos atenci\u00f3n. El trato personal en igualdad de condiciones es la base de nuestra actuaci\u00f3n. Una comunicaci\u00f3n en t\u00e9rminos simples garantiza en todo momento la transparencia necesaria. Solo mediante la franqueza y la honestidad es posible obtener un resultado \u00f3ptimo en el asesoramiento. Le acompa\u00f1amos en las situaciones dif\u00edciles y estaremos a su lado con el consejo profesional necesario y recomendaciones concretas.<\/p>\n<p>Nuestro objetivo es representar sus intereses de forma \u00f3ptima. En el an\u00e1lisis de su demanda jur\u00eddica siempre incorporamos aspectos estrat\u00e9gicos, econ\u00f3micos y fiscales. Puede esperar de nosotros en todo mandato un an\u00e1lisis r\u00e1pido y claro y una evaluaci\u00f3n de riesgos responsable. Nuestro asesoramiento est\u00e1 orientado a evitar en lo posible procesos de altos gastos, de tiempo y dinero.<\/p>\n<p>Mediante una gesti\u00f3n eficiente de todos los emplazamientos de nuestra Sociedad, sentamos la base \u00f3ptima para cumplir las tareas encomendadas con la m\u00e1xima calidad de asesoramiento, flexibilidad y transparencia de costes.<\/p>\n<p><strong>Socios fuertes. Dondequiera que est\u00e9.<\/strong>[\/et_pb_text][\/et_pb_column][\/et_pb_row][\/et_pb_section]<\/p>\n","protected":false},"excerpt":{"rendered":"<p>En el centro de la relaci\u00f3n abogado-cliente: confianza y enfoque. El cliente ocupa el centro de nuestra atenci\u00f3n. Sus intereses, sus objetivos y su \u00e9xito priman por encima de todo. Sabemos muy bien que la elecci\u00f3n del abogado y del notario correcto es cuesti\u00f3n de confianza. Nos tomamos tiempo para Ud. y le prestamos atenci\u00f3n. [&hellip;]<\/p>\n","protected":false},"author":1,"featured_media":0,"parent":0,"menu_order":0,"comment_status":"closed","ping_status":"closed","template":"","meta":{"_et_pb_use_builder":"on","_et_pb_old_content":"","_et_gb_content_width":"","inline_featured_image":false,"footnotes":""},"class_list":["post-1227","page","type-page","status-publish","hentry"],"yoast_head":"<!-- This site is optimized with the Yoast SEO plugin v27.4 - https:\/\/yoast.com\/product\/yoast-seo-wordpress\/ -->\n<title>Principios | Nuestros confiables servicios legales y notariales<\/title>\n<meta name=\"description\" content=\"Para poder asesorarle de forma fiable, garantizamos la m\u00e1xima calidad de asesoramiento, flexibilidad y transparencia de costes. \u00a1Concierte una cita hoy!\" \/>\n<meta name=\"robots\" content=\"index, follow, max-snippet:-1, max-image-preview:large, max-video-preview:-1\" \/>\n<link rel=\"canonical\" href=\"https:\/\/www.goehmann.de\/es\/principios\/\" \/>\n<meta property=\"og:locale\" content=\"es_ES\" \/>\n<meta property=\"og:type\" content=\"article\" \/>\n<meta property=\"og:title\" content=\"Principios | Nuestros confiables servicios legales y notariales\" \/>\n<meta property=\"og:description\" content=\"Para poder asesorarle de forma fiable, garantizamos la m\u00e1xima calidad de asesoramiento, flexibilidad y transparencia de costes. \u00a1Concierte una cita hoy!\" \/>\n<meta property=\"og:url\" content=\"https:\/\/www.goehmann.de\/es\/principios\/\" \/>\n<meta property=\"og:site_name\" content=\"G\u00f6hmann\" \/>\n<meta property=\"article:modified_time\" content=\"2025-03-11T10:09:50+00:00\" \/>\n<meta name=\"twitter:card\" content=\"summary_large_image\" \/>\n<meta name=\"twitter:label1\" content=\"Tiempo de lectura\" \/>\n\t<meta name=\"twitter:data1\" content=\"2 minutos\" \/>\n<script type=\"application\/ld+json\" class=\"yoast-schema-graph\">{\"@context\":\"https:\\\/\\\/schema.org\",\"@graph\":[{\"@type\":\"WebPage\",\"@id\":\"https:\\\/\\\/www.goehmann.de\\\/es\\\/principios\\\/\",\"url\":\"https:\\\/\\\/www.goehmann.de\\\/es\\\/principios\\\/\",\"name\":\"Principios | Nuestros confiables servicios legales y notariales\",\"isPartOf\":{\"@id\":\"https:\\\/\\\/www.goehmann.de\\\/es\\\/#website\"},\"datePublished\":\"2020-08-24T11:21:27+00:00\",\"dateModified\":\"2025-03-11T10:09:50+00:00\",\"description\":\"Para poder asesorarle de forma fiable, garantizamos la m\u00e1xima calidad de asesoramiento, flexibilidad y transparencia de costes. \u00a1Concierte una cita hoy!\",\"breadcrumb\":{\"@id\":\"https:\\\/\\\/www.goehmann.de\\\/es\\\/principios\\\/#breadcrumb\"},\"inLanguage\":\"es\",\"potentialAction\":[{\"@type\":\"ReadAction\",\"target\":[\"https:\\\/\\\/www.goehmann.de\\\/es\\\/principios\\\/\"]}]},{\"@type\":\"BreadcrumbList\",\"@id\":\"https:\\\/\\\/www.goehmann.de\\\/es\\\/principios\\\/#breadcrumb\",\"itemListElement\":[{\"@type\":\"ListItem\",\"position\":1,\"name\":\"Startseite\",\"item\":\"https:\\\/\\\/www.goehmann.de\\\/es\\\/\"},{\"@type\":\"ListItem\",\"position\":2,\"name\":\"Principios\"}]},{\"@type\":\"WebSite\",\"@id\":\"https:\\\/\\\/www.goehmann.de\\\/es\\\/#website\",\"url\":\"https:\\\/\\\/www.goehmann.de\\\/es\\\/\",\"name\":\"G\u00f6hmann\",\"description\":\"Just another WordPress site\",\"potentialAction\":[{\"@type\":\"SearchAction\",\"target\":{\"@type\":\"EntryPoint\",\"urlTemplate\":\"https:\\\/\\\/www.goehmann.de\\\/es\\\/?s={search_term_string}\"},\"query-input\":{\"@type\":\"PropertyValueSpecification\",\"valueRequired\":true,\"valueName\":\"search_term_string\"}}],\"inLanguage\":\"es\"}]}<\/script>\n<!-- \/ Yoast SEO plugin. -->","yoast_head_json":{"title":"Principios | Nuestros confiables servicios legales y notariales","description":"Para poder asesorarle de forma fiable, garantizamos la m\u00e1xima calidad de asesoramiento, flexibilidad y transparencia de costes. \u00a1Concierte una cita hoy!","robots":{"index":"index","follow":"follow","max-snippet":"max-snippet:-1","max-image-preview":"max-image-preview:large","max-video-preview":"max-video-preview:-1"},"canonical":"https:\/\/www.goehmann.de\/es\/principios\/","og_locale":"es_ES","og_type":"article","og_title":"Principios | Nuestros confiables servicios legales y notariales","og_description":"Para poder asesorarle de forma fiable, garantizamos la m\u00e1xima calidad de asesoramiento, flexibilidad y transparencia de costes. \u00a1Concierte una cita hoy!","og_url":"https:\/\/www.goehmann.de\/es\/principios\/","og_site_name":"G\u00f6hmann","article_modified_time":"2025-03-11T10:09:50+00:00","twitter_card":"summary_large_image","twitter_misc":{"Tiempo de lectura":"2 minutos"},"schema":{"@context":"https:\/\/schema.org","@graph":[{"@type":"WebPage","@id":"https:\/\/www.goehmann.de\/es\/principios\/","url":"https:\/\/www.goehmann.de\/es\/principios\/","name":"Principios | Nuestros confiables servicios legales y notariales","isPartOf":{"@id":"https:\/\/www.goehmann.de\/es\/#website"},"datePublished":"2020-08-24T11:21:27+00:00","dateModified":"2025-03-11T10:09:50+00:00","description":"Para poder asesorarle de forma fiable, garantizamos la m\u00e1xima calidad de asesoramiento, flexibilidad y transparencia de costes. \u00a1Concierte una cita hoy!","breadcrumb":{"@id":"https:\/\/www.goehmann.de\/es\/principios\/#breadcrumb"},"inLanguage":"es","potentialAction":[{"@type":"ReadAction","target":["https:\/\/www.goehmann.de\/es\/principios\/"]}]},{"@type":"BreadcrumbList","@id":"https:\/\/www.goehmann.de\/es\/principios\/#breadcrumb","itemListElement":[{"@type":"ListItem","position":1,"name":"Startseite","item":"https:\/\/www.goehmann.de\/es\/"},{"@type":"ListItem","position":2,"name":"Principios"}]},{"@type":"WebSite","@id":"https:\/\/www.goehmann.de\/es\/#website","url":"https:\/\/www.goehmann.de\/es\/","name":"G\u00f6hmann","description":"Just another WordPress site","potentialAction":[{"@type":"SearchAction","target":{"@type":"EntryPoint","urlTemplate":"https:\/\/www.goehmann.de\/es\/?s={search_term_string}"},"query-input":{"@type":"PropertyValueSpecification","valueRequired":true,"valueName":"search_term_string"}}],"inLanguage":"es"}]}},"_links":{"self":[{"href":"https:\/\/www.goehmann.de\/es\/wp-json\/wp\/v2\/pages\/1227","targetHints":{"allow":["GET"]}}],"collection":[{"href":"https:\/\/www.goehmann.de\/es\/wp-json\/wp\/v2\/pages"}],"about":[{"href":"https:\/\/www.goehmann.de\/es\/wp-json\/wp\/v2\/types\/page"}],"author":[{"embeddable":true,"href":"https:\/\/www.goehmann.de\/es\/wp-json\/wp\/v2\/users\/1"}],"replies":[{"embeddable":true,"href":"https:\/\/www.goehmann.de\/es\/wp-json\/wp\/v2\/comments?post=1227"}],"version-history":[{"count":3,"href":"https:\/\/www.goehmann.de\/es\/wp-json\/wp\/v2\/pages\/1227\/revisions"}],"predecessor-version":[{"id":5622,"href":"https:\/\/www.goehmann.de\/es\/wp-json\/wp\/v2\/pages\/1227\/revisions\/5622"}],"wp:attachment":[{"href":"https:\/\/www.goehmann.de\/es\/wp-json\/wp\/v2\/media?parent=1227"}],"curies":[{"name":"wp","href":"https:\/\/api.w.org\/{rel}","templated":true}]}}