{"id":122,"date":"2020-07-01T17:27:53","date_gmt":"2020-07-01T15:27:53","guid":{"rendered":"https:\/\/www.goehmann.de\/competencias\/"},"modified":"2025-03-11T11:04:56","modified_gmt":"2025-03-11T10:04:56","slug":"competencias","status":"publish","type":"page","link":"https:\/\/www.goehmann.de\/es\/competencias\/","title":{"rendered":"Competencias"},"content":{"rendered":"<p>[et_pb_section fb_built=\u00bb1&#8243; admin_label=\u00bbSektion\u00bb module_class=\u00bbheaderbild\u00bb _builder_version=\u00bb4.27.4&#8243; _module_preset=\u00bbdefault\u00bb background_image=\u00bbhttps:\/\/www.goehmann.de\/wp-content\/uploads\/2025\/01\/Goehmann-Rechtsanwaelte-Kompetenzen-Banner-web-scaled.jpg\u00bb hover_enabled=\u00bb0&#8243; global_colors_info=\u00bb{}\u00bb title_text=\u00bbGoehmann-Rechtsanwaelte-Kompetenzen-Banner-web\u00bb sticky_enabled=\u00bb0&#8243;][et_pb_row _builder_version=\u00bb4.16&#8243; _module_preset=\u00bbdefault\u00bb global_colors_info=\u00bb{}\u00bb][et_pb_column type=\u00bb4_4&#8243; _builder_version=\u00bb4.16&#8243; _module_preset=\u00bbdefault\u00bb global_colors_info=\u00bb{}\u00bb][et_pb_divider show_divider=\u00bboff\u00bb _builder_version=\u00bb4.16&#8243; _module_preset=\u00bbdefault\u00bb height=\u00bb150px\u00bb global_colors_info=\u00bb{}\u00bb][\/et_pb_divider][et_pb_text admin_label=\u00bbText\u00bb _builder_version=\u00bb4.27.4&#8243; _module_preset=\u00bbdefault\u00bb hover_enabled=\u00bb0&#8243; global_colors_info=\u00bb{}\u00bb sticky_enabled=\u00bb0&#8243;][\/et_pb_text][et_pb_divider show_divider=\u00bboff\u00bb _builder_version=\u00bb4.16&#8243; _module_preset=\u00bbdefault\u00bb height=\u00bb50px\u00bb global_colors_info=\u00bb{}\u00bb][\/et_pb_divider][\/et_pb_column][\/et_pb_row][\/et_pb_section][et_pb_section fb_built=\u00bb1&#8243; _builder_version=\u00bb4.16&#8243; _module_preset=\u00bbdefault\u00bb global_colors_info=\u00bb{}\u00bb][et_pb_row column_structure=\u00bb2_3,1_3&#8243; _builder_version=\u00bb4.16&#8243; _module_preset=\u00bbdefault\u00bb global_colors_info=\u00bb{}\u00bb][et_pb_column type=\u00bb2_3&#8243; _builder_version=\u00bb4.16&#8243; _module_preset=\u00bbdefault\u00bb global_colors_info=\u00bb{}\u00bb][et_pb_text _builder_version=\u00bb4.27.4&#8243; _module_preset=\u00bbdefault\u00bb hover_enabled=\u00bb0&#8243; global_colors_info=\u00bb{}\u00bb sticky_enabled=\u00bb0&#8243;]<\/p>\n<h1>Asesoramiento jur\u00eddico al m\u00e1s alto nivel: excelentes conocimientos, soluciones individuales.<\/h1>\n<p>La larga experiencia y los s\u00f3lidos conocimientos hacen de nosotros conocedores de todos los detalles de diferentes sectores. Inmobiliarias, bancos, seguros, comercio y econom\u00eda, medios de comunicaci\u00f3n e IT \u2013cada sector tiene caracter\u00edsticas absolutamente propias que exigen estrategias individuales. En relaciones de mandato personales y de larga duraci\u00f3n se ha ido formado una base de confianza que ha permitido que nuestros abogados pueden aplicar de forma \u00f3ptima su know-how en beneficio de los intereses y objetivos de sus mandantes.<\/p>\n<p>Asesoramos a grupos empresariales, compa\u00f1\u00edas de seguro, administraciones p\u00fablicas, a la peque\u00f1a y mediana empresa as\u00ed como a particulares en todas las cuestiones del Derecho econ\u00f3mico nacional e internacional. Nuestros clientes se benefician de nuestro estilo de comunicaci\u00f3n claro y sencillo, as\u00ed como de una valoraci\u00f3n r\u00e1pida pero s\u00f3lida de todos los riesgos y oportunidades de cada caso.<\/p>\n<p>Si desea informaciones detalladas sobre todos los \u00e1mbitos de competencia y el correspondiente socio interlocutor, las puede encontrar usando el men\u00fa de selecci\u00f3n.<\/p>\n<p><strong>A todo marcha. G\u00f6hmann.<\/strong>[\/et_pb_text][\/et_pb_column][et_pb_column type=\u00bb1_3&#8243; _builder_version=\u00bb4.16&#8243; _module_preset=\u00bbdefault\u00bb background_color=\u00bb#f1f1f1&#8243; global_colors_info=\u00bb{}\u00bb][et_pb_text _builder_version=\u00bb4.16&#8243; _module_preset=\u00bbdefault\u00bb custom_padding=\u00bb10px|10px|10px|10px|false|false\u00bb global_colors_info=\u00bb{}\u00bb]<\/p>\n<h2>Nuestras competencias<\/h2><div id=\"kompetenzen\" class=\"kompetenzen-teaser\"><div class=\"search\"><select onchange=\"change_kompetenz_search(this)\" id=\"kompetenz_search_dropdown\"><option value=\"\">Todos los emplazamientos<\/option><option value='470' >Berl\u00edn<\/option><option value='471' >Braunschweig<\/option><option value='472' >Bremen<\/option><option value='473' >Fr\u00e1ncfort del Meno<\/option><option value='474' >Han\u00f3ver<\/option><option value='475' >Magdeburgo<\/option><option value='476' >Barcelona<\/option><\/select><\/div><ul class=\"kompetenzen-liste\"><li class=\"kompetenzen-item\" data-standort=\"474,471\"><a href=\"https:\/\/www.goehmann.de\/kompetenzen\/agrarrecht\/\">Derecho agrario<\/a><\/li><li class=\"kompetenzen-item\" data-standort=\"470;474,473\"><a href=\"https:\/\/www.goehmann.de\/kompetenzen\/kartellrecht\/\">Derecho antimonopolios<\/a><\/li><li class=\"kompetenzen-item\" data-standort=\"473,474\"><a href=\"https:\/\/www.goehmann.de\/kompetenzen\/bank-und-aufsichtsrecht-finanzierung\/\">Derecho bancario y de supervisi\u00f3n\/financiamiento<\/a><\/li><li class=\"kompetenzen-item\" data-standort=\"470;471,470,471,473,474\"><a href=\"https:\/\/www.goehmann.de\/kompetenzen\/architektenrecht\/\">Derecho de arquitectos<\/a><\/li><li class=\"kompetenzen-item\" data-standort=\"470;471,470;474,475,473,471\"><a href=\"https:\/\/www.goehmann.de\/kompetenzen\/vergaberecht\/\">Derecho de contrataci\u00f3n<\/a><\/li><li class=\"kompetenzen-item\" data-standort=\"474,473,472,470;471\"><a href=\"https:\/\/www.goehmann.de\/kompetenzen\/ip-und-wettbewerb\/\">Derecho de la propiedad intelectual y la competencia<\/a><\/li><li class=\"kompetenzen-item\" data-standort=\"474,475,470;471,473\"><a href=\"https:\/\/www.goehmann.de\/kompetenzen\/medien-und-urheberrecht-technologie-und-kommunikation\/\">Derecho de medios y de autor, tecnolog\u00eda y comunicaci\u00f3n<\/a><\/li><li class=\"kompetenzen-item\" data-standort=\"473,474,472\"><a href=\"https:\/\/www.goehmann.de\/kompetenzen\/datenschutzrecht\/\">Derecho de protecci\u00f3n de datos<\/a><\/li><li class=\"kompetenzen-item\" data-standort=\"473,474,475\"><a href=\"https:\/\/www.goehmann.de\/kompetenzen\/versicherungs-und-haftpflichtrecht\/\">Derecho de seguros y derecho de responsabilidad civil<\/a><\/li><li class=\"kompetenzen-item\" data-standort=\"474,470,473,471,472,475,476\"><a href=\"https:\/\/www.goehmann.de\/kompetenzen\/gesellschaftsrecht\/\">Derecho de sociedades<\/a><\/li><li class=\"kompetenzen-item\" data-standort=\"475,470\"><a href=\"https:\/\/www.goehmann.de\/kompetenzen\/gewerbliches-mietrecht\/\">Derecho del arrendamiento comercial<\/a><\/li><li class=\"kompetenzen-item\" data-standort=\"475,472\"><a href=\"https:\/\/www.goehmann.de\/kompetenzen\/energierecht\/\">Derecho energ\u00e9tico<\/a><\/li><li class=\"kompetenzen-item\" data-standort=\"476,472\"><a href=\"https:\/\/www.goehmann.de\/kompetenzen\/spanisches-recht\/\">Derecho espa\u00f1ol<\/a><\/li><li class=\"kompetenzen-item\" data-standort=\"470;471,470,473,474,472,471,475,476\"><a href=\"https:\/\/www.goehmann.de\/kompetenzen\/immobilien-und-baurecht\/\">Derecho inmobiliario y de la construcci\u00f3n<\/a><\/li><li class=\"kompetenzen-item\" data-standort=\"470,474,472,475,471,476,473\"><a href=\"https:\/\/www.goehmann.de\/kompetenzen\/arbeitsrecht\/\">Derecho laboral<\/a><\/li><li class=\"kompetenzen-item\" data-standort=\"475,470\"><a href=\"https:\/\/www.goehmann.de\/kompetenzen\/medizinrecht\/\">Derecho m\u00e9dico<\/a><\/li><li class=\"kompetenzen-item\" data-standort=\"474\"><a href=\"https:\/\/www.goehmann.de\/kompetenzen\/schwedisches-recht\/\">Derecho sueco<\/a><\/li><li class=\"kompetenzen-item\" data-standort=\"474\"><a href=\"https:\/\/www.goehmann.de\/kompetenzen\/steuerrecht\/\">Derecho tributario<\/a><\/li><li class=\"kompetenzen-item\" data-standort=\"471,474\"><a href=\"https:\/\/www.goehmann.de\/kompetenzen\/wirtschafts-und-steuerstrafrecht\/\">Derecho tributario y econ\u00f3mico<\/a><\/li><li class=\"kompetenzen-item\" data-standort=\"470;474,474,473,472\"><a href=\"https:\/\/www.goehmann.de\/kompetenzen\/internationales-wirtschaftsrecht\/\">Derechos econ\u00f3mico internacional<\/a><\/li><li class=\"kompetenzen-item\" data-standort=\"473,472,471,476,475,474,470;471\"><a href=\"https:\/\/www.goehmann.de\/kompetenzen\/vertrieb-handel-logistik\/\">Distribuci\u00f3n \/ Comercio \/ Log\u00edstica<\/a><\/li><li class=\"kompetenzen-item\" data-standort=\"474,470;471,470,473,471,472\"><a href=\"https:\/\/www.goehmann.de\/kompetenzen\/prozessfuehrung-schiedsgerichtsbarkeit-konfliktloesung\/\">Gu\u00eda de procesos, jurisdici\u00f3n arbitral, soluci\u00f3n de conflictos<\/a><\/li><li class=\"kompetenzen-item\" data-standort=\"470,475,473,472,471,474\"><a href=\"https:\/\/www.goehmann.de\/kompetenzen\/insolvenz-und-restrukturierung\/\">Insolvencia y reestructuraci\u00f3n<\/a><\/li><li class=\"kompetenzen-item\" data-standort=\"474,470;474,471,470\"><a href=\"https:\/\/www.goehmann.de\/kompetenzen\/compliance-untersuchungen\/\">Investigaci\u00f3n de cumplimento<\/a><\/li><li class=\"kompetenzen-item\" data-standort=\"470\"><a href=\"https:\/\/www.goehmann.de\/?post_type=kompetenzen&p=459\">Ley de construcci\u00f3n y planificaci\u00f3n p\u00fablica<\/a><\/li><li class=\"kompetenzen-item\" data-standort=\"\"><a href=\"https:\/\/www.goehmann.de\/?post_type=kompetenzen&p=460\">Ley de servicio p\u00fablico<\/a><\/li><li class=\"kompetenzen-item\" data-standort=\"471,474,473,475,470,472\"><a href=\"https:\/\/www.goehmann.de\/kompetenzen\/mergers-acquisitions\/\">Mergers & Acquisitions<\/a><\/li><li class=\"kompetenzen-item\" data-standort=\"473,474,471,472\"><a href=\"https:\/\/www.goehmann.de\/kompetenzen\/private-equity-venture-capital\/\">Private Equity & Venture Capital<\/a><\/li><li class=\"kompetenzen-item\" data-standort=\"470;474,472,474,470,473,471\"><a href=\"https:\/\/www.goehmann.de\/kompetenzen\/oeffentlicher-sektor\/\">Sector p\u00fablico<\/a><\/li><li class=\"kompetenzen-item\" data-standort=\"470;471,473,471,472,474\"><a href=\"https:\/\/www.goehmann.de\/kompetenzen\/notarielle-taetigkeit\/\">Servicios notariales<\/a><\/li><li class=\"kompetenzen-item\" data-standort=\"472,473,474,471,470\"><a href=\"https:\/\/www.goehmann.de\/kompetenzen\/nachfolge-vermoegen-stiftungen-private-clients\/\">Sucesi\u00f3n, fortuna, fundaciones, clientes privados<\/a><\/li><\/ul><\/div><script>\n\t\tfunction change_kompetenz_search(select){\n\t\t\telemente = document.getElementsByClassName(\"kompetenzen-item\");\n\t\t\tfor(let i = 0; i < elemente.length; i++){\n\t\t\t\tif(select.value != \"\" && elemente[i].dataset.standort.indexOf(select.value) == -1){\n\t\t\t\t\telemente[i].style.display = \"none\";\n\t\t\t\t}else{\n\t\t\t\t\telemente[i].style.display = \"list-item\";\n\t\t\t\t\teditLink(elemente[i].firstChild, select.value);\n\t\t\t\t}\n\t\t\t}\n\t\t}\n\t\tfunction editLink(link, searchName){\n\t\t\tlink.search = \"ort=\" + searchName;\n\t\t}\n\t\tdocument.addEventListener(\"DOMContentLoaded\", function(event) {\n\t\t\tif(document.getElementById(\"kompetenzenUebersicht\"))\n\t\t\t\tdocument.getElementById(\"kompetenz_search_dropdown\").selectedIndex = 0;\n\t\t\telse\n\t\t\t\tchange_kompetenz_search(document.getElementById(\"kompetenz_search_dropdown\"));\n\t\t});\n\t<\/script>\n<p>[\/et_pb_text][\/et_pb_column][\/et_pb_row][\/et_pb_section]<\/p>\n","protected":false},"excerpt":{"rendered":"<p>Asesoramiento jur\u00eddico al m\u00e1s alto nivel: excelentes conocimientos, soluciones individuales. La larga experiencia y los s\u00f3lidos conocimientos hacen de nosotros conocedores de todos los detalles de diferentes sectores. Inmobiliarias, bancos, seguros, comercio y econom\u00eda, medios de comunicaci\u00f3n e IT \u2013cada sector tiene caracter\u00edsticas absolutamente propias que exigen estrategias individuales. En relaciones de mandato personales y [&hellip;]<\/p>\n","protected":false},"author":1,"featured_media":0,"parent":0,"menu_order":0,"comment_status":"closed","ping_status":"closed","template":"","meta":{"_et_pb_use_builder":"on","_et_pb_old_content":"","_et_gb_content_width":"","inline_featured_image":false,"footnotes":""},"class_list":["post-122","page","type-page","status-publish","hentry"],"yoast_head":"<!-- This site is optimized with the Yoast SEO plugin v27.1.1 - https:\/\/yoast.com\/product\/yoast-seo-wordpress\/ -->\n<title>Competencias | protecci\u00f3n legal confiable en muchas industrias!<\/title>\n<meta name=\"description\" content=\"Gracias a muchos a\u00f1os de experiencia, somos expertos confiables en diversas industrias. As\u00ed es como nos aseguramos de poder asesorarle de manera competente.\" \/>\n<meta name=\"robots\" content=\"index, follow, max-snippet:-1, max-image-preview:large, max-video-preview:-1\" \/>\n<link rel=\"canonical\" href=\"https:\/\/www.goehmann.de\/es\/competencias\/\" \/>\n<meta property=\"og:locale\" content=\"es_ES\" \/>\n<meta property=\"og:type\" content=\"article\" \/>\n<meta property=\"og:title\" content=\"Competencias | protecci\u00f3n legal confiable en muchas industrias!\" \/>\n<meta property=\"og:description\" content=\"Gracias a muchos a\u00f1os de experiencia, somos expertos confiables en diversas industrias. As\u00ed es como nos aseguramos de poder asesorarle de manera competente.\" \/>\n<meta property=\"og:url\" content=\"https:\/\/www.goehmann.de\/es\/competencias\/\" \/>\n<meta property=\"og:site_name\" content=\"G\u00f6hmann\" \/>\n<meta property=\"article:modified_time\" content=\"2025-03-11T10:04:56+00:00\" \/>\n<meta name=\"twitter:card\" content=\"summary_large_image\" \/>\n<meta name=\"twitter:label1\" content=\"Tiempo de lectura\" \/>\n\t<meta name=\"twitter:data1\" content=\"2 minutos\" \/>\n<script type=\"application\/ld+json\" class=\"yoast-schema-graph\">{\"@context\":\"https:\/\/schema.org\",\"@graph\":[{\"@type\":\"WebPage\",\"@id\":\"https:\/\/www.goehmann.de\/es\/competencias\/\",\"url\":\"https:\/\/www.goehmann.de\/es\/competencias\/\",\"name\":\"Competencias | protecci\u00f3n legal confiable en muchas industrias!\",\"isPartOf\":{\"@id\":\"https:\/\/www.goehmann.de\/es\/#website\"},\"datePublished\":\"2020-07-01T15:27:53+00:00\",\"dateModified\":\"2025-03-11T10:04:56+00:00\",\"description\":\"Gracias a muchos a\u00f1os de experiencia, somos expertos confiables en diversas industrias. As\u00ed es como nos aseguramos de poder asesorarle de manera competente.\",\"breadcrumb\":{\"@id\":\"https:\/\/www.goehmann.de\/es\/competencias\/#breadcrumb\"},\"inLanguage\":\"es\",\"potentialAction\":[{\"@type\":\"ReadAction\",\"target\":[\"https:\/\/www.goehmann.de\/es\/competencias\/\"]}]},{\"@type\":\"BreadcrumbList\",\"@id\":\"https:\/\/www.goehmann.de\/es\/competencias\/#breadcrumb\",\"itemListElement\":[{\"@type\":\"ListItem\",\"position\":1,\"name\":\"Startseite\",\"item\":\"https:\/\/www.goehmann.de\/es\/\"},{\"@type\":\"ListItem\",\"position\":2,\"name\":\"Competencias\"}]},{\"@type\":\"WebSite\",\"@id\":\"https:\/\/www.goehmann.de\/es\/#website\",\"url\":\"https:\/\/www.goehmann.de\/es\/\",\"name\":\"G\u00f6hmann\",\"description\":\"Just another WordPress site\",\"potentialAction\":[{\"@type\":\"SearchAction\",\"target\":{\"@type\":\"EntryPoint\",\"urlTemplate\":\"https:\/\/www.goehmann.de\/es\/?s={search_term_string}\"},\"query-input\":{\"@type\":\"PropertyValueSpecification\",\"valueRequired\":true,\"valueName\":\"search_term_string\"}}],\"inLanguage\":\"es\"}]}<\/script>\n<!-- \/ Yoast SEO plugin. -->","yoast_head_json":{"title":"Competencias | protecci\u00f3n legal confiable en muchas industrias!","description":"Gracias a muchos a\u00f1os de experiencia, somos expertos confiables en diversas industrias. As\u00ed es como nos aseguramos de poder asesorarle de manera competente.","robots":{"index":"index","follow":"follow","max-snippet":"max-snippet:-1","max-image-preview":"max-image-preview:large","max-video-preview":"max-video-preview:-1"},"canonical":"https:\/\/www.goehmann.de\/es\/competencias\/","og_locale":"es_ES","og_type":"article","og_title":"Competencias | protecci\u00f3n legal confiable en muchas industrias!","og_description":"Gracias a muchos a\u00f1os de experiencia, somos expertos confiables en diversas industrias. As\u00ed es como nos aseguramos de poder asesorarle de manera competente.","og_url":"https:\/\/www.goehmann.de\/es\/competencias\/","og_site_name":"G\u00f6hmann","article_modified_time":"2025-03-11T10:04:56+00:00","twitter_card":"summary_large_image","twitter_misc":{"Tiempo de lectura":"2 minutos"},"schema":{"@context":"https:\/\/schema.org","@graph":[{"@type":"WebPage","@id":"https:\/\/www.goehmann.de\/es\/competencias\/","url":"https:\/\/www.goehmann.de\/es\/competencias\/","name":"Competencias | protecci\u00f3n legal confiable en muchas industrias!","isPartOf":{"@id":"https:\/\/www.goehmann.de\/es\/#website"},"datePublished":"2020-07-01T15:27:53+00:00","dateModified":"2025-03-11T10:04:56+00:00","description":"Gracias a muchos a\u00f1os de experiencia, somos expertos confiables en diversas industrias. As\u00ed es como nos aseguramos de poder asesorarle de manera competente.","breadcrumb":{"@id":"https:\/\/www.goehmann.de\/es\/competencias\/#breadcrumb"},"inLanguage":"es","potentialAction":[{"@type":"ReadAction","target":["https:\/\/www.goehmann.de\/es\/competencias\/"]}]},{"@type":"BreadcrumbList","@id":"https:\/\/www.goehmann.de\/es\/competencias\/#breadcrumb","itemListElement":[{"@type":"ListItem","position":1,"name":"Startseite","item":"https:\/\/www.goehmann.de\/es\/"},{"@type":"ListItem","position":2,"name":"Competencias"}]},{"@type":"WebSite","@id":"https:\/\/www.goehmann.de\/es\/#website","url":"https:\/\/www.goehmann.de\/es\/","name":"G\u00f6hmann","description":"Just another WordPress site","potentialAction":[{"@type":"SearchAction","target":{"@type":"EntryPoint","urlTemplate":"https:\/\/www.goehmann.de\/es\/?s={search_term_string}"},"query-input":{"@type":"PropertyValueSpecification","valueRequired":true,"valueName":"search_term_string"}}],"inLanguage":"es"}]}},"_links":{"self":[{"href":"https:\/\/www.goehmann.de\/es\/wp-json\/wp\/v2\/pages\/122","targetHints":{"allow":["GET"]}}],"collection":[{"href":"https:\/\/www.goehmann.de\/es\/wp-json\/wp\/v2\/pages"}],"about":[{"href":"https:\/\/www.goehmann.de\/es\/wp-json\/wp\/v2\/types\/page"}],"author":[{"embeddable":true,"href":"https:\/\/www.goehmann.de\/es\/wp-json\/wp\/v2\/users\/1"}],"replies":[{"embeddable":true,"href":"https:\/\/www.goehmann.de\/es\/wp-json\/wp\/v2\/comments?post=122"}],"version-history":[{"count":9,"href":"https:\/\/www.goehmann.de\/es\/wp-json\/wp\/v2\/pages\/122\/revisions"}],"predecessor-version":[{"id":5610,"href":"https:\/\/www.goehmann.de\/es\/wp-json\/wp\/v2\/pages\/122\/revisions\/5610"}],"wp:attachment":[{"href":"https:\/\/www.goehmann.de\/es\/wp-json\/wp\/v2\/media?parent=122"}],"curies":[{"name":"wp","href":"https:\/\/api.w.org\/{rel}","templated":true}]}}