{"id":1094,"date":"2020-08-20T15:45:29","date_gmt":"2020-08-20T13:45:29","guid":{"rendered":"https:\/\/www.goehmann.de\/history\/"},"modified":"2025-03-13T11:14:08","modified_gmt":"2025-03-13T10:14:08","slug":"history","status":"publish","type":"page","link":"https:\/\/www.goehmann.de\/en\/history\/","title":{"rendered":"History"},"content":{"rendered":"<p>[et_pb_section fb_built=&#8221;1&#8243; module_class=&#8221;headerbild&#8221; _builder_version=&#8221;4.27.4&#8243; _module_preset=&#8221;default&#8221; background_image=&#8221;https:\/\/www.goehmann.de\/wp-content\/uploads\/2025\/01\/Goehmann_Hannover_HR-18_bear_XL_2-scaled.jpg&#8221; hover_enabled=&#8221;0&#8243; global_colors_info=&#8221;{}&#8221; title_text=&#8221;Go\u0308hmann_Hannover_HR-18_bear_XL_2&#8243; sticky_enabled=&#8221;0&#8243;][et_pb_row _builder_version=&#8221;4.16&#8243; _module_preset=&#8221;default&#8221; global_colors_info=&#8221;{}&#8221;][et_pb_column type=&#8221;4_4&#8243; _builder_version=&#8221;4.16&#8243; _module_preset=&#8221;default&#8221; global_colors_info=&#8221;{}&#8221;][et_pb_divider show_divider=&#8221;off&#8221; _builder_version=&#8221;4.16&#8243; _module_preset=&#8221;default&#8221; height=&#8221;150px&#8221; global_colors_info=&#8221;{}&#8221;][\/et_pb_divider][et_pb_text _builder_version=&#8221;4.27.4&#8243; _module_preset=&#8221;default&#8221; background_enable_image=&#8221;off&#8221; hover_enabled=&#8221;0&#8243; global_colors_info=&#8221;{}&#8221; sticky_enabled=&#8221;0&#8243;][\/et_pb_text][et_pb_divider show_divider=&#8221;off&#8221; _builder_version=&#8221;4.16&#8243; _module_preset=&#8221;default&#8221; height=&#8221;50px&#8221; global_colors_info=&#8221;{}&#8221;][\/et_pb_divider][\/et_pb_column][\/et_pb_row][\/et_pb_section][et_pb_section fb_built=&#8221;1&#8243; _builder_version=&#8221;4.16&#8243; _module_preset=&#8221;default&#8221; global_colors_info=&#8221;{}&#8221;][et_pb_row _builder_version=&#8221;4.16&#8243; _module_preset=&#8221;default&#8221; global_colors_info=&#8221;{}&#8221;][et_pb_column type=&#8221;4_4&#8243; _builder_version=&#8221;4.16&#8243; _module_preset=&#8221;default&#8221; global_colors_info=&#8221;{}&#8221;][et_pb_text _builder_version=&#8221;4.16&#8243; _module_preset=&#8221;default&#8221; global_colors_info=&#8221;{}&#8221;]<\/p>\n<h1>International activities with regional roots.<\/h1>\n<p>G\u00d6HMANN evolved from the merger of reputable German law firms. We can trace our beginnings all the way back to 1879, when Lawyer Dr. Albrecht Bulle founded a law firm in <strong>Bremen<\/strong>. The firm earned a sterling reputation particularly in the fields of labour, company, and public law, and with its focus on notaryship. Today, it covers all fields of business law, in addition to Spanish law. There are currently two notaries at our Bremen office.<\/p>\n<p>The <strong>Hanover<\/strong> office was founded in 1925 by the lawyer and notary Dr. Paul Heesen. In 1949, the lawyer and notary Dr. Rudolf G\u00f6hmann, for whom our partnership is named today, joined the firm. The office established its reputation as a business law firm with a focus on notaryship, particularly in the fields of stock corporation law, property law, and industrial property rights. Today, there are 24 lawyers and 7 notaries working in Hanover.<\/p>\n<p>The <strong>Brunswick<\/strong> office also looks back on a history steeped in tradition. Even before World War One, the partnership of Dr. Elsmann Dr. Helms was founded from the law office of Dr. Arnold Roth. Our team of lawyers in Brunswick is known for business law expertise in all areas, particularly stock corporation law, building and architectural law, and industrial property rights. The office also has five notaries providing notary services.<\/p>\n<p>Starting in 1990, the <strong>Brunswick<\/strong> office handled a number of legal issues pertaining to German reunification, which in turn led to the founding of our Magdeburg office. Our team of lawyers in <strong>Magdeburg<\/strong> has earned an excellent reputation in the field of commercial and company law, labour law, property and building law, and energy law.<\/p>\n<p>The office in<strong> Frankfurt am Main<\/strong> has its roots in the reputable law firm of Kappus &amp; Hartmann. It was founded in 1957 by the long-time president of the Frankfurt Notarkammer (Notarial Association), Dr. Klaus-Dieter Hartmann. Our Frankfurt branch is known for decades of expertise in business, banking, and property law, and its focus on notarial activities. Today, 26 lawyers and four notaries are working in Frankfurt. From Frankfurt, the Berlin office was opened in 1994.<\/p>\n<p>Our branch in <strong>Barcelona<\/strong> was established more than 20 years ago. It represents many German, Spanish, and foreign companies on the Iberian Peninsula. Nearly all of the German and Spanish lawyers and abogados supporting our clients at the Barcelona office are bilingual and doubly qualified. This branch has particularly extensive experience in commercial, banking, and property law.<\/p>\n<p><strong>Nationwide presence, internationally connected.<\/strong><\/p>\n<p>Regional partnerships have been authorised in Germany since the 1990s. Four our law offices, this was the starting point of our partnership in its current form. One by one, the individual offices joined in order to benefit from mutual exchange and grow into a business law firm consulting on all facets of business law.<\/p>\n<p>As a first step, the Hanover and Brunswick offices merged in 1998. The Bremen office followed in 1999. This firm then merged with Kappus &amp; Hartmann of Frankfurt am Main in 2001.<\/p>\n<p>In 2007, the G\u00d6HMANN Rechtsanw\u00e4lte Abogados Advokat Steuerberater Partnerschaftsgesellschaft was founded, which operates under the name G\u00d6HMANN for short. In 2008, G\u00d6HMANN joined the international network of law firms Globalaw, so we can now offer our clients access to the largest network of leading business law firms.<\/p>\n<p>Today, G\u00d6HMANN is present at the seven locations Berlin, Brunswick, Bremen, Frankfurt am Main, Hannover, Magdeburg and Barcelona with its own law teams.<\/p>\n<p>[\/et_pb_text][\/et_pb_column][\/et_pb_row][\/et_pb_section]<\/p>\n","protected":false},"excerpt":{"rendered":"<p>International activities with regional roots. G\u00d6HMANN evolved from the merger of reputable German law firms. We can trace our beginnings all the way back to 1879, when Lawyer Dr. Albrecht Bulle founded a law firm in Bremen. The firm earned a sterling reputation particularly in the fields of labour, company, and public law, and with [&hellip;]<\/p>\n","protected":false},"author":1,"featured_media":0,"parent":0,"menu_order":0,"comment_status":"closed","ping_status":"closed","template":"","meta":{"_et_pb_use_builder":"on","_et_pb_old_content":"","_et_gb_content_width":"","inline_featured_image":false,"footnotes":""},"class_list":["post-1094","page","type-page","status-publish","hentry"],"yoast_head":"<!-- This site is optimized with the Yoast SEO plugin v27.4 - https:\/\/yoast.com\/product\/yoast-seo-wordpress\/ -->\n<title>History of G\u00f6hmann | There for you regionally and internationally<\/title>\n<meta name=\"description\" content=\"We have been there for our clients for a long time. We represent our clients both regionally and internationally. Make an appointment today!\" \/>\n<meta name=\"robots\" content=\"index, follow, max-snippet:-1, max-image-preview:large, max-video-preview:-1\" \/>\n<link rel=\"canonical\" href=\"https:\/\/www.goehmann.de\/en\/history\/\" \/>\n<meta property=\"og:locale\" content=\"en_US\" \/>\n<meta property=\"og:type\" content=\"article\" \/>\n<meta property=\"og:title\" content=\"History of G\u00f6hmann | There for you regionally and internationally\" \/>\n<meta property=\"og:description\" content=\"We have been there for our clients for a long time. We represent our clients both regionally and internationally. Make an appointment today!\" \/>\n<meta property=\"og:url\" content=\"https:\/\/www.goehmann.de\/en\/history\/\" \/>\n<meta property=\"og:site_name\" content=\"G\u00f6hmann\" \/>\n<meta property=\"article:modified_time\" content=\"2025-03-13T10:14:08+00:00\" \/>\n<meta name=\"twitter:card\" content=\"summary_large_image\" \/>\n<meta name=\"twitter:label1\" content=\"Est. reading time\" \/>\n\t<meta name=\"twitter:data1\" content=\"4 minutes\" \/>\n<script type=\"application\/ld+json\" class=\"yoast-schema-graph\">{\"@context\":\"https:\\\/\\\/schema.org\",\"@graph\":[{\"@type\":\"WebPage\",\"@id\":\"https:\\\/\\\/www.goehmann.de\\\/en\\\/history\\\/\",\"url\":\"https:\\\/\\\/www.goehmann.de\\\/en\\\/history\\\/\",\"name\":\"History of G\u00f6hmann | There for you regionally and internationally\",\"isPartOf\":{\"@id\":\"https:\\\/\\\/www.goehmann.de\\\/en\\\/#website\"},\"datePublished\":\"2020-08-20T13:45:29+00:00\",\"dateModified\":\"2025-03-13T10:14:08+00:00\",\"description\":\"We have been there for our clients for a long time. We represent our clients both regionally and internationally. Make an appointment today!\",\"breadcrumb\":{\"@id\":\"https:\\\/\\\/www.goehmann.de\\\/en\\\/history\\\/#breadcrumb\"},\"inLanguage\":\"en-US\",\"potentialAction\":[{\"@type\":\"ReadAction\",\"target\":[\"https:\\\/\\\/www.goehmann.de\\\/en\\\/history\\\/\"]}]},{\"@type\":\"BreadcrumbList\",\"@id\":\"https:\\\/\\\/www.goehmann.de\\\/en\\\/history\\\/#breadcrumb\",\"itemListElement\":[{\"@type\":\"ListItem\",\"position\":1,\"name\":\"Startseite\",\"item\":\"https:\\\/\\\/www.goehmann.de\\\/en\\\/\"},{\"@type\":\"ListItem\",\"position\":2,\"name\":\"History\"}]},{\"@type\":\"WebSite\",\"@id\":\"https:\\\/\\\/www.goehmann.de\\\/en\\\/#website\",\"url\":\"https:\\\/\\\/www.goehmann.de\\\/en\\\/\",\"name\":\"G\u00f6hmann\",\"description\":\"Just another WordPress site\",\"potentialAction\":[{\"@type\":\"SearchAction\",\"target\":{\"@type\":\"EntryPoint\",\"urlTemplate\":\"https:\\\/\\\/www.goehmann.de\\\/en\\\/?s={search_term_string}\"},\"query-input\":{\"@type\":\"PropertyValueSpecification\",\"valueRequired\":true,\"valueName\":\"search_term_string\"}}],\"inLanguage\":\"en-US\"}]}<\/script>\n<!-- \/ Yoast SEO plugin. -->","yoast_head_json":{"title":"History of G\u00f6hmann | There for you regionally and internationally","description":"We have been there for our clients for a long time. We represent our clients both regionally and internationally. Make an appointment today!","robots":{"index":"index","follow":"follow","max-snippet":"max-snippet:-1","max-image-preview":"max-image-preview:large","max-video-preview":"max-video-preview:-1"},"canonical":"https:\/\/www.goehmann.de\/en\/history\/","og_locale":"en_US","og_type":"article","og_title":"History of G\u00f6hmann | There for you regionally and internationally","og_description":"We have been there for our clients for a long time. We represent our clients both regionally and internationally. Make an appointment today!","og_url":"https:\/\/www.goehmann.de\/en\/history\/","og_site_name":"G\u00f6hmann","article_modified_time":"2025-03-13T10:14:08+00:00","twitter_card":"summary_large_image","twitter_misc":{"Est. reading time":"4 minutes"},"schema":{"@context":"https:\/\/schema.org","@graph":[{"@type":"WebPage","@id":"https:\/\/www.goehmann.de\/en\/history\/","url":"https:\/\/www.goehmann.de\/en\/history\/","name":"History of G\u00f6hmann | There for you regionally and internationally","isPartOf":{"@id":"https:\/\/www.goehmann.de\/en\/#website"},"datePublished":"2020-08-20T13:45:29+00:00","dateModified":"2025-03-13T10:14:08+00:00","description":"We have been there for our clients for a long time. We represent our clients both regionally and internationally. Make an appointment today!","breadcrumb":{"@id":"https:\/\/www.goehmann.de\/en\/history\/#breadcrumb"},"inLanguage":"en-US","potentialAction":[{"@type":"ReadAction","target":["https:\/\/www.goehmann.de\/en\/history\/"]}]},{"@type":"BreadcrumbList","@id":"https:\/\/www.goehmann.de\/en\/history\/#breadcrumb","itemListElement":[{"@type":"ListItem","position":1,"name":"Startseite","item":"https:\/\/www.goehmann.de\/en\/"},{"@type":"ListItem","position":2,"name":"History"}]},{"@type":"WebSite","@id":"https:\/\/www.goehmann.de\/en\/#website","url":"https:\/\/www.goehmann.de\/en\/","name":"G\u00f6hmann","description":"Just another WordPress site","potentialAction":[{"@type":"SearchAction","target":{"@type":"EntryPoint","urlTemplate":"https:\/\/www.goehmann.de\/en\/?s={search_term_string}"},"query-input":{"@type":"PropertyValueSpecification","valueRequired":true,"valueName":"search_term_string"}}],"inLanguage":"en-US"}]}},"_links":{"self":[{"href":"https:\/\/www.goehmann.de\/en\/wp-json\/wp\/v2\/pages\/1094","targetHints":{"allow":["GET"]}}],"collection":[{"href":"https:\/\/www.goehmann.de\/en\/wp-json\/wp\/v2\/pages"}],"about":[{"href":"https:\/\/www.goehmann.de\/en\/wp-json\/wp\/v2\/types\/page"}],"author":[{"embeddable":true,"href":"https:\/\/www.goehmann.de\/en\/wp-json\/wp\/v2\/users\/1"}],"replies":[{"embeddable":true,"href":"https:\/\/www.goehmann.de\/en\/wp-json\/wp\/v2\/comments?post=1094"}],"version-history":[{"count":8,"href":"https:\/\/www.goehmann.de\/en\/wp-json\/wp\/v2\/pages\/1094\/revisions"}],"predecessor-version":[{"id":5714,"href":"https:\/\/www.goehmann.de\/en\/wp-json\/wp\/v2\/pages\/1094\/revisions\/5714"}],"wp:attachment":[{"href":"https:\/\/www.goehmann.de\/en\/wp-json\/wp\/v2\/media?parent=1094"}],"curies":[{"name":"wp","href":"https:\/\/api.w.org\/{rel}","templated":true}]}}